{"id":8190,"date":"2023-09-26T15:14:58","date_gmt":"2023-09-26T19:14:58","guid":{"rendered":"https:\/\/www.passport-helico.com\/privacy-policy-2\/"},"modified":"2023-09-26T15:21:34","modified_gmt":"2023-09-26T19:21:34","slug":"privacy-policy","status":"publish","type":"page","link":"https:\/\/www.passport-helico.com\/en\/privacy-policy\/","title":{"rendered":"Privacy Policy"},"content":{"rendered":"<\/p>\n<div class='flex_column av-2nglph-4c946908882e9ad6c5b148d03cb1d958 av_one_full  avia-builder-el-0  el_before_av_hr  avia-builder-el-first  first flex_column_div '     ><section  class='av_textblock_section av-lmtczv60-f464602f6c23b5a8adcd6a69cb822a09'  itemscope=\"itemscope\" itemtype=\"https:\/\/schema.org\/CreativeWork\" ><div class='avia_textblock'  itemprop=\"text\" ><h1>Privacy Policy<\/h1>\n<\/div><\/section><\/div>\n<div  class='hr av-2df0qd-1aa45e8d19e9392f04d111b674ba4e85 hr-default  avia-builder-el-2  el_after_av_one_full  el_before_av_textblock '><span class='hr-inner '><span class=\"hr-inner-style\"><\/span><\/span><\/div>\n<section  class='av_textblock_section av-lmtd7768-695e216b573f23a4635c1c63338f3c7d'  itemscope=\"itemscope\" itemtype=\"https:\/\/schema.org\/CreativeWork\" ><div class='avia_textblock'  itemprop=\"text\" ><ul>\n<li><a href=\"#engagement\">1. Our commitment<\/a><\/li>\n<li><a href=\"#collecte\">2. Collection of information<\/a><\/li>\n<li><a href=\"#partage\">3. Sharing your data<\/a><\/li>\n<li><a href=\"#consentement\">4. Consent to promotional communications<\/a><\/li>\n<li><a href=\"#droits\">5. Your rights<\/a><\/li>\n<li><a href=\"#conservation\">6. Conservation and security of your information<\/a><\/li>\n<li><a href=\"#modifications\">7. Changes and updates to the policy<\/a><\/li>\n<li><a href=\"#contact\">8. How to contact us<\/a><\/li>\n<\/ul>\n<h3 id=\"engagement\">1. Our commitment<\/h3>\n<p>At Passport H\u00e9lico, we know how important maintaining privacy is; it is one of our priorities.<\/p>\n<p>So, to be as transparent as possible, we have developed this policy regarding the protection of privacy. You will find within this our practices regarding collecting, use, storage and processing of your personal information when you use our site and our services. In addition, it states your rights relating to our possession of your information. You can find everything in the following sections of the policy:<br \/>\n1. Collection of information<br \/>\n2. Sharing your data<br \/>\n3. Consent to promotional communications<br \/>\n4. Your rights<br \/>\n5. Retention and security of your information<br \/>\n6. Changes and Updates<br \/>\nWe use the term \u201csite\u201d to refer to the website operated by Passport H\u00e9lico, the subdomains and the content thereof. As for the term \u201cservices\u201d, it is used to talk about the services we offer.<\/p>\n<p>If you disagree with part or all this Policy, please do not use or consult our site and our services.<\/p>\n<p>Our services<\/p>\n<p>The notion of \u201cservices\u201d is used to talk about the services we offer, such as: Helicopter pilot training programs; Helicopter operational contracts; Chartered flights and tourist flights; Helicopter maintenance.<\/p>\n<h3 id=\"collecte\">2. Collecting information<\/h3>\n<p>The information we collect about you depends entirely on the interactions you have with us. Moreover, it may be useful for you to know that at any time you can decide not to provide the requested information. However, in this case, you may not have access to certain services or information that you may desire.<\/p>\n<p><strong>Personal information collected :<\/strong><br \/>\nWe may collect some basic information about you during a quote request, a request for our services or any other specific request. Additionally, we do not keep a history of your interactions and transactions with us.<br \/>\nHere is the list of information that may be collected about you:<br \/>\n&#8211; Name, first name, title, address, telephone number, email address<\/p>\n<p><strong>Forms and interactivity :<\/strong><br \/>\nThe personal information we collect is collected through forms and through the interactivity established between you and our website. We also use, as indicated in the following section, cookies and\/or log files to gather information about you.<br \/>\n&#8211; Order Form<\/p>\n<p><strong>Cookies :<\/strong><br \/>\nCookies are small text files that websites automatically install on the computers of visitors. It is important to note that none of these cookies is linked to a natural person or allows users to be identified.<\/p>\n<p>Most search browsers have a functionality that allows you to prevent or destroy the installation of cookies.<\/p>\n<p>We only use cookies that are used for the proper functioning of our site<\/p>\n<h3 id=\"partage\">3. Sharing your data<\/h3>\n<p>We will only share your data for the reasons listed below and we assure you that we will not sell, provide or exchange your information for profitable purposes.<\/p>\n<p><strong>Third Party Service Providers :<\/strong><br \/>\nWe deal with third-party providers to obtain data hosting, as well as for payment processing. Moreover, the information that we collect is stored on cloud databases belonging to our data hosting provider. It only accesses your information for the purposes of storing and retrieving it. Whereas, for the payment processing provider, we undertake to only share your information with them when it is necessary for their services. We have ensured, by contract, that they have put in place adequate measures to protect your data.<\/p>\n<p><strong>With your consent :<\/strong><br \/>\nWe may, when you give us your permission, share your information. For example, we could publish a testimonial on our website, accompanied by the name of someone satisfied with one of our services.<\/p>\n<p><strong>Change within the company :<\/strong><br \/>\nIf Passport H\u00e9lico is involved in an asset transaction or merger, bankruptcy proceeding, reorganization, or other action resulting in a change in the disposition of control of the company, your information may be communicated to persons involved in this transaction. Obviously, in these situations, we will take measures, as far as possible, to share as little personal information as possible while ensuring the greatest security and confidentiality.<\/p>\n<h3 id=\"consentement\">4. Consent to promotional communications<\/h3>\n<p>Promotional email : We will not send you any promotional emails<\/p>\n<h3 id=\"droits\">5. Your rights<\/h3>\n<p><strong>According to the law :<\/strong><br \/>\nYou have certain rights over the personal information we hold about you. You can claim them by contacting us by email. Please note that all requests will be processed in less than 30 days and free of charge.<br \/>\nEmail address for request : <a href=\"&#x6d;&#97;i&#x6c;&#116;&#111;&#x3a;&#x69;&#110;f&#x6f;&#64;p&#x61;&#x73;&#115;p&#x6f;&#114;t&#x2d;&#x68;&#101;l&#x69;&#99;o&#x2e;&#x63;&#111;m\">&#105;&#x6e;&#102;&#x6f;&#64;&#x70;a&#115;&#x73;&#112;&#x6f;r&#x74;-&#104;&#x65;&#108;&#x69;c&#x6f;&#46;&#99;&#x6f;&#109;<\/a><\/p>\n<p><strong>Right to close an account :<\/strong><br \/>\nYou have the right, at any time, to close a non-administered account within one of our services, provided that your account is in good standing. To close one of your user accounts, you will need to complete an account closure form with our customer service at the following link: <a href=\"&#x6d;&#x61;&#105;l&#x74;&#x6f;&#x3a;&#105;n&#x66;&#x6f;&#x40;&#112;a&#x73;&#x73;&#x70;&#111;r&#x74;&#x2d;&#x68;&#101;l&#x69;&#x63;&#x6f;&#46;c&#x6f;&#x6d;\">&#105;&#x6e;&#x66;o&#64;&#x70;a&#115;&#x73;&#x70;o&#114;&#x74;-&#104;&#x65;&#x6c;i&#99;&#x6f;&#46;&#99;&#x6f;&#x6d;<\/a><\/p>\n<h3 id=\"conservation\">6. Conservation and security of your information<\/h3>\n<p>Unless you ask us to erase or destroy your personal information, we only keep it for as long as necessary to fulfill the purposes for which it was collected. We may also retain some information for various legal reasons. This information will be treated according to this policy, as well as the laws in place.<\/p>\n<p><strong>Security measures in place to protect personal information :<\/strong><br \/>\nThe personal information we collect is stored in a secure environment. People working for us are required to respect the confidentiality of your information. To ensure the security of your personal information, we use the following measures:<br \/>\n&#8211; Physical measures (surveillance camera, alarm system, code, etc.)<br \/>\n&#8211; Technical measures (prevention with employees, access management, subnetwork separation, etc.)<br \/>\n&#8211; Firewall<br \/>\n&#8211; SSL protocol<br \/>\n&#8211; Computer backup<br \/>\n&#8211; Username\/password<\/p>\n<h3 id=\"modifications\">7. Changes and updates to the policy<\/h3>\n<p><strong>Legislation :<\/strong><br \/>\nWe undertake to periodically review this policy; in which case we will modify the date indicated at the bottom of it. We therefore advise you to consult our policy from time to time to see if any changes have been made. If you do not agree with one or more parts of our policy, please do not use our site and services. We undertake to respect the legislative provisions set out in :<br \/>\n&#8211; Law of the Province of Quebec<\/p>\n<h3 id=\"contact\">8. How to contact us<\/h3>\n<p><strong>Director of Privacy Protection :<\/strong><br \/>\nPassport H\u00e9lico acts as responsible for the personal information that you have transmitted to us, so if you have any doubts or questions regarding the management of this, please contact our Director of Privacy Protection at the address below:<br \/>\n<strong>Our address :<\/strong><br \/>\nPaul G\u00e9linas,<br \/>\n3320, avenue de la Gare #10,<br \/>\nMascouche J7K 3C1<br \/>\n<a href=\"mailto&#58;&#112;&#103;&#101;&#108;&#105;&#110;&#x61;&#x73;&#x40;&#x70;&#x61;&#x73;&#x73;&#x70;&#x6f;&#x72;&#x74;&#x2d;helico&#46;&#99;&#111;&#109;\">&#x70;&#103;&#x65;&#108;i&#x6e;&#97;s&#x40;&#112;&#x61;&#x73;s&#x70;&#111;r&#x74;&#45;&#x68;&#x65;l&#x69;&#99;o&#x2e;&#99;o&#x6d;<\/a><br \/>\n450-474-4888<\/p>\n<p><strong>Modified on :<\/strong> 2023-09-18<\/p>\n<p><strong>Powered by :<\/strong><\/p>\n<p><strong><a href=\"https:\/\/www.loi25solution.com\/\" target=\"_blank\" rel=\"noopener\"><img loading=\"lazy\" decoding=\"async\" class=\"alignnone wp-image-8155 size-full\" title=\"loi25solution\" src=\"https:\/\/www.passport-helico.com\/wp-content\/uploads\/2023\/09\/loi25solution.png\" alt=\"\" width=\"397\" height=\"130\" srcset=\"https:\/\/www.passport-helico.com\/wp-content\/uploads\/2023\/09\/loi25solution.png 397w, https:\/\/www.passport-helico.com\/wp-content\/uploads\/2023\/09\/loi25solution-300x98.png 300w\" sizes=\"auto, (max-width: 397px) 100vw, 397px\" \/><\/a><\/strong><\/p>\n<\/div><\/section>\n","protected":false},"excerpt":{"rendered":"","protected":false},"author":5,"featured_media":0,"parent":0,"menu_order":0,"comment_status":"closed","ping_status":"closed","template":"","meta":{"footnotes":""},"class_list":["post-8190","page","type-page","status-publish","hentry"],"yoast_head":"<!-- This site is optimized with the Yoast SEO plugin v26.8 - https:\/\/yoast.com\/product\/yoast-seo-wordpress\/ -->\n<title>Privacy Policy - Passport H\u00e9lico - \u00c9cole de pilotage Exploitant a\u00e9rien<\/title>\n<meta name=\"robots\" content=\"index, follow, max-snippet:-1, max-image-preview:large, max-video-preview:-1\" \/>\n<link rel=\"canonical\" href=\"https:\/\/www.passport-helico.com\/en\/privacy-policy\/\" \/>\n<meta property=\"og:locale\" content=\"en_US\" \/>\n<meta property=\"og:type\" content=\"article\" \/>\n<meta property=\"og:title\" content=\"Privacy Policy - Passport H\u00e9lico - \u00c9cole de pilotage Exploitant a\u00e9rien\" \/>\n<meta property=\"og:url\" content=\"https:\/\/www.passport-helico.com\/en\/privacy-policy\/\" \/>\n<meta property=\"og:site_name\" content=\"Passport H\u00e9lico - \u00c9cole de pilotage Exploitant a\u00e9rien\" \/>\n<meta property=\"article:publisher\" content=\"https:\/\/www.facebook.com\/Passport-H%c3%a9lico-8001990821\/?ref=br_rs\" \/>\n<meta property=\"article:modified_time\" content=\"2023-09-26T19:21:34+00:00\" \/>\n<meta property=\"og:image\" content=\"https:\/\/www.passport-helico.com\/wp-content\/uploads\/2023\/09\/loi25solution.png\" \/>\n<meta name=\"twitter:card\" content=\"summary_large_image\" \/>\n<meta name=\"twitter:label1\" content=\"Est. reading time\" \/>\n\t<meta name=\"twitter:data1\" content=\"7 minutes\" \/>\n<script type=\"application\/ld+json\" class=\"yoast-schema-graph\">{\"@context\":\"https:\/\/schema.org\",\"@graph\":[{\"@type\":\"WebPage\",\"@id\":\"https:\/\/www.passport-helico.com\/en\/privacy-policy\/\",\"url\":\"https:\/\/www.passport-helico.com\/en\/privacy-policy\/\",\"name\":\"Privacy Policy - Passport H\u00e9lico - \u00c9cole de pilotage Exploitant a\u00e9rien\",\"isPartOf\":{\"@id\":\"https:\/\/www.passport-helico.com\/en\/#website\"},\"primaryImageOfPage\":{\"@id\":\"https:\/\/www.passport-helico.com\/en\/privacy-policy\/#primaryimage\"},\"image\":{\"@id\":\"https:\/\/www.passport-helico.com\/en\/privacy-policy\/#primaryimage\"},\"thumbnailUrl\":\"https:\/\/www.passport-helico.com\/wp-content\/uploads\/2023\/09\/loi25solution.png\",\"datePublished\":\"2023-09-26T19:14:58+00:00\",\"dateModified\":\"2023-09-26T19:21:34+00:00\",\"breadcrumb\":{\"@id\":\"https:\/\/www.passport-helico.com\/en\/privacy-policy\/#breadcrumb\"},\"inLanguage\":\"en-US\",\"potentialAction\":[{\"@type\":\"ReadAction\",\"target\":[\"https:\/\/www.passport-helico.com\/en\/privacy-policy\/\"]}]},{\"@type\":\"ImageObject\",\"inLanguage\":\"en-US\",\"@id\":\"https:\/\/www.passport-helico.com\/en\/privacy-policy\/#primaryimage\",\"url\":\"https:\/\/www.passport-helico.com\/wp-content\/uploads\/2023\/09\/loi25solution.png\",\"contentUrl\":\"https:\/\/www.passport-helico.com\/wp-content\/uploads\/2023\/09\/loi25solution.png\"},{\"@type\":\"BreadcrumbList\",\"@id\":\"https:\/\/www.passport-helico.com\/en\/privacy-policy\/#breadcrumb\",\"itemListElement\":[{\"@type\":\"ListItem\",\"position\":1,\"name\":\"Home\",\"item\":\"https:\/\/www.passport-helico.com\/en\/\"},{\"@type\":\"ListItem\",\"position\":2,\"name\":\"Privacy Policy\"}]},{\"@type\":\"WebSite\",\"@id\":\"https:\/\/www.passport-helico.com\/en\/#website\",\"url\":\"https:\/\/www.passport-helico.com\/en\/\",\"name\":\"Passport H\u00e9lico - \u00c9cole de pilotage Exploitant a\u00e9rien\",\"description\":\"Un site utilisant WordPress\",\"publisher\":{\"@id\":\"https:\/\/www.passport-helico.com\/en\/#organization\"},\"potentialAction\":[{\"@type\":\"SearchAction\",\"target\":{\"@type\":\"EntryPoint\",\"urlTemplate\":\"https:\/\/www.passport-helico.com\/en\/?s={search_term_string}\"},\"query-input\":{\"@type\":\"PropertyValueSpecification\",\"valueRequired\":true,\"valueName\":\"search_term_string\"}}],\"inLanguage\":\"en-US\"},{\"@type\":\"Organization\",\"@id\":\"https:\/\/www.passport-helico.com\/en\/#organization\",\"name\":\"Passport H\u00e9lico\",\"url\":\"https:\/\/www.passport-helico.com\/en\/\",\"logo\":{\"@type\":\"ImageObject\",\"inLanguage\":\"en-US\",\"@id\":\"https:\/\/www.passport-helico.com\/en\/#\/schema\/logo\/image\/\",\"url\":\"https:\/\/www.passport-helico.com\/wp-content\/uploads\/2020\/03\/PassportHelico_logo_3.png\",\"contentUrl\":\"https:\/\/www.passport-helico.com\/wp-content\/uploads\/2020\/03\/PassportHelico_logo_3.png\",\"width\":703,\"height\":288,\"caption\":\"Passport H\u00e9lico\"},\"image\":{\"@id\":\"https:\/\/www.passport-helico.com\/en\/#\/schema\/logo\/image\/\"},\"sameAs\":[\"https:\/\/www.facebook.com\/Passport-H\u00e9lico-8001990821\/?ref=br_rs\",\"https:\/\/www.instagram.com\/passport.helico\/\",\"https:\/\/www.youtube.com\/channel\/UCaWk_PFpUUci--PVSctu_1w\"]}]}<\/script>\n<!-- \/ Yoast SEO plugin. -->","yoast_head_json":{"title":"Privacy Policy - Passport H\u00e9lico - \u00c9cole de pilotage Exploitant a\u00e9rien","robots":{"index":"index","follow":"follow","max-snippet":"max-snippet:-1","max-image-preview":"max-image-preview:large","max-video-preview":"max-video-preview:-1"},"canonical":"https:\/\/www.passport-helico.com\/en\/privacy-policy\/","og_locale":"en_US","og_type":"article","og_title":"Privacy Policy - Passport H\u00e9lico - \u00c9cole de pilotage Exploitant a\u00e9rien","og_url":"https:\/\/www.passport-helico.com\/en\/privacy-policy\/","og_site_name":"Passport H\u00e9lico - \u00c9cole de pilotage Exploitant a\u00e9rien","article_publisher":"https:\/\/www.facebook.com\/Passport-H%c3%a9lico-8001990821\/?ref=br_rs","article_modified_time":"2023-09-26T19:21:34+00:00","og_image":[{"url":"https:\/\/www.passport-helico.com\/wp-content\/uploads\/2023\/09\/loi25solution.png","type":"","width":"","height":""}],"twitter_card":"summary_large_image","twitter_misc":{"Est. reading time":"7 minutes"},"schema":{"@context":"https:\/\/schema.org","@graph":[{"@type":"WebPage","@id":"https:\/\/www.passport-helico.com\/en\/privacy-policy\/","url":"https:\/\/www.passport-helico.com\/en\/privacy-policy\/","name":"Privacy Policy - Passport H\u00e9lico - \u00c9cole de pilotage Exploitant a\u00e9rien","isPartOf":{"@id":"https:\/\/www.passport-helico.com\/en\/#website"},"primaryImageOfPage":{"@id":"https:\/\/www.passport-helico.com\/en\/privacy-policy\/#primaryimage"},"image":{"@id":"https:\/\/www.passport-helico.com\/en\/privacy-policy\/#primaryimage"},"thumbnailUrl":"https:\/\/www.passport-helico.com\/wp-content\/uploads\/2023\/09\/loi25solution.png","datePublished":"2023-09-26T19:14:58+00:00","dateModified":"2023-09-26T19:21:34+00:00","breadcrumb":{"@id":"https:\/\/www.passport-helico.com\/en\/privacy-policy\/#breadcrumb"},"inLanguage":"en-US","potentialAction":[{"@type":"ReadAction","target":["https:\/\/www.passport-helico.com\/en\/privacy-policy\/"]}]},{"@type":"ImageObject","inLanguage":"en-US","@id":"https:\/\/www.passport-helico.com\/en\/privacy-policy\/#primaryimage","url":"https:\/\/www.passport-helico.com\/wp-content\/uploads\/2023\/09\/loi25solution.png","contentUrl":"https:\/\/www.passport-helico.com\/wp-content\/uploads\/2023\/09\/loi25solution.png"},{"@type":"BreadcrumbList","@id":"https:\/\/www.passport-helico.com\/en\/privacy-policy\/#breadcrumb","itemListElement":[{"@type":"ListItem","position":1,"name":"Home","item":"https:\/\/www.passport-helico.com\/en\/"},{"@type":"ListItem","position":2,"name":"Privacy Policy"}]},{"@type":"WebSite","@id":"https:\/\/www.passport-helico.com\/en\/#website","url":"https:\/\/www.passport-helico.com\/en\/","name":"Passport H\u00e9lico - \u00c9cole de pilotage Exploitant a\u00e9rien","description":"Un site utilisant WordPress","publisher":{"@id":"https:\/\/www.passport-helico.com\/en\/#organization"},"potentialAction":[{"@type":"SearchAction","target":{"@type":"EntryPoint","urlTemplate":"https:\/\/www.passport-helico.com\/en\/?s={search_term_string}"},"query-input":{"@type":"PropertyValueSpecification","valueRequired":true,"valueName":"search_term_string"}}],"inLanguage":"en-US"},{"@type":"Organization","@id":"https:\/\/www.passport-helico.com\/en\/#organization","name":"Passport H\u00e9lico","url":"https:\/\/www.passport-helico.com\/en\/","logo":{"@type":"ImageObject","inLanguage":"en-US","@id":"https:\/\/www.passport-helico.com\/en\/#\/schema\/logo\/image\/","url":"https:\/\/www.passport-helico.com\/wp-content\/uploads\/2020\/03\/PassportHelico_logo_3.png","contentUrl":"https:\/\/www.passport-helico.com\/wp-content\/uploads\/2020\/03\/PassportHelico_logo_3.png","width":703,"height":288,"caption":"Passport H\u00e9lico"},"image":{"@id":"https:\/\/www.passport-helico.com\/en\/#\/schema\/logo\/image\/"},"sameAs":["https:\/\/www.facebook.com\/Passport-H\u00e9lico-8001990821\/?ref=br_rs","https:\/\/www.instagram.com\/passport.helico\/","https:\/\/www.youtube.com\/channel\/UCaWk_PFpUUci--PVSctu_1w"]}]}},"_links":{"self":[{"href":"https:\/\/www.passport-helico.com\/en\/wp-json\/wp\/v2\/pages\/8190","targetHints":{"allow":["GET"]}}],"collection":[{"href":"https:\/\/www.passport-helico.com\/en\/wp-json\/wp\/v2\/pages"}],"about":[{"href":"https:\/\/www.passport-helico.com\/en\/wp-json\/wp\/v2\/types\/page"}],"author":[{"embeddable":true,"href":"https:\/\/www.passport-helico.com\/en\/wp-json\/wp\/v2\/users\/5"}],"replies":[{"embeddable":true,"href":"https:\/\/www.passport-helico.com\/en\/wp-json\/wp\/v2\/comments?post=8190"}],"version-history":[{"count":10,"href":"https:\/\/www.passport-helico.com\/en\/wp-json\/wp\/v2\/pages\/8190\/revisions"}],"predecessor-version":[{"id":8200,"href":"https:\/\/www.passport-helico.com\/en\/wp-json\/wp\/v2\/pages\/8190\/revisions\/8200"}],"wp:attachment":[{"href":"https:\/\/www.passport-helico.com\/en\/wp-json\/wp\/v2\/media?parent=8190"}],"curies":[{"name":"wp","href":"https:\/\/api.w.org\/{rel}","templated":true}]}}