{"id":3072,"date":"2021-01-07T15:02:04","date_gmt":"2021-01-07T15:02:04","guid":{"rendered":"http:\/\/passporthelico.appwapp.com\/activities\/"},"modified":"2022-12-08T16:00:01","modified_gmt":"2022-12-08T21:00:01","slug":"activities","status":"publish","type":"page","link":"https:\/\/www.passport-helico.com\/en\/activities\/","title":{"rendered":"Activities"},"content":{"rendered":"\n<style type=\"text\/css\" data-created_by=\"avia_inline_auto\" id=\"style-css-av-kiuk1wrh-f332948d56a35884b6aa751fd7602a79\">\n.avia-image-container.av-kiuk1wrh-f332948d56a35884b6aa751fd7602a79 img.avia_image{\nbox-shadow:none;\n}\n.avia-image-container.av-kiuk1wrh-f332948d56a35884b6aa751fd7602a79 .av-image-caption-overlay-center{\ncolor:#ffffff;\n}\n<\/style>\n<div  class='avia-image-container av-kiuk1wrh-f332948d56a35884b6aa751fd7602a79 av-styling- avia-align-center  avia-builder-el-0  el_before_av_hr  avia-builder-el-first '   itemprop=\"image\" itemscope=\"itemscope\" itemtype=\"https:\/\/schema.org\/ImageObject\" ><div class=\"avia-image-container-inner\"><div class=\"avia-image-overlay-wrap\"><img decoding=\"async\" class='wp-image-2503 avia-img-lazy-loading-not-2503 avia_image ' src=\"https:\/\/www.passport-helico.com\/wp-content\/uploads\/2020\/12\/Logo_live-session-300x72.png\" alt='' title='Logo_live-session'  height=\"72\" width=\"300\"  itemprop=\"thumbnailUrl\" srcset=\"https:\/\/www.passport-helico.com\/wp-content\/uploads\/2020\/12\/Logo_live-session-300x72.png 300w, https:\/\/www.passport-helico.com\/wp-content\/uploads\/2020\/12\/Logo_live-session-768x186.png 768w, https:\/\/www.passport-helico.com\/wp-content\/uploads\/2020\/12\/Logo_live-session-705x170.png 705w, https:\/\/www.passport-helico.com\/wp-content\/uploads\/2020\/12\/Logo_live-session.png 865w\" sizes=\"(max-width: 300px) 100vw, 300px\" \/><\/div><\/div><\/div>\n\n<style type=\"text\/css\" data-created_by=\"avia_inline_auto\" id=\"style-css-av-kiukj5j8-576c8ef7a8afafff27ee715b810bfe57\">\n#top .hr.av-kiukj5j8-576c8ef7a8afafff27ee715b810bfe57{\nmargin-top:30px;\nmargin-bottom:30px;\n}\n.hr.av-kiukj5j8-576c8ef7a8afafff27ee715b810bfe57 .hr-inner{\nwidth:100%;\nborder-color:#333333;\nmax-width:45%;\n}\n<\/style>\n<div  class='hr av-kiukj5j8-576c8ef7a8afafff27ee715b810bfe57 hr-custom  avia-builder-el-1  el_after_av_image  el_before_av_textblock  hr-center hr-icon-yes'><span class='hr-inner inner-border-av-border-thin'><span class=\"hr-inner-style\"><\/span><\/span><span class='av-seperator-icon' aria-hidden='true' data-av_icon='\ue808' data-av_iconfont='entypo-fontello'><\/span><span class='hr-inner inner-border-av-border-thin'><span class=\"hr-inner-style\"><\/span><\/span><\/div>\n\n<style type=\"text\/css\" data-created_by=\"avia_inline_auto\" id=\"style-css-av-kiuk2h1k-67cddb36523a3ab18447368e992e73cc\">\n#top .av_textblock_section.av-kiuk2h1k-67cddb36523a3ab18447368e992e73cc .avia_textblock{\nfont-size:25px;\n}\n<\/style>\n<section  class='av_textblock_section av-kiuk2h1k-67cddb36523a3ab18447368e992e73cc'  itemscope=\"itemscope\" itemtype=\"https:\/\/schema.org\/CreativeWork\" ><div class='avia_textblock'  itemprop=\"text\" ><h2 id=\"c9\" class=\"oBOnKe\"><span style=\"font-size: 16px;\">We will be hosting online &#8220;webinar&#8221; sessions on topics such as career opportunities, the various training available and everything related to immigration. <\/span><span style=\"font-size: 16px;\">Keep an eye on our social networks for the next date.<\/span><\/h2>\n<\/div><\/section>\n<div  class='avia-button-wrap av-kkmx5m92-3181bef394811be807426dee3c6bad42-wrap avia-button-center  avia-builder-el-3  el_after_av_textblock  avia-builder-el-last '><a href='https:\/\/www.passport-helico.com\/en\/contact\/'  class='avia-button av-kkmx5m92-3181bef394811be807426dee3c6bad42 avia-icon_select-no avia-size-small avia-position-center avia-color-theme-color'  ><span class='avia_iconbox_title' >To submit your topics<\/span><\/a><\/div>\n","protected":false},"excerpt":{"rendered":"","protected":false},"author":2,"featured_media":0,"parent":0,"menu_order":0,"comment_status":"closed","ping_status":"closed","template":"","meta":{"footnotes":""},"class_list":["post-3072","page","type-page","status-publish","hentry"],"yoast_head":"<!-- This site is optimized with the Yoast SEO plugin v26.8 - https:\/\/yoast.com\/product\/yoast-seo-wordpress\/ -->\n<title>Passport H\u00e9lico - Helicopter flying school and air operator<\/title>\n<meta name=\"description\" content=\"Online &quot;webinar&quot; sessions on topics such as career opportunities, the various training available and everything related to immigration.\" \/>\n<meta name=\"robots\" content=\"index, follow, max-snippet:-1, max-image-preview:large, max-video-preview:-1\" \/>\n<link rel=\"canonical\" href=\"https:\/\/www.passport-helico.com\/en\/activities\/\" \/>\n<meta property=\"og:locale\" content=\"en_US\" \/>\n<meta property=\"og:type\" content=\"article\" \/>\n<meta property=\"og:title\" content=\"Passport H\u00e9lico - Helicopter flying school and air operator\" \/>\n<meta property=\"og:description\" content=\"Online &quot;webinar&quot; sessions on topics such as career opportunities, the various training available and everything related to immigration.\" \/>\n<meta property=\"og:url\" content=\"https:\/\/www.passport-helico.com\/en\/activities\/\" \/>\n<meta property=\"og:site_name\" content=\"Passport H\u00e9lico - \u00c9cole de pilotage Exploitant a\u00e9rien\" \/>\n<meta property=\"article:publisher\" content=\"https:\/\/www.facebook.com\/Passport-H%c3%a9lico-8001990821\/?ref=br_rs\" \/>\n<meta property=\"article:modified_time\" content=\"2022-12-08T21:00:01+00:00\" \/>\n<meta name=\"twitter:card\" content=\"summary_large_image\" \/>\n<meta name=\"twitter:label1\" content=\"Est. reading time\" \/>\n\t<meta name=\"twitter:data1\" content=\"1 minute\" \/>\n<script type=\"application\/ld+json\" class=\"yoast-schema-graph\">{\"@context\":\"https:\/\/schema.org\",\"@graph\":[{\"@type\":\"WebPage\",\"@id\":\"https:\/\/www.passport-helico.com\/en\/activities\/\",\"url\":\"https:\/\/www.passport-helico.com\/en\/activities\/\",\"name\":\"Passport H\u00e9lico - Helicopter flying school and air operator\",\"isPartOf\":{\"@id\":\"https:\/\/www.passport-helico.com\/en\/#website\"},\"datePublished\":\"2021-01-07T15:02:04+00:00\",\"dateModified\":\"2022-12-08T21:00:01+00:00\",\"description\":\"Online \\\"webinar\\\" sessions on topics such as career opportunities, the various training available and everything related to immigration.\",\"breadcrumb\":{\"@id\":\"https:\/\/www.passport-helico.com\/en\/activities\/#breadcrumb\"},\"inLanguage\":\"en-US\",\"potentialAction\":[{\"@type\":\"ReadAction\",\"target\":[\"https:\/\/www.passport-helico.com\/en\/activities\/\"]}]},{\"@type\":\"BreadcrumbList\",\"@id\":\"https:\/\/www.passport-helico.com\/en\/activities\/#breadcrumb\",\"itemListElement\":[{\"@type\":\"ListItem\",\"position\":1,\"name\":\"Home\",\"item\":\"https:\/\/www.passport-helico.com\/en\/\"},{\"@type\":\"ListItem\",\"position\":2,\"name\":\"Activities\"}]},{\"@type\":\"WebSite\",\"@id\":\"https:\/\/www.passport-helico.com\/en\/#website\",\"url\":\"https:\/\/www.passport-helico.com\/en\/\",\"name\":\"Passport H\u00e9lico - \u00c9cole de pilotage Exploitant a\u00e9rien\",\"description\":\"Un site utilisant WordPress\",\"publisher\":{\"@id\":\"https:\/\/www.passport-helico.com\/en\/#organization\"},\"potentialAction\":[{\"@type\":\"SearchAction\",\"target\":{\"@type\":\"EntryPoint\",\"urlTemplate\":\"https:\/\/www.passport-helico.com\/en\/?s={search_term_string}\"},\"query-input\":{\"@type\":\"PropertyValueSpecification\",\"valueRequired\":true,\"valueName\":\"search_term_string\"}}],\"inLanguage\":\"en-US\"},{\"@type\":\"Organization\",\"@id\":\"https:\/\/www.passport-helico.com\/en\/#organization\",\"name\":\"Passport H\u00e9lico\",\"url\":\"https:\/\/www.passport-helico.com\/en\/\",\"logo\":{\"@type\":\"ImageObject\",\"inLanguage\":\"en-US\",\"@id\":\"https:\/\/www.passport-helico.com\/en\/#\/schema\/logo\/image\/\",\"url\":\"https:\/\/www.passport-helico.com\/wp-content\/uploads\/2020\/03\/PassportHelico_logo_3.png\",\"contentUrl\":\"https:\/\/www.passport-helico.com\/wp-content\/uploads\/2020\/03\/PassportHelico_logo_3.png\",\"width\":703,\"height\":288,\"caption\":\"Passport H\u00e9lico\"},\"image\":{\"@id\":\"https:\/\/www.passport-helico.com\/en\/#\/schema\/logo\/image\/\"},\"sameAs\":[\"https:\/\/www.facebook.com\/Passport-H\u00e9lico-8001990821\/?ref=br_rs\",\"https:\/\/www.instagram.com\/passport.helico\/\",\"https:\/\/www.youtube.com\/channel\/UCaWk_PFpUUci--PVSctu_1w\"]}]}<\/script>\n<!-- \/ Yoast SEO plugin. -->","yoast_head_json":{"title":"Passport H\u00e9lico - Helicopter flying school and air operator","description":"Online \"webinar\" sessions on topics such as career opportunities, the various training available and everything related to immigration.","robots":{"index":"index","follow":"follow","max-snippet":"max-snippet:-1","max-image-preview":"max-image-preview:large","max-video-preview":"max-video-preview:-1"},"canonical":"https:\/\/www.passport-helico.com\/en\/activities\/","og_locale":"en_US","og_type":"article","og_title":"Passport H\u00e9lico - Helicopter flying school and air operator","og_description":"Online \"webinar\" sessions on topics such as career opportunities, the various training available and everything related to immigration.","og_url":"https:\/\/www.passport-helico.com\/en\/activities\/","og_site_name":"Passport H\u00e9lico - \u00c9cole de pilotage Exploitant a\u00e9rien","article_publisher":"https:\/\/www.facebook.com\/Passport-H%c3%a9lico-8001990821\/?ref=br_rs","article_modified_time":"2022-12-08T21:00:01+00:00","twitter_card":"summary_large_image","twitter_misc":{"Est. reading time":"1 minute"},"schema":{"@context":"https:\/\/schema.org","@graph":[{"@type":"WebPage","@id":"https:\/\/www.passport-helico.com\/en\/activities\/","url":"https:\/\/www.passport-helico.com\/en\/activities\/","name":"Passport H\u00e9lico - Helicopter flying school and air operator","isPartOf":{"@id":"https:\/\/www.passport-helico.com\/en\/#website"},"datePublished":"2021-01-07T15:02:04+00:00","dateModified":"2022-12-08T21:00:01+00:00","description":"Online \"webinar\" sessions on topics such as career opportunities, the various training available and everything related to immigration.","breadcrumb":{"@id":"https:\/\/www.passport-helico.com\/en\/activities\/#breadcrumb"},"inLanguage":"en-US","potentialAction":[{"@type":"ReadAction","target":["https:\/\/www.passport-helico.com\/en\/activities\/"]}]},{"@type":"BreadcrumbList","@id":"https:\/\/www.passport-helico.com\/en\/activities\/#breadcrumb","itemListElement":[{"@type":"ListItem","position":1,"name":"Home","item":"https:\/\/www.passport-helico.com\/en\/"},{"@type":"ListItem","position":2,"name":"Activities"}]},{"@type":"WebSite","@id":"https:\/\/www.passport-helico.com\/en\/#website","url":"https:\/\/www.passport-helico.com\/en\/","name":"Passport H\u00e9lico - \u00c9cole de pilotage Exploitant a\u00e9rien","description":"Un site utilisant WordPress","publisher":{"@id":"https:\/\/www.passport-helico.com\/en\/#organization"},"potentialAction":[{"@type":"SearchAction","target":{"@type":"EntryPoint","urlTemplate":"https:\/\/www.passport-helico.com\/en\/?s={search_term_string}"},"query-input":{"@type":"PropertyValueSpecification","valueRequired":true,"valueName":"search_term_string"}}],"inLanguage":"en-US"},{"@type":"Organization","@id":"https:\/\/www.passport-helico.com\/en\/#organization","name":"Passport H\u00e9lico","url":"https:\/\/www.passport-helico.com\/en\/","logo":{"@type":"ImageObject","inLanguage":"en-US","@id":"https:\/\/www.passport-helico.com\/en\/#\/schema\/logo\/image\/","url":"https:\/\/www.passport-helico.com\/wp-content\/uploads\/2020\/03\/PassportHelico_logo_3.png","contentUrl":"https:\/\/www.passport-helico.com\/wp-content\/uploads\/2020\/03\/PassportHelico_logo_3.png","width":703,"height":288,"caption":"Passport H\u00e9lico"},"image":{"@id":"https:\/\/www.passport-helico.com\/en\/#\/schema\/logo\/image\/"},"sameAs":["https:\/\/www.facebook.com\/Passport-H\u00e9lico-8001990821\/?ref=br_rs","https:\/\/www.instagram.com\/passport.helico\/","https:\/\/www.youtube.com\/channel\/UCaWk_PFpUUci--PVSctu_1w"]}]}},"_links":{"self":[{"href":"https:\/\/www.passport-helico.com\/en\/wp-json\/wp\/v2\/pages\/3072","targetHints":{"allow":["GET"]}}],"collection":[{"href":"https:\/\/www.passport-helico.com\/en\/wp-json\/wp\/v2\/pages"}],"about":[{"href":"https:\/\/www.passport-helico.com\/en\/wp-json\/wp\/v2\/types\/page"}],"author":[{"embeddable":true,"href":"https:\/\/www.passport-helico.com\/en\/wp-json\/wp\/v2\/users\/2"}],"replies":[{"embeddable":true,"href":"https:\/\/www.passport-helico.com\/en\/wp-json\/wp\/v2\/comments?post=3072"}],"version-history":[{"count":2,"href":"https:\/\/www.passport-helico.com\/en\/wp-json\/wp\/v2\/pages\/3072\/revisions"}],"predecessor-version":[{"id":7804,"href":"https:\/\/www.passport-helico.com\/en\/wp-json\/wp\/v2\/pages\/3072\/revisions\/7804"}],"wp:attachment":[{"href":"https:\/\/www.passport-helico.com\/en\/wp-json\/wp\/v2\/media?parent=3072"}],"curies":[{"name":"wp","href":"https:\/\/api.w.org\/{rel}","templated":true}]}}