{"id":3060,"date":"2021-01-07T14:48:39","date_gmt":"2021-01-07T14:48:39","guid":{"rendered":"http:\/\/passporthelico.appwapp.com\/covid-19\/"},"modified":"2022-03-04T13:35:44","modified_gmt":"2022-03-04T18:35:44","slug":"covid-19","status":"publish","type":"page","link":"https:\/\/www.passport-helico.com\/en\/covid-19\/","title":{"rendered":"Covid-19"},"content":{"rendered":"\n<style type=\"text\/css\" data-created_by=\"avia_inline_auto\" id=\"style-css-av-kiuhc8nr-b726d456fabe65eb2935a6934940567f\">\n.avia-section.av-kiuhc8nr-b726d456fabe65eb2935a6934940567f{\nbackground-color:#b02b2c;\nbackground-image:unset;\n}\n<\/style>\n<div id='av_section_1'  class='avia-section av-kiuhc8nr-b726d456fabe65eb2935a6934940567f main_color avia-section-default avia-no-border-styling  avia-builder-el-0  el_before_av_three_fifth  avia-builder-el-first  avia-bg-style-scroll av-minimum-height av-minimum-height-custom  container_wrap sidebar_right'   data-av_minimum_height_px='50'><div class='container av-section-cont-open' style='height:50px'><main  role=\"main\" itemprop=\"mainContentOfPage\"  class='template-page content  av-content-small alpha units'><div class='post-entry post-entry-type-page post-entry-3060'><div class='entry-content-wrapper clearfix'><\/div><\/div><\/main><!-- close content main element --><\/div><\/div><div id='after_section_1'  class='main_color av_default_container_wrap container_wrap sidebar_right'  ><div class='container av-section-cont-open' ><div class='template-page content  av-content-small alpha units'><div class='post-entry post-entry-type-page post-entry-3060'><div class='entry-content-wrapper clearfix'>\n\n<style type=\"text\/css\" data-created_by=\"avia_inline_auto\" id=\"style-css-av-4cxhjb-22fbe8ee58bcfebda194c02fea2239fc\">\n.flex_column.av-4cxhjb-22fbe8ee58bcfebda194c02fea2239fc{\n-webkit-border-radius:0px 0px 0px 0px;\n-moz-border-radius:0px 0px 0px 0px;\nborder-radius:0px 0px 0px 0px;\npadding:0px 0px 0px 0px;\n}\n<\/style>\n<div class='flex_column av-4cxhjb-22fbe8ee58bcfebda194c02fea2239fc av_three_fifth  avia-builder-el-1  el_after_av_section  el_before_av_two_fifth  avia-builder-el-first  first flex_column_div av-zero-column-padding '     ><style type=\"text\/css\" data-created_by=\"avia_inline_auto\" id=\"style-css-av-kiufvtsi-b2e6534d4d1086b30399a68d11271641\">\n#top .av_textblock_section.av-kiufvtsi-b2e6534d4d1086b30399a68d11271641 .avia_textblock{\nfont-size:19px;\n}\n<\/style>\n<section  class='av_textblock_section av-kiufvtsi-b2e6534d4d1086b30399a68d11271641'  itemscope=\"itemscope\" itemtype=\"https:\/\/schema.org\/CreativeWork\" ><div class='avia_textblock'  itemprop=\"text\" ><p><strong>Covid-19 Coronavirus sanitary measures<\/strong><\/p>\n<ul>\n<li>Wearing a face mask at all time is mandatory<\/li>\n<li>Wash your hands or use sanitizer before boarding<\/li>\n<li>Present yourself only 20 minutes prior boarding<\/li>\n<li>Stay outside of our facilities while waiting to board and keep a safe physical distance<\/li>\n<\/ul>\n<\/div><\/section><\/div>\n<style type=\"text\/css\" data-created_by=\"avia_inline_auto\" id=\"style-css-av-2w8mhz-71e9a2c315c4706ea218f05e37abd58c\">\n.flex_column.av-2w8mhz-71e9a2c315c4706ea218f05e37abd58c{\n-webkit-border-radius:0px 0px 0px 0px;\n-moz-border-radius:0px 0px 0px 0px;\nborder-radius:0px 0px 0px 0px;\npadding:0px 0px 0px 0px;\n}\n<\/style>\n<div class='flex_column av-2w8mhz-71e9a2c315c4706ea218f05e37abd58c av_two_fifth  avia-builder-el-3  el_after_av_three_fifth  el_before_av_section  avia-builder-el-last  flex_column_div av-zero-column-padding '     ><p>\n<style type=\"text\/css\" data-created_by=\"avia_inline_auto\" id=\"style-css-av-kjlws85d-c5ba10c56755366c1f4e8c0f617990b7\">\n#top .hr.hr-invisible.av-kjlws85d-c5ba10c56755366c1f4e8c0f617990b7{\nheight:50px;\n}\n<\/style>\n<div  class='hr av-kjlws85d-c5ba10c56755366c1f4e8c0f617990b7 hr-invisible  avia-builder-el-4  el_before_av_image  avia-builder-el-first '><span class='hr-inner '><span class=\"hr-inner-style\"><\/span><\/span><\/div><br \/>\n\n<style type=\"text\/css\" data-created_by=\"avia_inline_auto\" id=\"style-css-av-kiuhvy3b-0e640ce48d015a2dc35188465b7b6a30\">\n.avia-image-container.av-kiuhvy3b-0e640ce48d015a2dc35188465b7b6a30 img.avia_image{\nbox-shadow:none;\n}\n.avia-image-container.av-kiuhvy3b-0e640ce48d015a2dc35188465b7b6a30 .av-image-caption-overlay-center{\ncolor:#ffffff;\n}\n<\/style>\n<div  class='avia-image-container av-kiuhvy3b-0e640ce48d015a2dc35188465b7b6a30 av-styling- av-hover-grow avia-align-center  avia-builder-el-5  el_after_av_hr  el_before_av_hr '   itemprop=\"image\" itemscope=\"itemscope\" itemtype=\"https:\/\/schema.org\/ImageObject\" ><div class=\"avia-image-container-inner\"><div class=\"avia-image-overlay-wrap\"><a href=\"https:\/\/www.quebec.ca\/en\/health\/health-issues\/a-z\/2019-coronavirus\/progressive-regional-alert-and-intervention-system\/map-of-covid-19-alert-levels-by-region\/\" class='avia_image' target=\"_blank\" rel=\"noopener noreferrer\"><img decoding=\"async\" class='wp-image-2486 avia-img-lazy-loading-not-2486 avia_image ' src=\"https:\/\/www.passport-helico.com\/wp-content\/uploads\/2020\/12\/corona-1030x687.jpg\" alt='Donn\u00e9es sur la COVID-19 au Qu\u00e9bec' title='Covid 19'  height=\"687\" width=\"1030\"  itemprop=\"thumbnailUrl\" srcset=\"https:\/\/www.passport-helico.com\/wp-content\/uploads\/2020\/12\/corona-1030x687.jpg 1030w, https:\/\/www.passport-helico.com\/wp-content\/uploads\/2020\/12\/corona-300x200.jpg 300w, https:\/\/www.passport-helico.com\/wp-content\/uploads\/2020\/12\/corona-768x512.jpg 768w, https:\/\/www.passport-helico.com\/wp-content\/uploads\/2020\/12\/corona-1536x1024.jpg 1536w, https:\/\/www.passport-helico.com\/wp-content\/uploads\/2020\/12\/corona-1500x1000.jpg 1500w, https:\/\/www.passport-helico.com\/wp-content\/uploads\/2020\/12\/corona-705x470.jpg 705w, https:\/\/www.passport-helico.com\/wp-content\/uploads\/2020\/12\/corona.jpg 1920w\" sizes=\"(max-width: 1030px) 100vw, 1030px\" \/><\/a><\/div><\/div><\/div><br \/>\n\n<style type=\"text\/css\" data-created_by=\"avia_inline_auto\" id=\"style-css-av-kjlwsedr-649fdc1c1c3127afcd5e5ae38dfd4ef1\">\n#top .hr.hr-invisible.av-kjlwsedr-649fdc1c1c3127afcd5e5ae38dfd4ef1{\nheight:50px;\n}\n<\/style>\n<div  class='hr av-kjlwsedr-649fdc1c1c3127afcd5e5ae38dfd4ef1 hr-invisible  avia-builder-el-6  el_after_av_image  avia-builder-el-last '><span class='hr-inner '><span class=\"hr-inner-style\"><\/span><\/span><\/div><\/p><\/div><\/p>\n<\/div><\/div><\/div><!-- close content main div --><\/div><\/div>\n<style type=\"text\/css\" data-created_by=\"avia_inline_auto\" id=\"style-css-av-kiuhd9yj-e641d29628e292fb8553bf5a3fc10d45\">\n.avia-section.av-kiuhd9yj-e641d29628e292fb8553bf5a3fc10d45{\nbackground-color:#b02b2c;\nbackground-image:unset;\n}\n<\/style>\n<div id='av_section_2'  class='avia-section av-kiuhd9yj-e641d29628e292fb8553bf5a3fc10d45 main_color avia-section-default avia-no-border-styling  avia-builder-el-7  el_after_av_two_fifth  avia-builder-el-last  avia-bg-style-scroll av-minimum-height av-minimum-height-custom  container_wrap sidebar_right'   data-av_minimum_height_px='50'><div class='container av-section-cont-open' style='height:50px'><div class='template-page content  av-content-small alpha units'><div class='post-entry post-entry-type-page post-entry-3060'><div class='entry-content-wrapper clearfix'><\/div><\/div><\/div><!-- close content main div --><\/div><\/div><div id='after_section_2'  class='main_color av_default_container_wrap container_wrap sidebar_right'  ><div class='container av-section-cont-open' ><div class='template-page content  av-content-small alpha units'><div class='post-entry post-entry-type-page post-entry-3060'><div class='entry-content-wrapper clearfix'>\n","protected":false},"excerpt":{"rendered":"","protected":false},"author":2,"featured_media":0,"parent":0,"menu_order":0,"comment_status":"closed","ping_status":"closed","template":"","meta":{"footnotes":""},"class_list":["post-3060","page","type-page","status-publish","hentry"],"yoast_head":"<!-- This site is optimized with the Yoast SEO plugin v26.8 - https:\/\/yoast.com\/product\/yoast-seo-wordpress\/ -->\n<title>Covid-19 - Passport H\u00e9lico - \u00c9cole de pilotage Exploitant a\u00e9rien<\/title>\n<meta name=\"description\" content=\"Passport Helico Covid-19 Coronavirus sanitary measures.\" \/>\n<meta name=\"robots\" content=\"index, follow, max-snippet:-1, max-image-preview:large, max-video-preview:-1\" \/>\n<link rel=\"canonical\" href=\"https:\/\/www.passport-helico.com\/en\/covid-19\/\" \/>\n<meta property=\"og:locale\" content=\"en_US\" \/>\n<meta property=\"og:type\" content=\"article\" \/>\n<meta property=\"og:title\" content=\"Covid-19 - Passport H\u00e9lico - \u00c9cole de pilotage Exploitant a\u00e9rien\" \/>\n<meta property=\"og:description\" content=\"Passport Helico Covid-19 Coronavirus sanitary measures.\" \/>\n<meta property=\"og:url\" content=\"https:\/\/www.passport-helico.com\/en\/covid-19\/\" \/>\n<meta property=\"og:site_name\" content=\"Passport H\u00e9lico - \u00c9cole de pilotage Exploitant a\u00e9rien\" \/>\n<meta property=\"article:publisher\" content=\"https:\/\/www.facebook.com\/Passport-H%c3%a9lico-8001990821\/?ref=br_rs\" \/>\n<meta property=\"article:modified_time\" content=\"2022-03-04T18:35:44+00:00\" \/>\n<meta name=\"twitter:card\" content=\"summary_large_image\" \/>\n<meta name=\"twitter:label1\" content=\"Est. reading time\" \/>\n\t<meta name=\"twitter:data1\" content=\"4 minutes\" \/>\n<script type=\"application\/ld+json\" class=\"yoast-schema-graph\">{\"@context\":\"https:\/\/schema.org\",\"@graph\":[{\"@type\":\"WebPage\",\"@id\":\"https:\/\/www.passport-helico.com\/en\/covid-19\/\",\"url\":\"https:\/\/www.passport-helico.com\/en\/covid-19\/\",\"name\":\"Covid-19 - Passport H\u00e9lico - \u00c9cole de pilotage Exploitant a\u00e9rien\",\"isPartOf\":{\"@id\":\"https:\/\/www.passport-helico.com\/en\/#website\"},\"datePublished\":\"2021-01-07T14:48:39+00:00\",\"dateModified\":\"2022-03-04T18:35:44+00:00\",\"description\":\"Passport Helico Covid-19 Coronavirus sanitary measures.\",\"breadcrumb\":{\"@id\":\"https:\/\/www.passport-helico.com\/en\/covid-19\/#breadcrumb\"},\"inLanguage\":\"en-US\",\"potentialAction\":[{\"@type\":\"ReadAction\",\"target\":[\"https:\/\/www.passport-helico.com\/en\/covid-19\/\"]}]},{\"@type\":\"BreadcrumbList\",\"@id\":\"https:\/\/www.passport-helico.com\/en\/covid-19\/#breadcrumb\",\"itemListElement\":[{\"@type\":\"ListItem\",\"position\":1,\"name\":\"Home\",\"item\":\"https:\/\/www.passport-helico.com\/en\/\"},{\"@type\":\"ListItem\",\"position\":2,\"name\":\"Covid-19\"}]},{\"@type\":\"WebSite\",\"@id\":\"https:\/\/www.passport-helico.com\/en\/#website\",\"url\":\"https:\/\/www.passport-helico.com\/en\/\",\"name\":\"Passport H\u00e9lico - \u00c9cole de pilotage Exploitant a\u00e9rien\",\"description\":\"Un site utilisant WordPress\",\"publisher\":{\"@id\":\"https:\/\/www.passport-helico.com\/en\/#organization\"},\"potentialAction\":[{\"@type\":\"SearchAction\",\"target\":{\"@type\":\"EntryPoint\",\"urlTemplate\":\"https:\/\/www.passport-helico.com\/en\/?s={search_term_string}\"},\"query-input\":{\"@type\":\"PropertyValueSpecification\",\"valueRequired\":true,\"valueName\":\"search_term_string\"}}],\"inLanguage\":\"en-US\"},{\"@type\":\"Organization\",\"@id\":\"https:\/\/www.passport-helico.com\/en\/#organization\",\"name\":\"Passport H\u00e9lico\",\"url\":\"https:\/\/www.passport-helico.com\/en\/\",\"logo\":{\"@type\":\"ImageObject\",\"inLanguage\":\"en-US\",\"@id\":\"https:\/\/www.passport-helico.com\/en\/#\/schema\/logo\/image\/\",\"url\":\"https:\/\/www.passport-helico.com\/wp-content\/uploads\/2020\/03\/PassportHelico_logo_3.png\",\"contentUrl\":\"https:\/\/www.passport-helico.com\/wp-content\/uploads\/2020\/03\/PassportHelico_logo_3.png\",\"width\":703,\"height\":288,\"caption\":\"Passport H\u00e9lico\"},\"image\":{\"@id\":\"https:\/\/www.passport-helico.com\/en\/#\/schema\/logo\/image\/\"},\"sameAs\":[\"https:\/\/www.facebook.com\/Passport-H\u00e9lico-8001990821\/?ref=br_rs\",\"https:\/\/www.instagram.com\/passport.helico\/\",\"https:\/\/www.youtube.com\/channel\/UCaWk_PFpUUci--PVSctu_1w\"]}]}<\/script>\n<!-- \/ Yoast SEO plugin. -->","yoast_head_json":{"title":"Covid-19 - Passport H\u00e9lico - \u00c9cole de pilotage Exploitant a\u00e9rien","description":"Passport Helico Covid-19 Coronavirus sanitary measures.","robots":{"index":"index","follow":"follow","max-snippet":"max-snippet:-1","max-image-preview":"max-image-preview:large","max-video-preview":"max-video-preview:-1"},"canonical":"https:\/\/www.passport-helico.com\/en\/covid-19\/","og_locale":"en_US","og_type":"article","og_title":"Covid-19 - Passport H\u00e9lico - \u00c9cole de pilotage Exploitant a\u00e9rien","og_description":"Passport Helico Covid-19 Coronavirus sanitary measures.","og_url":"https:\/\/www.passport-helico.com\/en\/covid-19\/","og_site_name":"Passport H\u00e9lico - \u00c9cole de pilotage Exploitant a\u00e9rien","article_publisher":"https:\/\/www.facebook.com\/Passport-H%c3%a9lico-8001990821\/?ref=br_rs","article_modified_time":"2022-03-04T18:35:44+00:00","twitter_card":"summary_large_image","twitter_misc":{"Est. reading time":"4 minutes"},"schema":{"@context":"https:\/\/schema.org","@graph":[{"@type":"WebPage","@id":"https:\/\/www.passport-helico.com\/en\/covid-19\/","url":"https:\/\/www.passport-helico.com\/en\/covid-19\/","name":"Covid-19 - Passport H\u00e9lico - \u00c9cole de pilotage Exploitant a\u00e9rien","isPartOf":{"@id":"https:\/\/www.passport-helico.com\/en\/#website"},"datePublished":"2021-01-07T14:48:39+00:00","dateModified":"2022-03-04T18:35:44+00:00","description":"Passport Helico Covid-19 Coronavirus sanitary measures.","breadcrumb":{"@id":"https:\/\/www.passport-helico.com\/en\/covid-19\/#breadcrumb"},"inLanguage":"en-US","potentialAction":[{"@type":"ReadAction","target":["https:\/\/www.passport-helico.com\/en\/covid-19\/"]}]},{"@type":"BreadcrumbList","@id":"https:\/\/www.passport-helico.com\/en\/covid-19\/#breadcrumb","itemListElement":[{"@type":"ListItem","position":1,"name":"Home","item":"https:\/\/www.passport-helico.com\/en\/"},{"@type":"ListItem","position":2,"name":"Covid-19"}]},{"@type":"WebSite","@id":"https:\/\/www.passport-helico.com\/en\/#website","url":"https:\/\/www.passport-helico.com\/en\/","name":"Passport H\u00e9lico - \u00c9cole de pilotage Exploitant a\u00e9rien","description":"Un site utilisant WordPress","publisher":{"@id":"https:\/\/www.passport-helico.com\/en\/#organization"},"potentialAction":[{"@type":"SearchAction","target":{"@type":"EntryPoint","urlTemplate":"https:\/\/www.passport-helico.com\/en\/?s={search_term_string}"},"query-input":{"@type":"PropertyValueSpecification","valueRequired":true,"valueName":"search_term_string"}}],"inLanguage":"en-US"},{"@type":"Organization","@id":"https:\/\/www.passport-helico.com\/en\/#organization","name":"Passport H\u00e9lico","url":"https:\/\/www.passport-helico.com\/en\/","logo":{"@type":"ImageObject","inLanguage":"en-US","@id":"https:\/\/www.passport-helico.com\/en\/#\/schema\/logo\/image\/","url":"https:\/\/www.passport-helico.com\/wp-content\/uploads\/2020\/03\/PassportHelico_logo_3.png","contentUrl":"https:\/\/www.passport-helico.com\/wp-content\/uploads\/2020\/03\/PassportHelico_logo_3.png","width":703,"height":288,"caption":"Passport H\u00e9lico"},"image":{"@id":"https:\/\/www.passport-helico.com\/en\/#\/schema\/logo\/image\/"},"sameAs":["https:\/\/www.facebook.com\/Passport-H\u00e9lico-8001990821\/?ref=br_rs","https:\/\/www.instagram.com\/passport.helico\/","https:\/\/www.youtube.com\/channel\/UCaWk_PFpUUci--PVSctu_1w"]}]}},"_links":{"self":[{"href":"https:\/\/www.passport-helico.com\/en\/wp-json\/wp\/v2\/pages\/3060","targetHints":{"allow":["GET"]}}],"collection":[{"href":"https:\/\/www.passport-helico.com\/en\/wp-json\/wp\/v2\/pages"}],"about":[{"href":"https:\/\/www.passport-helico.com\/en\/wp-json\/wp\/v2\/types\/page"}],"author":[{"embeddable":true,"href":"https:\/\/www.passport-helico.com\/en\/wp-json\/wp\/v2\/users\/2"}],"replies":[{"embeddable":true,"href":"https:\/\/www.passport-helico.com\/en\/wp-json\/wp\/v2\/comments?post=3060"}],"version-history":[{"count":2,"href":"https:\/\/www.passport-helico.com\/en\/wp-json\/wp\/v2\/pages\/3060\/revisions"}],"predecessor-version":[{"id":7286,"href":"https:\/\/www.passport-helico.com\/en\/wp-json\/wp\/v2\/pages\/3060\/revisions\/7286"}],"wp:attachment":[{"href":"https:\/\/www.passport-helico.com\/en\/wp-json\/wp\/v2\/media?parent=3060"}],"curies":[{"name":"wp","href":"https:\/\/api.w.org\/{rel}","templated":true}]}}