{"id":1499,"date":"2020-06-10T02:22:38","date_gmt":"2020-06-10T02:22:38","guid":{"rendered":"http:\/\/passporthelico.appwapp.com\/distinction-prize\/"},"modified":"2026-04-15T10:55:20","modified_gmt":"2026-04-15T14:55:20","slug":"distinction-prize","status":"publish","type":"page","link":"https:\/\/www.passport-helico.com\/en\/distinction-prize\/","title":{"rendered":"Distinction Prize"},"content":{"rendered":"\n<style type=\"text\/css\" data-created_by=\"avia_inline_auto\" id=\"style-css-av-1ophh-c96dc9370c3e018bb90834ba27516c9a\">\n.avia-section.av-1ophh-c96dc9370c3e018bb90834ba27516c9a{\nbackground-repeat:no-repeat;\nbackground-image:url(https:\/\/www.passport-helico.com\/wp-content\/uploads\/2021\/01\/AQTA-Page.png);\nbackground-position:50% 100%;\nbackground-attachment:scroll;\n}\n.avia-section.av-1ophh-c96dc9370c3e018bb90834ba27516c9a .av-section-color-overlay{\nopacity:0.3;\nbackground-color:#000000;\n}\n<\/style>\n<div id='av_section_1'  class='avia-section av-1ophh-c96dc9370c3e018bb90834ba27516c9a main_color avia-section-default avia-no-border-styling  avia-builder-el-0  el_before_av_section  avia-builder-el-first  avia-full-stretch avia-bg-style-scroll av-section-color-overlay-active av-minimum-height av-minimum-height-75  container_wrap sidebar_right'  data-section-bg-repeat='stretch' data-av_minimum_height_pc='75'><div class=\"av-section-color-overlay-wrap\"><div class=\"av-section-color-overlay\"><\/div><div class='container av-section-cont-open' ><main  role=\"main\" itemprop=\"mainContentOfPage\"  class='template-page content  av-content-small alpha units'><div class='post-entry post-entry-type-page post-entry-1499'><div class='entry-content-wrapper clearfix'>\n\n<style type=\"text\/css\" data-created_by=\"avia_inline_auto\" id=\"style-css-av-egnct-7277341a8b3619481815049e75ca7e6a\">\n.flex_column.av-egnct-7277341a8b3619481815049e75ca7e6a{\n-webkit-border-radius:0px 0px 0px 0px;\n-moz-border-radius:0px 0px 0px 0px;\nborder-radius:0px 0px 0px 0px;\npadding:0px 0px 0px 0px;\n}\n<\/style>\n<div class='flex_column av-egnct-7277341a8b3619481815049e75ca7e6a av_one_full  avia-builder-el-1  avia-builder-el-no-sibling  first flex_column_div av-zero-column-padding '     ><p>\n<style type=\"text\/css\" data-created_by=\"avia_inline_auto\" id=\"style-css-av-kkcyeq0x-be24c1f48c44d24533c620abd029bae3\">\n#top .hr.hr-invisible.av-kkcyeq0x-be24c1f48c44d24533c620abd029bae3{\nheight:200px;\n}\n<\/style>\n<div  class='hr av-kkcyeq0x-be24c1f48c44d24533c620abd029bae3 hr-invisible  avia-builder-el-2  el_before_av_heading  avia-builder-el-first '><span class='hr-inner '><span class=\"hr-inner-style\"><\/span><\/span><\/div><br \/>\n\n<style type=\"text\/css\" data-created_by=\"avia_inline_auto\" id=\"style-css-av-av_heading-bf7b04578b662929a242c45feda0f448\">\n#top .av-special-heading.av-av_heading-bf7b04578b662929a242c45feda0f448{\npadding-bottom:10px;\ncolor:#ffffff;\n}\nbody .av-special-heading.av-av_heading-bf7b04578b662929a242c45feda0f448 .av-special-heading-tag .heading-char{\nfont-size:25px;\n}\n.av-special-heading.av-av_heading-bf7b04578b662929a242c45feda0f448 .special-heading-inner-border{\nborder-color:#ffffff;\n}\n.av-special-heading.av-av_heading-bf7b04578b662929a242c45feda0f448 .av-subheading{\nfont-size:15px;\n}\n<\/style>\n<div  class='av-special-heading av-av_heading-bf7b04578b662929a242c45feda0f448 av-special-heading-h1 custom-color-heading  avia-builder-el-3  el_after_av_hr  avia-builder-el-last '><h1 class='av-special-heading-tag'  itemprop=\"headline\"  >Distinction Award<\/h1><div class=\"special-heading-border\"><div class=\"special-heading-inner-border\"><\/div><\/div><\/div><\/p><\/div>\n\n<\/div><\/div><\/main><!-- close content main element --><\/div><\/div><\/div><div id='av_section_2'  class='avia-section av-k8rub1t4-1aa0596f00257f167149e3a03ef5b286 main_color avia-section-default avia-no-border-styling  avia-builder-el-4  el_after_av_section  el_before_av_hr  avia-bg-style-scroll container_wrap sidebar_right'  ><div class='container av-section-cont-open' ><div class='template-page content  av-content-small alpha units'><div class='post-entry post-entry-type-page post-entry-1499'><div class='entry-content-wrapper clearfix'>\n\n<style type=\"text\/css\" data-created_by=\"avia_inline_auto\" id=\"style-css-av-k8ru8bex-1a986a9e5fb9b919c78498dd3620a060\">\n#top .hr.hr-invisible.av-k8ru8bex-1a986a9e5fb9b919c78498dd3620a060{\nheight:30px;\n}\n<\/style>\n<div  class='hr av-k8ru8bex-1a986a9e5fb9b919c78498dd3620a060 hr-invisible  avia-builder-el-5  el_before_av_two_fifth  avia-builder-el-first '><span class='hr-inner '><span class=\"hr-inner-style\"><\/span><\/span><\/div>\n<div class='flex_column_table av-k8ru4x3v-996bbb02cb27ad99a6f0c1bf245e3687 sc-av_two_fifth av-equal-height-column-flextable'>\n<style type=\"text\/css\" data-created_by=\"avia_inline_auto\" id=\"style-css-av-k8ru4x3v-996bbb02cb27ad99a6f0c1bf245e3687\">\n.flex_column.av-k8ru4x3v-996bbb02cb27ad99a6f0c1bf245e3687{\n-webkit-border-radius:0px 0px 0px 0px;\n-moz-border-radius:0px 0px 0px 0px;\nborder-radius:0px 0px 0px 0px;\npadding:0 5% 5% 0;\n}\n<\/style>\n<div class='flex_column av-k8ru4x3v-996bbb02cb27ad99a6f0c1bf245e3687 av_two_fifth  avia-builder-el-6  el_after_av_hr  el_before_av_three_fifth  first flex_column_table_cell av-equal-height-column av-align-top '     ><style type=\"text\/css\" data-created_by=\"avia_inline_auto\" id=\"style-css-av-k8ru4nkp-4e425b32814d4ec0574a74de1e16f1d5\">\n.avia-image-container.av-k8ru4nkp-4e425b32814d4ec0574a74de1e16f1d5 img.avia_image{\nbox-shadow:none;\n}\n.avia-image-container.av-k8ru4nkp-4e425b32814d4ec0574a74de1e16f1d5 .av-image-caption-overlay-center{\ncolor:#ffffff;\n}\n<\/style>\n<div  class='avia-image-container av-k8ru4nkp-4e425b32814d4ec0574a74de1e16f1d5 av-styling-no-styling avia-align-center  avia-builder-el-7  avia-builder-el-no-sibling '   itemprop=\"image\" itemscope=\"itemscope\" itemtype=\"https:\/\/schema.org\/ImageObject\" ><div class=\"avia-image-container-inner\"><div class=\"avia-image-overlay-wrap\"><a href=\"https:\/\/aqta.ca\" class='avia_image' ><img decoding=\"async\" class='wp-image-4385 avia-img-lazy-loading-not-4385 avia_image ' src=\"https:\/\/www.passport-helico.com\/wp-content\/uploads\/2021\/01\/aqta-1.png\" alt='Prix Distinction AQTA' title='aqta'  height=\"433\" width=\"325\"  itemprop=\"thumbnailUrl\" srcset=\"https:\/\/www.passport-helico.com\/wp-content\/uploads\/2021\/01\/aqta-1.png 325w, https:\/\/www.passport-helico.com\/wp-content\/uploads\/2021\/01\/aqta-1-225x300.png 225w\" sizes=\"(max-width: 325px) 100vw, 325px\" \/><\/a><\/div><\/div><\/div><\/div><div class='av-flex-placeholder'><\/div>\n<style type=\"text\/css\" data-created_by=\"avia_inline_auto\" id=\"style-css-av-k8ru4x3v-edf4845445b4b94050f6683f934f8b03\">\n.flex_column.av-k8ru4x3v-edf4845445b4b94050f6683f934f8b03{\n-webkit-border-radius:0px 0px 0px 0px;\n-moz-border-radius:0px 0px 0px 0px;\nborder-radius:0px 0px 0px 0px;\npadding:0 5% 5% 0;\n}\n<\/style>\n<div class='flex_column av-k8ru4x3v-edf4845445b4b94050f6683f934f8b03 av_three_fifth  avia-builder-el-8  el_after_av_two_fifth  el_before_av_one_full  flex_column_table_cell av-equal-height-column av-align-top '     ><p>\n<style type=\"text\/css\" data-created_by=\"avia_inline_auto\" id=\"style-css-av-kkilnzl9-eb791a018ce48901ae6a6e1099999d78\">\n#top .av-special-heading.av-kkilnzl9-eb791a018ce48901ae6a6e1099999d78{\npadding-bottom:10px;\n}\nbody .av-special-heading.av-kkilnzl9-eb791a018ce48901ae6a6e1099999d78 .av-special-heading-tag .heading-char{\nfont-size:25px;\n}\n.av-special-heading.av-kkilnzl9-eb791a018ce48901ae6a6e1099999d78 .av-subheading{\nfont-size:15px;\n}\n<\/style>\n<div  class='av-special-heading av-kkilnzl9-eb791a018ce48901ae6a6e1099999d78 av-special-heading-h2  avia-builder-el-9  el_before_av_hr  avia-builder-el-first '><h2 class='av-special-heading-tag'  itemprop=\"headline\"  >Best Helicopter Flight School<\/h2><div class=\"special-heading-border\"><div class=\"special-heading-inner-border\"><\/div><\/div><\/div><br \/>\n\n<style type=\"text\/css\" data-created_by=\"avia_inline_auto\" id=\"style-css-av-k8ru8bex-3ddc2d513114f6a7c169c395f5782918\">\n#top .hr.hr-invisible.av-k8ru8bex-3ddc2d513114f6a7c169c395f5782918{\nheight:50px;\n}\n<\/style>\n<div  class='hr av-k8ru8bex-3ddc2d513114f6a7c169c395f5782918 hr-invisible  avia-builder-el-10  el_after_av_heading  el_before_av_textblock '><span class='hr-inner '><span class=\"hr-inner-style\"><\/span><\/span><\/div><br \/>\n<section  class='av_textblock_section av-k8ru16ww-67b4195ae6946aedc832b703f022c7cd'  itemscope=\"itemscope\" itemtype=\"https:\/\/schema.org\/CreativeWork\" ><div class='avia_textblock'  itemprop=\"text\" ><p>At its Annual Congress, and since 2006, the AQTA has awarded the Roland-Simard Trophy to a private flight school to highlight the quality of its helicopter training, both theoretical and practical.<\/p>\n<p>Passport H\u00e9lico is distinguished by the quality of its training, which has earned it the privilege of being recognized as a leader in the field of teaching helicopter piloting.<\/p>\n<p>In this sense, in en 2017 \u2013 2018 \u2013 2019 \u2013 2022 \u2013 2025 \u2013 2026, Passport H\u00e9lico was awarded the prestigious Roland-Simard Prize.<\/p>\n<\/div><\/section><\/p><\/div><\/div><!--close column table wrapper. Autoclose: 1 -->\n<style type=\"text\/css\" data-created_by=\"avia_inline_auto\" id=\"style-css-av-1pv485-d960359834176f5ceeb89cd4a3c21eb7\">\n.flex_column.av-1pv485-d960359834176f5ceeb89cd4a3c21eb7{\n-webkit-border-radius:0px 0px 0px 0px;\n-moz-border-radius:0px 0px 0px 0px;\nborder-radius:0px 0px 0px 0px;\npadding:0px 0px 0px 0px;\n}\n<\/style>\n<div class='flex_column av-1pv485-d960359834176f5ceeb89cd4a3c21eb7 av_one_full  avia-builder-el-12  el_after_av_three_fifth  avia-builder-el-last  first flex_column_div av-zero-column-padding '     ><style type=\"text\/css\" data-created_by=\"avia_inline_auto\" id=\"style-css-av-k8ru4nkp-c6e85ed9c9bc2112a44545da0ad7715b\">\n.avia-image-container.av-k8ru4nkp-c6e85ed9c9bc2112a44545da0ad7715b img.avia_image{\nbox-shadow:none;\n}\n.avia-image-container.av-k8ru4nkp-c6e85ed9c9bc2112a44545da0ad7715b .av-image-caption-overlay-center{\ncolor:#ffffff;\n}\n<\/style>\n<div  class='avia-image-container av-k8ru4nkp-c6e85ed9c9bc2112a44545da0ad7715b av-styling-no-styling avia-align-center  avia-builder-el-13  avia-builder-el-no-sibling '   itemprop=\"image\" itemscope=\"itemscope\" itemtype=\"https:\/\/schema.org\/ImageObject\" ><div class=\"avia-image-container-inner\"><div class=\"avia-image-overlay-wrap\"><a href=\"https:\/\/aqta.ca\" class='avia_image' ><img decoding=\"async\" class='wp-image-576 avia-img-lazy-loading-not-576 avia_image ' src=\"https:\/\/www.passport-helico.com\/wp-content\/uploads\/2020\/04\/AQTAlogo.png\" alt='AQTA' title='AQTAlogo'  height=\"138\" width=\"300\"  itemprop=\"thumbnailUrl\"  \/><\/a><\/div><\/div><\/div><\/div><\/div><\/div><\/div><!-- close content main div --><\/div><\/div><div id='after_section_2'  class='main_color av_default_container_wrap container_wrap sidebar_right'  ><div class='container av-section-cont-open' ><div class='template-page content  av-content-small alpha units'><div class='post-entry post-entry-type-page post-entry-1499'><div class='entry-content-wrapper clearfix'><div  class='hr av-9u3zh-fb8788de7173819c328880796d6f78a7 hr-default  avia-builder-el-14  el_after_av_section  avia-builder-el-no-sibling '><span class='hr-inner '><span class=\"hr-inner-style\"><\/span><\/span><\/div><\/p>\n","protected":false},"excerpt":{"rendered":"","protected":false},"author":1,"featured_media":0,"parent":0,"menu_order":0,"comment_status":"closed","ping_status":"closed","template":"","meta":{"footnotes":""},"class_list":["post-1499","page","type-page","status-publish","hentry"],"yoast_head":"<!-- This site is optimized with the Yoast SEO plugin v26.8 - https:\/\/yoast.com\/product\/yoast-seo-wordpress\/ -->\n<title>Distinction Prize - Passport H\u00e9lico - \u00c9cole de pilotage Exploitant a\u00e9rien<\/title>\n<meta name=\"description\" content=\"Passport H\u00e9lico is distinguished by the quality of its training and is recognized as a leader in the field of teaching helicopter piloting.\" \/>\n<meta name=\"robots\" content=\"index, follow, max-snippet:-1, max-image-preview:large, max-video-preview:-1\" \/>\n<link rel=\"canonical\" href=\"https:\/\/www.passport-helico.com\/en\/distinction-prize\/\" \/>\n<meta property=\"og:locale\" content=\"en_US\" \/>\n<meta property=\"og:type\" content=\"article\" \/>\n<meta property=\"og:title\" content=\"Distinction Prize - Passport H\u00e9lico - \u00c9cole de pilotage Exploitant a\u00e9rien\" \/>\n<meta property=\"og:description\" content=\"Passport H\u00e9lico is distinguished by the quality of its training and is recognized as a leader in the field of teaching helicopter piloting.\" \/>\n<meta property=\"og:url\" content=\"https:\/\/www.passport-helico.com\/en\/distinction-prize\/\" \/>\n<meta property=\"og:site_name\" content=\"Passport H\u00e9lico - \u00c9cole de pilotage Exploitant a\u00e9rien\" \/>\n<meta property=\"article:publisher\" content=\"https:\/\/www.facebook.com\/Passport-H%c3%a9lico-8001990821\/?ref=br_rs\" \/>\n<meta property=\"article:modified_time\" content=\"2026-04-15T14:55:20+00:00\" \/>\n<meta name=\"twitter:card\" content=\"summary_large_image\" \/>\n<meta name=\"twitter:label1\" content=\"Est. reading time\" \/>\n\t<meta name=\"twitter:data1\" content=\"1 minute\" \/>\n<script type=\"application\/ld+json\" class=\"yoast-schema-graph\">{\"@context\":\"https:\/\/schema.org\",\"@graph\":[{\"@type\":\"WebPage\",\"@id\":\"https:\/\/www.passport-helico.com\/en\/distinction-prize\/\",\"url\":\"https:\/\/www.passport-helico.com\/en\/distinction-prize\/\",\"name\":\"Distinction Prize - Passport H\u00e9lico - \u00c9cole de pilotage Exploitant a\u00e9rien\",\"isPartOf\":{\"@id\":\"https:\/\/www.passport-helico.com\/en\/#website\"},\"datePublished\":\"2020-06-10T02:22:38+00:00\",\"dateModified\":\"2026-04-15T14:55:20+00:00\",\"description\":\"Passport H\u00e9lico is distinguished by the quality of its training and is recognized as a leader in the field of teaching helicopter piloting.\",\"breadcrumb\":{\"@id\":\"https:\/\/www.passport-helico.com\/en\/distinction-prize\/#breadcrumb\"},\"inLanguage\":\"en-US\",\"potentialAction\":[{\"@type\":\"ReadAction\",\"target\":[\"https:\/\/www.passport-helico.com\/en\/distinction-prize\/\"]}]},{\"@type\":\"BreadcrumbList\",\"@id\":\"https:\/\/www.passport-helico.com\/en\/distinction-prize\/#breadcrumb\",\"itemListElement\":[{\"@type\":\"ListItem\",\"position\":1,\"name\":\"Home\",\"item\":\"https:\/\/www.passport-helico.com\/en\/\"},{\"@type\":\"ListItem\",\"position\":2,\"name\":\"Distinction Prize\"}]},{\"@type\":\"WebSite\",\"@id\":\"https:\/\/www.passport-helico.com\/en\/#website\",\"url\":\"https:\/\/www.passport-helico.com\/en\/\",\"name\":\"Passport H\u00e9lico - \u00c9cole de pilotage Exploitant a\u00e9rien\",\"description\":\"Un site utilisant WordPress\",\"publisher\":{\"@id\":\"https:\/\/www.passport-helico.com\/en\/#organization\"},\"potentialAction\":[{\"@type\":\"SearchAction\",\"target\":{\"@type\":\"EntryPoint\",\"urlTemplate\":\"https:\/\/www.passport-helico.com\/en\/?s={search_term_string}\"},\"query-input\":{\"@type\":\"PropertyValueSpecification\",\"valueRequired\":true,\"valueName\":\"search_term_string\"}}],\"inLanguage\":\"en-US\"},{\"@type\":\"Organization\",\"@id\":\"https:\/\/www.passport-helico.com\/en\/#organization\",\"name\":\"Passport H\u00e9lico\",\"url\":\"https:\/\/www.passport-helico.com\/en\/\",\"logo\":{\"@type\":\"ImageObject\",\"inLanguage\":\"en-US\",\"@id\":\"https:\/\/www.passport-helico.com\/en\/#\/schema\/logo\/image\/\",\"url\":\"https:\/\/www.passport-helico.com\/wp-content\/uploads\/2020\/03\/PassportHelico_logo_3.png\",\"contentUrl\":\"https:\/\/www.passport-helico.com\/wp-content\/uploads\/2020\/03\/PassportHelico_logo_3.png\",\"width\":703,\"height\":288,\"caption\":\"Passport H\u00e9lico\"},\"image\":{\"@id\":\"https:\/\/www.passport-helico.com\/en\/#\/schema\/logo\/image\/\"},\"sameAs\":[\"https:\/\/www.facebook.com\/Passport-H\u00e9lico-8001990821\/?ref=br_rs\",\"https:\/\/www.instagram.com\/passport.helico\/\",\"https:\/\/www.youtube.com\/channel\/UCaWk_PFpUUci--PVSctu_1w\"]}]}<\/script>\n<!-- \/ Yoast SEO plugin. -->","yoast_head_json":{"title":"Distinction Prize - Passport H\u00e9lico - \u00c9cole de pilotage Exploitant a\u00e9rien","description":"Passport H\u00e9lico is distinguished by the quality of its training and is recognized as a leader in the field of teaching helicopter piloting.","robots":{"index":"index","follow":"follow","max-snippet":"max-snippet:-1","max-image-preview":"max-image-preview:large","max-video-preview":"max-video-preview:-1"},"canonical":"https:\/\/www.passport-helico.com\/en\/distinction-prize\/","og_locale":"en_US","og_type":"article","og_title":"Distinction Prize - Passport H\u00e9lico - \u00c9cole de pilotage Exploitant a\u00e9rien","og_description":"Passport H\u00e9lico is distinguished by the quality of its training and is recognized as a leader in the field of teaching helicopter piloting.","og_url":"https:\/\/www.passport-helico.com\/en\/distinction-prize\/","og_site_name":"Passport H\u00e9lico - \u00c9cole de pilotage Exploitant a\u00e9rien","article_publisher":"https:\/\/www.facebook.com\/Passport-H%c3%a9lico-8001990821\/?ref=br_rs","article_modified_time":"2026-04-15T14:55:20+00:00","twitter_card":"summary_large_image","twitter_misc":{"Est. reading time":"1 minute"},"schema":{"@context":"https:\/\/schema.org","@graph":[{"@type":"WebPage","@id":"https:\/\/www.passport-helico.com\/en\/distinction-prize\/","url":"https:\/\/www.passport-helico.com\/en\/distinction-prize\/","name":"Distinction Prize - Passport H\u00e9lico - \u00c9cole de pilotage Exploitant a\u00e9rien","isPartOf":{"@id":"https:\/\/www.passport-helico.com\/en\/#website"},"datePublished":"2020-06-10T02:22:38+00:00","dateModified":"2026-04-15T14:55:20+00:00","description":"Passport H\u00e9lico is distinguished by the quality of its training and is recognized as a leader in the field of teaching helicopter piloting.","breadcrumb":{"@id":"https:\/\/www.passport-helico.com\/en\/distinction-prize\/#breadcrumb"},"inLanguage":"en-US","potentialAction":[{"@type":"ReadAction","target":["https:\/\/www.passport-helico.com\/en\/distinction-prize\/"]}]},{"@type":"BreadcrumbList","@id":"https:\/\/www.passport-helico.com\/en\/distinction-prize\/#breadcrumb","itemListElement":[{"@type":"ListItem","position":1,"name":"Home","item":"https:\/\/www.passport-helico.com\/en\/"},{"@type":"ListItem","position":2,"name":"Distinction Prize"}]},{"@type":"WebSite","@id":"https:\/\/www.passport-helico.com\/en\/#website","url":"https:\/\/www.passport-helico.com\/en\/","name":"Passport H\u00e9lico - \u00c9cole de pilotage Exploitant a\u00e9rien","description":"Un site utilisant WordPress","publisher":{"@id":"https:\/\/www.passport-helico.com\/en\/#organization"},"potentialAction":[{"@type":"SearchAction","target":{"@type":"EntryPoint","urlTemplate":"https:\/\/www.passport-helico.com\/en\/?s={search_term_string}"},"query-input":{"@type":"PropertyValueSpecification","valueRequired":true,"valueName":"search_term_string"}}],"inLanguage":"en-US"},{"@type":"Organization","@id":"https:\/\/www.passport-helico.com\/en\/#organization","name":"Passport H\u00e9lico","url":"https:\/\/www.passport-helico.com\/en\/","logo":{"@type":"ImageObject","inLanguage":"en-US","@id":"https:\/\/www.passport-helico.com\/en\/#\/schema\/logo\/image\/","url":"https:\/\/www.passport-helico.com\/wp-content\/uploads\/2020\/03\/PassportHelico_logo_3.png","contentUrl":"https:\/\/www.passport-helico.com\/wp-content\/uploads\/2020\/03\/PassportHelico_logo_3.png","width":703,"height":288,"caption":"Passport H\u00e9lico"},"image":{"@id":"https:\/\/www.passport-helico.com\/en\/#\/schema\/logo\/image\/"},"sameAs":["https:\/\/www.facebook.com\/Passport-H\u00e9lico-8001990821\/?ref=br_rs","https:\/\/www.instagram.com\/passport.helico\/","https:\/\/www.youtube.com\/channel\/UCaWk_PFpUUci--PVSctu_1w"]}]}},"_links":{"self":[{"href":"https:\/\/www.passport-helico.com\/en\/wp-json\/wp\/v2\/pages\/1499","targetHints":{"allow":["GET"]}}],"collection":[{"href":"https:\/\/www.passport-helico.com\/en\/wp-json\/wp\/v2\/pages"}],"about":[{"href":"https:\/\/www.passport-helico.com\/en\/wp-json\/wp\/v2\/types\/page"}],"author":[{"embeddable":true,"href":"https:\/\/www.passport-helico.com\/en\/wp-json\/wp\/v2\/users\/1"}],"replies":[{"embeddable":true,"href":"https:\/\/www.passport-helico.com\/en\/wp-json\/wp\/v2\/comments?post=1499"}],"version-history":[{"count":7,"href":"https:\/\/www.passport-helico.com\/en\/wp-json\/wp\/v2\/pages\/1499\/revisions"}],"predecessor-version":[{"id":8756,"href":"https:\/\/www.passport-helico.com\/en\/wp-json\/wp\/v2\/pages\/1499\/revisions\/8756"}],"wp:attachment":[{"href":"https:\/\/www.passport-helico.com\/en\/wp-json\/wp\/v2\/media?parent=1499"}],"curies":[{"name":"wp","href":"https:\/\/api.w.org\/{rel}","templated":true}]}}