{"id":1487,"date":"2020-06-10T02:04:23","date_gmt":"2020-06-10T02:04:23","guid":{"rendered":"http:\/\/passporthelico.appwapp.com\/our-courses\/"},"modified":"2021-02-11T18:18:34","modified_gmt":"2021-02-11T18:18:34","slug":"our-courses","status":"publish","type":"page","link":"https:\/\/www.passport-helico.com\/en\/our-courses\/","title":{"rendered":"Our Courses"},"content":{"rendered":"\n<style type=\"text\/css\" data-created_by=\"avia_inline_auto\" id=\"style-css-av-k7z70erx-670c1f57cfbc35ebfa41d8f36854c1c8\">\n.avia-section.av-k7z70erx-670c1f57cfbc35ebfa41d8f36854c1c8{\nbackground-repeat:no-repeat;\nbackground-image:url(https:\/\/www.passport-helico.com\/wp-content\/uploads\/2021\/01\/IMG_20200210_153231-scaled-e1609952254903.jpg);\nbackground-position:50% 0%;\nbackground-attachment:scroll;\n}\n.avia-section.av-k7z70erx-670c1f57cfbc35ebfa41d8f36854c1c8 .av-section-color-overlay{\nopacity:0.6;\nbackground-color:#000000;\n}\n<\/style>\n<div id='av_section_1'  class='avia-section av-k7z70erx-670c1f57cfbc35ebfa41d8f36854c1c8 main_color avia-section-no-padding avia-shadow  avia-builder-el-0  el_before_av_hr  avia-builder-el-first  avia-full-stretch avia-bg-style-scroll av-section-color-overlay-active av-minimum-height av-minimum-height-90  container_wrap sidebar_right'  data-section-bg-repeat='stretch' data-av_minimum_height_pc='90'><div class=\"av-section-color-overlay-wrap\"><div class=\"av-section-color-overlay\"><\/div><div class='container av-section-cont-open' ><main  role=\"main\" itemprop=\"mainContentOfPage\"  class='template-page content  av-content-small alpha units'><div class='post-entry post-entry-type-page post-entry-1487'><div class='entry-content-wrapper clearfix'>\n\n<style type=\"text\/css\" data-created_by=\"avia_inline_auto\" id=\"style-css-av-2chfl-07ad80967eb561f75fcf7d0c080af1a4\">\n.flex_column.av-2chfl-07ad80967eb561f75fcf7d0c080af1a4{\n-webkit-border-radius:0px 0px 0px 0px;\n-moz-border-radius:0px 0px 0px 0px;\nborder-radius:0px 0px 0px 0px;\npadding:0px 3% 0px 3%;\n}\n<\/style>\n<div class='flex_column av-2chfl-07ad80967eb561f75fcf7d0c080af1a4 av_one_full  avia-builder-el-1  avia-builder-el-no-sibling  first flex_column_div '     ><p>\n<style type=\"text\/css\" data-created_by=\"avia_inline_auto\" id=\"style-css-av-kjonj7ju-8c0380e29a5313508875b9069ab33f8c\">\n#top .hr.hr-invisible.av-kjonj7ju-8c0380e29a5313508875b9069ab33f8c{\nheight:50px;\n}\n<\/style>\n<div  class='hr av-kjonj7ju-8c0380e29a5313508875b9069ab33f8c hr-invisible  avia-builder-el-2  el_before_av_heading  avia-builder-el-first '><span class='hr-inner '><span class=\"hr-inner-style\"><\/span><\/span><\/div><br \/>\n\n<style type=\"text\/css\" data-created_by=\"avia_inline_auto\" id=\"style-css-av-av_heading-0ddfd171bf917256f7a88de21e120a2b\">\n#top .av-special-heading.av-av_heading-0ddfd171bf917256f7a88de21e120a2b{\npadding-bottom:10px;\n}\nbody .av-special-heading.av-av_heading-0ddfd171bf917256f7a88de21e120a2b .av-special-heading-tag .heading-char{\nfont-size:25px;\n}\n.av-special-heading.av-av_heading-0ddfd171bf917256f7a88de21e120a2b .av-subheading{\nfont-size:24px;\n}\n<\/style>\n<div  class='av-special-heading av-av_heading-0ddfd171bf917256f7a88de21e120a2b av-special-heading-h1 blockquote modern-quote modern-centered  avia-builder-el-3  el_after_av_hr  el_before_av_heading '><h1 class='av-special-heading-tag'  itemprop=\"headline\"  >Become a Pilot<\/h1><div class=\"special-heading-border\"><div class=\"special-heading-inner-border\"><\/div><\/div><\/div><br \/>\n\n<style type=\"text\/css\" data-created_by=\"avia_inline_auto\" id=\"style-css-av-kl16qst4-59c4f772da4e7a6ecf217afaab6336d9\">\n#top .av-special-heading.av-kl16qst4-59c4f772da4e7a6ecf217afaab6336d9{\npadding-bottom:10px;\ncolor:#ffffff;\nfont-size:30px;\n}\nbody .av-special-heading.av-kl16qst4-59c4f772da4e7a6ecf217afaab6336d9 .av-special-heading-tag .heading-char{\nfont-size:25px;\n}\n#top #wrap_all .av-special-heading.av-kl16qst4-59c4f772da4e7a6ecf217afaab6336d9 .av-special-heading-tag{\nfont-size:30px;\n}\n.av-special-heading.av-kl16qst4-59c4f772da4e7a6ecf217afaab6336d9 .special-heading-inner-border{\nborder-color:#ffffff;\n}\n.av-special-heading.av-kl16qst4-59c4f772da4e7a6ecf217afaab6336d9 .av-subheading{\nfont-size:24px;\n}\n\n@media only screen and (min-width: 480px) and (max-width: 767px){ \n#top #wrap_all .av-special-heading.av-kl16qst4-59c4f772da4e7a6ecf217afaab6336d9 .av-special-heading-tag{\nfont-size:0.8em;\n}\n}\n\n@media only screen and (max-width: 479px){ \n#top #wrap_all .av-special-heading.av-kl16qst4-59c4f772da4e7a6ecf217afaab6336d9 .av-special-heading-tag{\nfont-size:0.8em;\n}\n}\n<\/style>\n<div  class='av-special-heading av-kl16qst4-59c4f772da4e7a6ecf217afaab6336d9 av-special-heading-h2 custom-color-heading blockquote modern-quote modern-centered  avia-builder-el-4  el_after_av_heading  avia-builder-el-last  av-inherit-size'><h2 class='av-special-heading-tag'  itemprop=\"headline\"  >Our programs are unique and perfectly suited to the needs of the industry.<\/h2><div class=\"special-heading-border\"><div class=\"special-heading-inner-border\"><\/div><\/div><\/div><\/p><\/div><\/div><\/div><\/main><!-- close content main element --><\/div><\/div><\/div><div id='after_section_1'  class='main_color av_default_container_wrap container_wrap sidebar_right'  ><div class='container av-section-cont-open' ><div class='template-page content  av-content-small alpha units'><div class='post-entry post-entry-type-page post-entry-1487'><div class='entry-content-wrapper clearfix'>\n<style type=\"text\/css\" data-created_by=\"avia_inline_auto\" id=\"style-css-av-k7z5zeiy-5da942226de09a0e108c2d8fc718100f\">\n#top .hr.hr-invisible.av-k7z5zeiy-5da942226de09a0e108c2d8fc718100f{\nmargin-top:-150px;\nheight:1px;\n}\n<\/style>\n<div  class='hr av-k7z5zeiy-5da942226de09a0e108c2d8fc718100f hr-invisible  avia-builder-el-5  el_after_av_section  el_before_av_one_full  avia-builder-el-first '><span class='hr-inner '><span class=\"hr-inner-style\"><\/span><\/span><\/div><\/p>\n\n<style type=\"text\/css\" data-created_by=\"avia_inline_auto\" id=\"style-css-av-2yvb7-d3666be6d46efb7f29602aa4ca905933\">\n@-webkit-keyframes av_boxShadowEffect_av-2yvb7-d3666be6d46efb7f29602aa4ca905933-column {\n0%   { box-shadow:  0 0 0 0 rgba(0,0,0,0.4); opacity: 1; }\n100% { box-shadow:  0 0 10px 0 rgba(0,0,0,0.4); opacity: 1; }\n}\n@keyframes av_boxShadowEffect_av-2yvb7-d3666be6d46efb7f29602aa4ca905933-column {\n0%   { box-shadow:  0 0 0 0 rgba(0,0,0,0.4); opacity: 1; }\n100% { box-shadow:  0 0 10px 0 rgba(0,0,0,0.4); opacity: 1; }\n}\n.flex_column.av-2yvb7-d3666be6d46efb7f29602aa4ca905933{\nbox-shadow: 0 0 10px 0 rgba(0,0,0,0.4);\n-webkit-border-radius:0px 0px 0px 0px;\n-moz-border-radius:0px 0px 0px 0px;\nborder-radius:0px 0px 0px 0px;\npadding:5% 5% 5% 5%;\nbackground-color:#ffffff;\n}\n<\/style>\n<div class='flex_column av-2yvb7-d3666be6d46efb7f29602aa4ca905933 av_one_full  avia-builder-el-6  el_after_av_hr  avia-builder-el-last  first flex_column_div shadow-not-animated '     ><p>\n<style type=\"text\/css\" data-created_by=\"avia_inline_auto\" id=\"style-css-av-av_heading-7ffd5cf520bdd8fe5062b38618c40fe5\">\n#top .av-special-heading.av-av_heading-7ffd5cf520bdd8fe5062b38618c40fe5{\npadding-bottom:10px;\n}\nbody .av-special-heading.av-av_heading-7ffd5cf520bdd8fe5062b38618c40fe5 .av-special-heading-tag .heading-char{\nfont-size:25px;\n}\n.av-special-heading.av-av_heading-7ffd5cf520bdd8fe5062b38618c40fe5 .av-subheading{\nfont-size:15px;\n}\n<\/style>\n<div  class='av-special-heading av-av_heading-7ffd5cf520bdd8fe5062b38618c40fe5 av-special-heading-h2  avia-builder-el-7  el_before_av_hr  avia-builder-el-first '><h2 class='av-special-heading-tag'  itemprop=\"headline\"  >Our programs<\/h2><div class=\"special-heading-border\"><div class=\"special-heading-inner-border\"><\/div><\/div><\/div><br \/>\n\n<style type=\"text\/css\" data-created_by=\"avia_inline_auto\" id=\"style-css-av-gacvv-c6419de27ba49fa8d1ca1b8fb11c4885\">\n#top .hr.hr-invisible.av-gacvv-c6419de27ba49fa8d1ca1b8fb11c4885{\nheight:15px;\n}\n<\/style>\n<div  class='hr av-gacvv-c6419de27ba49fa8d1ca1b8fb11c4885 hr-invisible  avia-builder-el-8  el_after_av_heading  el_before_av_buttonrow '><span class='hr-inner '><span class=\"hr-inner-style\"><\/span><\/span><\/div><br \/>\n<div  class='avia-buttonrow-wrap av-k8rs23cg-d5c45f1780608b66a0194c0dfd1e88b6 avia-buttonrow-center  avia-builder-el-9  el_after_av_hr  el_before_av_hr '>\n\n<style type=\"text\/css\" data-created_by=\"avia_inline_auto\" id=\"style-css-av-tho7p-2a1525460a2c367dbc378c23bc197e4a\">\n#top #wrap_all .avia-button.av-tho7p-2a1525460a2c367dbc378c23bc197e4a{\nbackground-color:#cc9933;\nborder-color:#cc9933;\ncolor:#ffffff;\n-webkit-transition:all 0.4s ease-in-out;\n-moz-transition:all 0.4s ease-in-out;\n-ms-transition:all 0.4s ease-in-out;\n-o-transition:all 0.4s ease-in-out;\ntransition:all 0.4s ease-in-out;\nmargin-bottom:10px;\nmargin-right:5px;\nmargin-left:5px;\n}\n<\/style>\n<a href='https:\/\/www.passport-helico.com\/en\/choice-private-pilot-license-ppl\/'  class='avia-button av-tho7p-2a1525460a2c367dbc378c23bc197e4a avia-icon_select-no avia-size-large'  ><span class='avia_iconbox_title' >Private Pilot License<\/span><\/a>\n\n<style type=\"text\/css\" data-created_by=\"avia_inline_auto\" id=\"style-css-av-miu4d-db916c0603ac9b98887f2dcdace7b12d\">\n#top #wrap_all .avia-button.av-miu4d-db916c0603ac9b98887f2dcdace7b12d{\nbackground-color:#cc9933;\nborder-color:#cc9933;\ncolor:#ffffff;\n-webkit-transition:all 0.4s ease-in-out;\n-moz-transition:all 0.4s ease-in-out;\n-ms-transition:all 0.4s ease-in-out;\n-o-transition:all 0.4s ease-in-out;\ntransition:all 0.4s ease-in-out;\nmargin-bottom:10px;\nmargin-right:5px;\nmargin-left:5px;\n}\n<\/style>\n<a href='https:\/\/www.passport-helico.com\/en\/choice-professional-pilot-license-cpl\/'  class='avia-button av-miu4d-db916c0603ac9b98887f2dcdace7b12d avia-icon_select-no avia-size-large'  ><span class='avia_iconbox_title' >Commercial Pilot License<\/span><\/a>\n\n<style type=\"text\/css\" data-created_by=\"avia_inline_auto\" id=\"style-css-av-euhth-de1f5854f67a5ba7f4dacf69546c66cb\">\n#top #wrap_all .avia-button.av-euhth-de1f5854f67a5ba7f4dacf69546c66cb{\nbackground-color:#cc9933;\nborder-color:#cc9933;\ncolor:#ffffff;\n-webkit-transition:all 0.4s ease-in-out;\n-moz-transition:all 0.4s ease-in-out;\n-ms-transition:all 0.4s ease-in-out;\n-o-transition:all 0.4s ease-in-out;\ntransition:all 0.4s ease-in-out;\nmargin-bottom:10px;\nmargin-right:5px;\nmargin-left:5px;\n}\n<\/style>\n<a href='https:\/\/www.passport-helico.com\/en\/professional-pilot-license-with-college-diploma-acs-for-canadians\/'  class='avia-button av-euhth-de1f5854f67a5ba7f4dacf69546c66cb avia-icon_select-no avia-size-large'  ><span class='avia_iconbox_title' >Commercial Pilot License- ACS<\/span><\/a>\n<\/div><br \/>\n\n<style type=\"text\/css\" data-created_by=\"avia_inline_auto\" id=\"style-css-av-gacvv-d29a6c46d2c76b95e281fae67c9462b4\">\n#top .hr.hr-invisible.av-gacvv-d29a6c46d2c76b95e281fae67c9462b4{\nmargin-top:-10px;\nheight:1px;\n}\n<\/style>\n<div  class='hr av-gacvv-d29a6c46d2c76b95e281fae67c9462b4 hr-invisible  avia-builder-el-10  el_after_av_buttonrow  el_before_av_heading '><span class='hr-inner '><span class=\"hr-inner-style\"><\/span><\/span><\/div><br \/>\n\n<style type=\"text\/css\" data-created_by=\"avia_inline_auto\" id=\"style-css-av-av_heading-18fa0fbc2f21ebc22eab6da3e4135265\">\n#top .av-special-heading.av-av_heading-18fa0fbc2f21ebc22eab6da3e4135265{\npadding-bottom:10px;\ncolor:#201f14;\n}\nbody .av-special-heading.av-av_heading-18fa0fbc2f21ebc22eab6da3e4135265 .av-special-heading-tag .heading-char{\nfont-size:25px;\n}\n.av-special-heading.av-av_heading-18fa0fbc2f21ebc22eab6da3e4135265 .special-heading-inner-border{\nborder-color:#201f14;\n}\n.av-special-heading.av-av_heading-18fa0fbc2f21ebc22eab6da3e4135265 .av-subheading{\nfont-size:15px;\n}\n<\/style>\n<div  class='av-special-heading av-av_heading-18fa0fbc2f21ebc22eab6da3e4135265 av-special-heading-h5 custom-color-heading blockquote modern-quote modern-centered  avia-builder-el-11  el_after_av_hr  el_before_av_hr '><h5 class='av-special-heading-tag'  itemprop=\"headline\"  >Other Programs and Conversions<\/h5><div class=\"special-heading-border\"><div class=\"special-heading-inner-border\"><\/div><\/div><\/div><br \/>\n\n<style type=\"text\/css\" data-created_by=\"avia_inline_auto\" id=\"style-css-av-gacvv-c6419de27ba49fa8d1ca1b8fb11c4885\">\n#top .hr.hr-invisible.av-gacvv-c6419de27ba49fa8d1ca1b8fb11c4885{\nheight:15px;\n}\n<\/style>\n<div  class='hr av-gacvv-c6419de27ba49fa8d1ca1b8fb11c4885 hr-invisible  avia-builder-el-12  el_after_av_heading  el_before_av_buttonrow '><span class='hr-inner '><span class=\"hr-inner-style\"><\/span><\/span><\/div><br \/>\n<div  class='avia-buttonrow-wrap av-k8rs23cg-747061a98595a02456dc9eae26764442 avia-buttonrow-center  avia-builder-el-13  el_after_av_hr  el_before_av_buttonrow '>\n\n<style type=\"text\/css\" data-created_by=\"avia_inline_auto\" id=\"style-css-av-7n665-a2e21c69d5c845741a48e9a8e590fa9b\">\n#top #wrap_all .avia-button.av-7n665-a2e21c69d5c845741a48e9a8e590fa9b{\nmargin-bottom:5px;\nmargin-right:3px;\nmargin-left:3px;\n}\n<\/style>\n<a href='https:\/\/www.passport-helico.com\/en\/ifr\/'  class='avia-button av-7n665-a2e21c69d5c845741a48e9a8e590fa9b avia-icon_select-no avia-size-large avia-color-dark'  ><span class='avia_iconbox_title' >IFR<\/span><\/a>\n\n<style type=\"text\/css\" data-created_by=\"avia_inline_auto\" id=\"style-css-av-x2twl-392a645ba30e90daa7881c2b75efd3fe\">\n#top #wrap_all .avia-button.av-x2twl-392a645ba30e90daa7881c2b75efd3fe{\nmargin-bottom:5px;\nmargin-right:3px;\nmargin-left:3px;\n}\n<\/style>\n<a href='https:\/\/www.passport-helico.com\/en\/night-rating\/'  class='avia-button av-x2twl-392a645ba30e90daa7881c2b75efd3fe avia-icon_select-no avia-size-large avia-color-dark'  ><span class='avia_iconbox_title' >Night Rating<\/span><\/a>\n\n<style type=\"text\/css\" data-created_by=\"avia_inline_auto\" id=\"style-css-av-ktvod-6f30409bf7feb44bca34bfafd98e1405\">\n#top #wrap_all .avia-button.av-ktvod-6f30409bf7feb44bca34bfafd98e1405{\nmargin-bottom:5px;\nmargin-right:3px;\nmargin-left:3px;\n}\n<\/style>\n<a href='https:\/\/www.passport-helico.com\/en\/certified-flight-instructor\/'  class='avia-button av-ktvod-6f30409bf7feb44bca34bfafd98e1405 avia-icon_select-no avia-size-large avia-color-dark'  ><span class='avia_iconbox_title' >Certified Flight Instructor<\/span><\/a>\n\n<style type=\"text\/css\" data-created_by=\"avia_inline_auto\" id=\"style-css-av-piwjx-1f4c3100c728bebdd3c220700e2a56d7\">\n#top #wrap_all .avia-button.av-piwjx-1f4c3100c728bebdd3c220700e2a56d7{\nmargin-bottom:5px;\nmargin-right:3px;\nmargin-left:3px;\n}\n<\/style>\n<a href='https:\/\/www.passport-helico.com\/en\/specialized-training-aqta-training\/'  class='avia-button av-piwjx-1f4c3100c728bebdd3c220700e2a56d7 avia-icon_select-no avia-size-large avia-color-dark'  ><span class='avia_iconbox_title' >Specialized Training<\/span><\/a>\n<\/div><br \/>\n<div  class='avia-buttonrow-wrap av-k8rs23cg-747061a98595a02456dc9eae26764442 avia-buttonrow-center  avia-builder-el-14  el_after_av_buttonrow  avia-builder-el-last '>\n\n<style type=\"text\/css\" data-created_by=\"avia_inline_auto\" id=\"style-css-av-d7gth-f2b927c0883178ebbf64000a3d1d0ac9\">\n#top #wrap_all .avia-button.av-d7gth-f2b927c0883178ebbf64000a3d1d0ac9{\nmargin-bottom:5px;\nmargin-right:3px;\nmargin-left:3px;\n}\n<\/style>\n<a href='https:\/\/www.passport-helico.com\/en\/conversion-from-private-helicopter-license\/'  class='avia-button av-d7gth-f2b927c0883178ebbf64000a3d1d0ac9 avia-icon_select-no avia-size-large avia-color-dark'  ><span class='avia_iconbox_title' >Commercial Pilot License - Conversion for Private Helicopter Pilots<\/span><\/a>\n\n<style type=\"text\/css\" data-created_by=\"avia_inline_auto\" id=\"style-css-av-7os1h-de1b9052e14810b2498fd4c4b90c4d76\">\n#top #wrap_all .avia-button.av-7os1h-de1b9052e14810b2498fd4c4b90c4d76{\nmargin-bottom:5px;\nmargin-right:3px;\nmargin-left:3px;\n}\n<\/style>\n<a href='https:\/\/www.passport-helico.com\/en\/fixed-wing-pilot-license-conversion\/'  class='avia-button av-7os1h-de1b9052e14810b2498fd4c4b90c4d76 avia-icon_select-no avia-size-large avia-color-dark'  ><span class='avia_iconbox_title' >Private Pilot License - Conversion for Private Airplane Pilots<\/span><\/a>\n\n<style type=\"text\/css\" data-created_by=\"avia_inline_auto\" id=\"style-css-av-7vw7p-eb8375240183675a990b2d578b594dce\">\n#top #wrap_all .avia-button.av-7vw7p-eb8375240183675a990b2d578b594dce{\nmargin-bottom:5px;\nmargin-right:3px;\nmargin-left:3px;\n}\n<\/style>\n<a href='https:\/\/www.passport-helico.com\/en\/helicopter-type-rating-qualification\/'  class='avia-button av-7vw7p-eb8375240183675a990b2d578b594dce avia-icon_select-no avia-size-large avia-color-dark'  ><span class='avia_iconbox_title' >Helicopter Type Rating Qualification<\/span><\/a>\n<\/div><\/p><\/div>\n","protected":false},"excerpt":{"rendered":"","protected":false},"author":1,"featured_media":0,"parent":0,"menu_order":0,"comment_status":"closed","ping_status":"closed","template":"","meta":{"footnotes":""},"class_list":["post-1487","page","type-page","status-publish","hentry"],"yoast_head":"<!-- This site is optimized with the Yoast SEO plugin v26.8 - https:\/\/yoast.com\/product\/yoast-seo-wordpress\/ -->\n<title>Our Courses - Passport H\u00e9lico - \u00c9cole de pilotage Exploitant a\u00e9rien<\/title>\n<meta name=\"description\" content=\"We have created programs that are unique and perfectly suited to the market&#039;s needs. No other school offers to their graduates so many opportunity to work.\" \/>\n<meta name=\"robots\" content=\"index, follow, max-snippet:-1, max-image-preview:large, max-video-preview:-1\" \/>\n<link rel=\"canonical\" href=\"https:\/\/www.passport-helico.com\/en\/our-courses\/\" \/>\n<meta property=\"og:locale\" content=\"en_US\" \/>\n<meta property=\"og:type\" content=\"article\" \/>\n<meta property=\"og:title\" content=\"Our Courses - Passport H\u00e9lico - \u00c9cole de pilotage Exploitant a\u00e9rien\" \/>\n<meta property=\"og:description\" content=\"We have created programs that are unique and perfectly suited to the market&#039;s needs. No other school offers to their graduates so many opportunity to work.\" \/>\n<meta property=\"og:url\" content=\"https:\/\/www.passport-helico.com\/en\/our-courses\/\" \/>\n<meta property=\"og:site_name\" content=\"Passport H\u00e9lico - \u00c9cole de pilotage Exploitant a\u00e9rien\" \/>\n<meta property=\"article:publisher\" content=\"https:\/\/www.facebook.com\/Passport-H%c3%a9lico-8001990821\/?ref=br_rs\" \/>\n<meta property=\"article:modified_time\" content=\"2021-02-11T18:18:34+00:00\" \/>\n<meta name=\"twitter:card\" content=\"summary_large_image\" \/>\n<meta name=\"twitter:label1\" content=\"Est. reading time\" \/>\n\t<meta name=\"twitter:data1\" content=\"8 minutes\" \/>\n<script type=\"application\/ld+json\" class=\"yoast-schema-graph\">{\"@context\":\"https:\/\/schema.org\",\"@graph\":[{\"@type\":\"WebPage\",\"@id\":\"https:\/\/www.passport-helico.com\/en\/our-courses\/\",\"url\":\"https:\/\/www.passport-helico.com\/en\/our-courses\/\",\"name\":\"Our Courses - Passport H\u00e9lico - \u00c9cole de pilotage Exploitant a\u00e9rien\",\"isPartOf\":{\"@id\":\"https:\/\/www.passport-helico.com\/en\/#website\"},\"datePublished\":\"2020-06-10T02:04:23+00:00\",\"dateModified\":\"2021-02-11T18:18:34+00:00\",\"description\":\"We have created programs that are unique and perfectly suited to the market's needs. No other school offers to their graduates so many opportunity to work.\",\"breadcrumb\":{\"@id\":\"https:\/\/www.passport-helico.com\/en\/our-courses\/#breadcrumb\"},\"inLanguage\":\"en-US\",\"potentialAction\":[{\"@type\":\"ReadAction\",\"target\":[\"https:\/\/www.passport-helico.com\/en\/our-courses\/\"]}]},{\"@type\":\"BreadcrumbList\",\"@id\":\"https:\/\/www.passport-helico.com\/en\/our-courses\/#breadcrumb\",\"itemListElement\":[{\"@type\":\"ListItem\",\"position\":1,\"name\":\"Home\",\"item\":\"https:\/\/www.passport-helico.com\/en\/\"},{\"@type\":\"ListItem\",\"position\":2,\"name\":\"Our Courses\"}]},{\"@type\":\"WebSite\",\"@id\":\"https:\/\/www.passport-helico.com\/en\/#website\",\"url\":\"https:\/\/www.passport-helico.com\/en\/\",\"name\":\"Passport H\u00e9lico - \u00c9cole de pilotage Exploitant a\u00e9rien\",\"description\":\"Un site utilisant WordPress\",\"publisher\":{\"@id\":\"https:\/\/www.passport-helico.com\/en\/#organization\"},\"potentialAction\":[{\"@type\":\"SearchAction\",\"target\":{\"@type\":\"EntryPoint\",\"urlTemplate\":\"https:\/\/www.passport-helico.com\/en\/?s={search_term_string}\"},\"query-input\":{\"@type\":\"PropertyValueSpecification\",\"valueRequired\":true,\"valueName\":\"search_term_string\"}}],\"inLanguage\":\"en-US\"},{\"@type\":\"Organization\",\"@id\":\"https:\/\/www.passport-helico.com\/en\/#organization\",\"name\":\"Passport H\u00e9lico\",\"url\":\"https:\/\/www.passport-helico.com\/en\/\",\"logo\":{\"@type\":\"ImageObject\",\"inLanguage\":\"en-US\",\"@id\":\"https:\/\/www.passport-helico.com\/en\/#\/schema\/logo\/image\/\",\"url\":\"https:\/\/www.passport-helico.com\/wp-content\/uploads\/2020\/03\/PassportHelico_logo_3.png\",\"contentUrl\":\"https:\/\/www.passport-helico.com\/wp-content\/uploads\/2020\/03\/PassportHelico_logo_3.png\",\"width\":703,\"height\":288,\"caption\":\"Passport H\u00e9lico\"},\"image\":{\"@id\":\"https:\/\/www.passport-helico.com\/en\/#\/schema\/logo\/image\/\"},\"sameAs\":[\"https:\/\/www.facebook.com\/Passport-H\u00e9lico-8001990821\/?ref=br_rs\",\"https:\/\/www.instagram.com\/passport.helico\/\",\"https:\/\/www.youtube.com\/channel\/UCaWk_PFpUUci--PVSctu_1w\"]}]}<\/script>\n<!-- \/ Yoast SEO plugin. -->","yoast_head_json":{"title":"Our Courses - Passport H\u00e9lico - \u00c9cole de pilotage Exploitant a\u00e9rien","description":"We have created programs that are unique and perfectly suited to the market's needs. No other school offers to their graduates so many opportunity to work.","robots":{"index":"index","follow":"follow","max-snippet":"max-snippet:-1","max-image-preview":"max-image-preview:large","max-video-preview":"max-video-preview:-1"},"canonical":"https:\/\/www.passport-helico.com\/en\/our-courses\/","og_locale":"en_US","og_type":"article","og_title":"Our Courses - Passport H\u00e9lico - \u00c9cole de pilotage Exploitant a\u00e9rien","og_description":"We have created programs that are unique and perfectly suited to the market's needs. No other school offers to their graduates so many opportunity to work.","og_url":"https:\/\/www.passport-helico.com\/en\/our-courses\/","og_site_name":"Passport H\u00e9lico - \u00c9cole de pilotage Exploitant a\u00e9rien","article_publisher":"https:\/\/www.facebook.com\/Passport-H%c3%a9lico-8001990821\/?ref=br_rs","article_modified_time":"2021-02-11T18:18:34+00:00","twitter_card":"summary_large_image","twitter_misc":{"Est. reading time":"8 minutes"},"schema":{"@context":"https:\/\/schema.org","@graph":[{"@type":"WebPage","@id":"https:\/\/www.passport-helico.com\/en\/our-courses\/","url":"https:\/\/www.passport-helico.com\/en\/our-courses\/","name":"Our Courses - Passport H\u00e9lico - \u00c9cole de pilotage Exploitant a\u00e9rien","isPartOf":{"@id":"https:\/\/www.passport-helico.com\/en\/#website"},"datePublished":"2020-06-10T02:04:23+00:00","dateModified":"2021-02-11T18:18:34+00:00","description":"We have created programs that are unique and perfectly suited to the market's needs. No other school offers to their graduates so many opportunity to work.","breadcrumb":{"@id":"https:\/\/www.passport-helico.com\/en\/our-courses\/#breadcrumb"},"inLanguage":"en-US","potentialAction":[{"@type":"ReadAction","target":["https:\/\/www.passport-helico.com\/en\/our-courses\/"]}]},{"@type":"BreadcrumbList","@id":"https:\/\/www.passport-helico.com\/en\/our-courses\/#breadcrumb","itemListElement":[{"@type":"ListItem","position":1,"name":"Home","item":"https:\/\/www.passport-helico.com\/en\/"},{"@type":"ListItem","position":2,"name":"Our Courses"}]},{"@type":"WebSite","@id":"https:\/\/www.passport-helico.com\/en\/#website","url":"https:\/\/www.passport-helico.com\/en\/","name":"Passport H\u00e9lico - \u00c9cole de pilotage Exploitant a\u00e9rien","description":"Un site utilisant WordPress","publisher":{"@id":"https:\/\/www.passport-helico.com\/en\/#organization"},"potentialAction":[{"@type":"SearchAction","target":{"@type":"EntryPoint","urlTemplate":"https:\/\/www.passport-helico.com\/en\/?s={search_term_string}"},"query-input":{"@type":"PropertyValueSpecification","valueRequired":true,"valueName":"search_term_string"}}],"inLanguage":"en-US"},{"@type":"Organization","@id":"https:\/\/www.passport-helico.com\/en\/#organization","name":"Passport H\u00e9lico","url":"https:\/\/www.passport-helico.com\/en\/","logo":{"@type":"ImageObject","inLanguage":"en-US","@id":"https:\/\/www.passport-helico.com\/en\/#\/schema\/logo\/image\/","url":"https:\/\/www.passport-helico.com\/wp-content\/uploads\/2020\/03\/PassportHelico_logo_3.png","contentUrl":"https:\/\/www.passport-helico.com\/wp-content\/uploads\/2020\/03\/PassportHelico_logo_3.png","width":703,"height":288,"caption":"Passport H\u00e9lico"},"image":{"@id":"https:\/\/www.passport-helico.com\/en\/#\/schema\/logo\/image\/"},"sameAs":["https:\/\/www.facebook.com\/Passport-H\u00e9lico-8001990821\/?ref=br_rs","https:\/\/www.instagram.com\/passport.helico\/","https:\/\/www.youtube.com\/channel\/UCaWk_PFpUUci--PVSctu_1w"]}]}},"_links":{"self":[{"href":"https:\/\/www.passport-helico.com\/en\/wp-json\/wp\/v2\/pages\/1487","targetHints":{"allow":["GET"]}}],"collection":[{"href":"https:\/\/www.passport-helico.com\/en\/wp-json\/wp\/v2\/pages"}],"about":[{"href":"https:\/\/www.passport-helico.com\/en\/wp-json\/wp\/v2\/types\/page"}],"author":[{"embeddable":true,"href":"https:\/\/www.passport-helico.com\/en\/wp-json\/wp\/v2\/users\/1"}],"replies":[{"embeddable":true,"href":"https:\/\/www.passport-helico.com\/en\/wp-json\/wp\/v2\/comments?post=1487"}],"version-history":[{"count":0,"href":"https:\/\/www.passport-helico.com\/en\/wp-json\/wp\/v2\/pages\/1487\/revisions"}],"wp:attachment":[{"href":"https:\/\/www.passport-helico.com\/en\/wp-json\/wp\/v2\/media?parent=1487"}],"curies":[{"name":"wp","href":"https:\/\/api.w.org\/{rel}","templated":true}]}}