{"id":1483,"date":"2020-06-10T02:02:54","date_gmt":"2020-06-10T02:02:54","guid":{"rendered":"http:\/\/passporthelico.appwapp.com\/from-our-president\/"},"modified":"2021-02-12T20:08:07","modified_gmt":"2021-02-12T20:08:07","slug":"from-our-president","status":"publish","type":"page","link":"https:\/\/www.passport-helico.com\/en\/from-our-president\/","title":{"rendered":"From our President"},"content":{"rendered":"<div id='av_section_1'  class='avia-section av-k9hjxs3w-ad4d27bb4be76888bdc730cf0680367e main_color avia-section-default avia-no-border-styling  avia-builder-el-0  avia-builder-el-no-sibling  avia-bg-style-scroll container_wrap sidebar_right'  ><div class='container av-section-cont-open' ><main  role=\"main\" itemprop=\"mainContentOfPage\"  class='template-page content  av-content-small alpha units'><div class='post-entry post-entry-type-page post-entry-1483'><div class='entry-content-wrapper clearfix'>\n<div class='flex_column_table av-k9hjube8-8ab24d5231f2aad93b66def9f6791704 sc-av_one_half av-equal-height-column-flextable'>\n<style type=\"text\/css\" data-created_by=\"avia_inline_auto\" id=\"style-css-av-k9hjube8-8ab24d5231f2aad93b66def9f6791704\">\n.flex_column.av-k9hjube8-8ab24d5231f2aad93b66def9f6791704{\n-webkit-border-radius:0px 0px 0px 0px;\n-moz-border-radius:0px 0px 0px 0px;\nborder-radius:0px 0px 0px 0px;\npadding:5% 0 5% 5%;\n}\n<\/style>\n<div class='flex_column av-k9hjube8-8ab24d5231f2aad93b66def9f6791704 av_one_half  avia-builder-el-1  el_before_av_one_half  avia-builder-el-first  first flex_column_table_cell av-equal-height-column av-align-top '     ><p>\n<style type=\"text\/css\" data-created_by=\"avia_inline_auto\" id=\"style-css-av-av_heading-ff092f9c31d9a83242b7faf796ba0cbd\">\n#top .av-special-heading.av-av_heading-ff092f9c31d9a83242b7faf796ba0cbd{\npadding-bottom:20px;\n}\nbody .av-special-heading.av-av_heading-ff092f9c31d9a83242b7faf796ba0cbd .av-special-heading-tag .heading-char{\nfont-size:25px;\n}\n.av-special-heading.av-av_heading-ff092f9c31d9a83242b7faf796ba0cbd .av-subheading{\nfont-size:15px;\n}\n<\/style>\n<div  class='av-special-heading av-av_heading-ff092f9c31d9a83242b7faf796ba0cbd av-special-heading-h3  avia-builder-el-2  el_before_av_hr  avia-builder-el-first '><h3 class='av-special-heading-tag'  itemprop=\"headline\"  >A passion to succeed<\/h3><div class=\"special-heading-border\"><div class=\"special-heading-inner-border\"><\/div><\/div><\/div><br \/>\n\n<style type=\"text\/css\" data-created_by=\"avia_inline_auto\" id=\"style-css-av-k9hjw4za-bca4afe644776a8cfae49762c45474f7\">\n#top .hr.hr-invisible.av-k9hjw4za-bca4afe644776a8cfae49762c45474f7{\nheight:25px;\n}\n<\/style>\n<div  class='hr av-k9hjw4za-bca4afe644776a8cfae49762c45474f7 hr-invisible  avia-builder-el-3  el_after_av_heading  el_before_av_textblock '><span class='hr-inner '><span class=\"hr-inner-style\"><\/span><\/span><\/div><br \/>\n<section  class='av_textblock_section av-k9hjqgwp-f91aae8ec5db926bfc117790a42f8779'  itemscope=\"itemscope\" itemtype=\"https:\/\/schema.org\/CreativeWork\" ><div class='avia_textblock'  itemprop=\"text\" ><p>At Passport Helico, we are passionate about helicopter flying. We approach every day with contagious enthusiasm so as to offer not only outstanding expertise in helicopter flying instruction but also a setting that is both rigorous and congenial.<\/p>\n<p>Established in 1989, Passport Helico is one of the largest flight training helicopter units in Canada. Our mission is first and foremost to train the best helicopter pilots possible. We go the extra mile to offer learning and flying experiences that are dynamic and stimulating, as well as pleasurable for you. Our approach is designed to act as a catalyst to your passion for flying and to propel you rapidly towards success. Over the years, we have trained hundreds of students from all countries.<\/p>\n<p>Choosing Passport Helico for your helicopter pilot training means embarking on a journey toward professional excellence in the hands of a dedicated and experienced team. This team is fully invested in one goal, to help you take control of your future with confidence.<\/p>\n<\/div><\/section><br \/>\n\n<style type=\"text\/css\" data-created_by=\"avia_inline_auto\" id=\"style-css-av-k9hjt4ip-ac6b00a6eaca30d09b786d74edf7aa59\">\n.avia-image-container.av-k9hjt4ip-ac6b00a6eaca30d09b786d74edf7aa59 img.avia_image{\nbox-shadow:none;\n}\n.avia-image-container.av-k9hjt4ip-ac6b00a6eaca30d09b786d74edf7aa59 .av-image-caption-overlay-center{\ncolor:#ffffff;\n}\n<\/style>\n<div  class='avia-image-container av-k9hjt4ip-ac6b00a6eaca30d09b786d74edf7aa59 av-styling- avia-align-left  avia-builder-el-5  el_after_av_textblock  el_before_av_textblock '   itemprop=\"image\" itemscope=\"itemscope\" itemtype=\"https:\/\/schema.org\/ImageObject\" ><div class=\"avia-image-container-inner\"><div class=\"avia-image-overlay-wrap\"><img decoding=\"async\" class='wp-image-806 avia-img-lazy-loading-not-806 avia_image ' src=\"https:\/\/www.passport-helico.com\/wp-content\/uploads\/2020\/04\/Yves-le-roux.jpg\" alt='Yves le roux' title='Yves le roux'  height=\"101\" width=\"163\"  itemprop=\"thumbnailUrl\"  \/><\/div><\/div><\/div><br \/>\n\n<style type=\"text\/css\" data-created_by=\"avia_inline_auto\" id=\"style-css-av-k9hjqgwp-2b901378742cd0a874f596bc8af9c029\">\n#top .av_textblock_section.av-k9hjqgwp-2b901378742cd0a874f596bc8af9c029 .avia_textblock{\nfont-size:12px;\n}\n<\/style>\n<section  class='av_textblock_section av-k9hjqgwp-2b901378742cd0a874f596bc8af9c029'  itemscope=\"itemscope\" itemtype=\"https:\/\/schema.org\/CreativeWork\" ><div class='avia_textblock'  itemprop=\"text\" ><blockquote>\n<p><strong>Yves Le Roux<br \/>\n<\/strong><strong>President<br \/>\n<\/strong>Passport Helico<\/p>\n<\/blockquote>\n<\/div><\/section><\/p><\/div><div class='av-flex-placeholder'><\/div>\n<style type=\"text\/css\" data-created_by=\"avia_inline_auto\" id=\"style-css-av-k9hjup75-cceb86b0d4ace72aee07ea4a86d999e6\">\n@-webkit-keyframes av_boxShadowEffect_av-k9hjup75-cceb86b0d4ace72aee07ea4a86d999e6-column {\n0%   { box-shadow:  0 0 0 0 #6b6b6b; opacity: 1; }\n100% { box-shadow:  0 0 10px 0 #6b6b6b; opacity: 1; }\n}\n@keyframes av_boxShadowEffect_av-k9hjup75-cceb86b0d4ace72aee07ea4a86d999e6-column {\n0%   { box-shadow:  0 0 0 0 #6b6b6b; opacity: 1; }\n100% { box-shadow:  0 0 10px 0 #6b6b6b; opacity: 1; }\n}\n.flex_column.av-k9hjup75-cceb86b0d4ace72aee07ea4a86d999e6{\nbox-shadow: 0 0 10px 0 #6b6b6b;\n-webkit-border-radius:0px 0px 0px 0px;\n-moz-border-radius:0px 0px 0px 0px;\nborder-radius:0px 0px 0px 0px;\npadding:5% 0 5% 0;\n}\n<\/style>\n<div class='flex_column av-k9hjup75-cceb86b0d4ace72aee07ea4a86d999e6 av_one_half  avia-builder-el-7  el_after_av_one_half  avia-builder-el-last  flex_column_table_cell av-equal-height-column av-align-top shadow-not-animated '     ><style type=\"text\/css\" data-created_by=\"avia_inline_auto\" id=\"style-css-av-k9hju6c6-a822f9af4a9c371a1732677202d519f8\">\n.avia-image-container.av-k9hju6c6-a822f9af4a9c371a1732677202d519f8 img.avia_image{\nbox-shadow:none;\n}\n.avia-image-container.av-k9hju6c6-a822f9af4a9c371a1732677202d519f8 .av-image-caption-overlay-center{\ncolor:#ffffff;\n}\n<\/style>\n<div  class='avia-image-container av-k9hju6c6-a822f9af4a9c371a1732677202d519f8 av-styling- avia-align-center  avia-builder-el-8  avia-builder-el-no-sibling '   itemprop=\"image\" itemscope=\"itemscope\" itemtype=\"https:\/\/schema.org\/ImageObject\" ><div class=\"avia-image-container-inner\"><div class=\"avia-image-overlay-wrap\"><img decoding=\"async\" class='wp-image-808 avia-img-lazy-loading-not-808 avia_image ' src=\"https:\/\/www.passport-helico.com\/wp-content\/uploads\/2020\/04\/Yves-Leroux.png\" alt='' title='Yves Leroux'  height=\"732\" width=\"330\"  itemprop=\"thumbnailUrl\" srcset=\"https:\/\/www.passport-helico.com\/wp-content\/uploads\/2020\/04\/Yves-Leroux.png 330w, https:\/\/www.passport-helico.com\/wp-content\/uploads\/2020\/04\/Yves-Leroux-135x300.png 135w, https:\/\/www.passport-helico.com\/wp-content\/uploads\/2020\/04\/Yves-Leroux-318x705.png 318w\" sizes=\"(max-width: 330px) 100vw, 330px\" \/><\/div><\/div><\/div><\/div><\/div><!--close column table wrapper. Autoclose: 1 --><\/div><\/div><\/main><!-- close content main element --><\/div><\/div><div id='after_section_1'  class='main_color av_default_container_wrap container_wrap sidebar_right'  ><div class='container av-section-cont-open' ><div class='template-page content  av-content-small alpha units'><div class='post-entry post-entry-type-page post-entry-1483'><div class='entry-content-wrapper clearfix'>\n","protected":false},"excerpt":{"rendered":"","protected":false},"author":1,"featured_media":0,"parent":0,"menu_order":0,"comment_status":"closed","ping_status":"closed","template":"","meta":{"footnotes":""},"class_list":["post-1483","page","type-page","status-publish","hentry"],"yoast_head":"<!-- This site is optimized with the Yoast SEO plugin v26.8 - https:\/\/yoast.com\/product\/yoast-seo-wordpress\/ -->\n<title>From our President - Passport H\u00e9lico - \u00c9cole de pilotage Exploitant a\u00e9rien<\/title>\n<meta name=\"description\" content=\"At Passport Helico, we are passionate about helicopter flying. Read what our President has to say about our school, our team and much more.\" \/>\n<meta name=\"robots\" content=\"index, follow, max-snippet:-1, max-image-preview:large, max-video-preview:-1\" \/>\n<link rel=\"canonical\" href=\"https:\/\/www.passport-helico.com\/en\/from-our-president\/\" \/>\n<meta property=\"og:locale\" content=\"en_US\" \/>\n<meta property=\"og:type\" content=\"article\" \/>\n<meta property=\"og:title\" content=\"From our President - Passport H\u00e9lico - \u00c9cole de pilotage Exploitant a\u00e9rien\" \/>\n<meta property=\"og:description\" content=\"At Passport Helico, we are passionate about helicopter flying. Read what our President has to say about our school, our team and much more.\" \/>\n<meta property=\"og:url\" content=\"https:\/\/www.passport-helico.com\/en\/from-our-president\/\" \/>\n<meta property=\"og:site_name\" content=\"Passport H\u00e9lico - \u00c9cole de pilotage Exploitant a\u00e9rien\" \/>\n<meta property=\"article:publisher\" content=\"https:\/\/www.facebook.com\/Passport-H%c3%a9lico-8001990821\/?ref=br_rs\" \/>\n<meta property=\"article:modified_time\" content=\"2021-02-12T20:08:07+00:00\" \/>\n<meta name=\"twitter:card\" content=\"summary_large_image\" \/>\n<meta name=\"twitter:label1\" content=\"Est. reading time\" \/>\n\t<meta name=\"twitter:data1\" content=\"4 minutes\" \/>\n<script type=\"application\/ld+json\" class=\"yoast-schema-graph\">{\"@context\":\"https:\/\/schema.org\",\"@graph\":[{\"@type\":\"WebPage\",\"@id\":\"https:\/\/www.passport-helico.com\/en\/from-our-president\/\",\"url\":\"https:\/\/www.passport-helico.com\/en\/from-our-president\/\",\"name\":\"From our President - Passport H\u00e9lico - \u00c9cole de pilotage Exploitant a\u00e9rien\",\"isPartOf\":{\"@id\":\"https:\/\/www.passport-helico.com\/en\/#website\"},\"datePublished\":\"2020-06-10T02:02:54+00:00\",\"dateModified\":\"2021-02-12T20:08:07+00:00\",\"description\":\"At Passport Helico, we are passionate about helicopter flying. Read what our President has to say about our school, our team and much more.\",\"breadcrumb\":{\"@id\":\"https:\/\/www.passport-helico.com\/en\/from-our-president\/#breadcrumb\"},\"inLanguage\":\"en-US\",\"potentialAction\":[{\"@type\":\"ReadAction\",\"target\":[\"https:\/\/www.passport-helico.com\/en\/from-our-president\/\"]}]},{\"@type\":\"BreadcrumbList\",\"@id\":\"https:\/\/www.passport-helico.com\/en\/from-our-president\/#breadcrumb\",\"itemListElement\":[{\"@type\":\"ListItem\",\"position\":1,\"name\":\"Home\",\"item\":\"https:\/\/www.passport-helico.com\/en\/\"},{\"@type\":\"ListItem\",\"position\":2,\"name\":\"From our President\"}]},{\"@type\":\"WebSite\",\"@id\":\"https:\/\/www.passport-helico.com\/en\/#website\",\"url\":\"https:\/\/www.passport-helico.com\/en\/\",\"name\":\"Passport H\u00e9lico - \u00c9cole de pilotage Exploitant a\u00e9rien\",\"description\":\"Un site utilisant WordPress\",\"publisher\":{\"@id\":\"https:\/\/www.passport-helico.com\/en\/#organization\"},\"potentialAction\":[{\"@type\":\"SearchAction\",\"target\":{\"@type\":\"EntryPoint\",\"urlTemplate\":\"https:\/\/www.passport-helico.com\/en\/?s={search_term_string}\"},\"query-input\":{\"@type\":\"PropertyValueSpecification\",\"valueRequired\":true,\"valueName\":\"search_term_string\"}}],\"inLanguage\":\"en-US\"},{\"@type\":\"Organization\",\"@id\":\"https:\/\/www.passport-helico.com\/en\/#organization\",\"name\":\"Passport H\u00e9lico\",\"url\":\"https:\/\/www.passport-helico.com\/en\/\",\"logo\":{\"@type\":\"ImageObject\",\"inLanguage\":\"en-US\",\"@id\":\"https:\/\/www.passport-helico.com\/en\/#\/schema\/logo\/image\/\",\"url\":\"https:\/\/www.passport-helico.com\/wp-content\/uploads\/2020\/03\/PassportHelico_logo_3.png\",\"contentUrl\":\"https:\/\/www.passport-helico.com\/wp-content\/uploads\/2020\/03\/PassportHelico_logo_3.png\",\"width\":703,\"height\":288,\"caption\":\"Passport H\u00e9lico\"},\"image\":{\"@id\":\"https:\/\/www.passport-helico.com\/en\/#\/schema\/logo\/image\/\"},\"sameAs\":[\"https:\/\/www.facebook.com\/Passport-H\u00e9lico-8001990821\/?ref=br_rs\",\"https:\/\/www.instagram.com\/passport.helico\/\",\"https:\/\/www.youtube.com\/channel\/UCaWk_PFpUUci--PVSctu_1w\"]}]}<\/script>\n<!-- \/ Yoast SEO plugin. -->","yoast_head_json":{"title":"From our President - Passport H\u00e9lico - \u00c9cole de pilotage Exploitant a\u00e9rien","description":"At Passport Helico, we are passionate about helicopter flying. Read what our President has to say about our school, our team and much more.","robots":{"index":"index","follow":"follow","max-snippet":"max-snippet:-1","max-image-preview":"max-image-preview:large","max-video-preview":"max-video-preview:-1"},"canonical":"https:\/\/www.passport-helico.com\/en\/from-our-president\/","og_locale":"en_US","og_type":"article","og_title":"From our President - Passport H\u00e9lico - \u00c9cole de pilotage Exploitant a\u00e9rien","og_description":"At Passport Helico, we are passionate about helicopter flying. Read what our President has to say about our school, our team and much more.","og_url":"https:\/\/www.passport-helico.com\/en\/from-our-president\/","og_site_name":"Passport H\u00e9lico - \u00c9cole de pilotage Exploitant a\u00e9rien","article_publisher":"https:\/\/www.facebook.com\/Passport-H%c3%a9lico-8001990821\/?ref=br_rs","article_modified_time":"2021-02-12T20:08:07+00:00","twitter_card":"summary_large_image","twitter_misc":{"Est. reading time":"4 minutes"},"schema":{"@context":"https:\/\/schema.org","@graph":[{"@type":"WebPage","@id":"https:\/\/www.passport-helico.com\/en\/from-our-president\/","url":"https:\/\/www.passport-helico.com\/en\/from-our-president\/","name":"From our President - Passport H\u00e9lico - \u00c9cole de pilotage Exploitant a\u00e9rien","isPartOf":{"@id":"https:\/\/www.passport-helico.com\/en\/#website"},"datePublished":"2020-06-10T02:02:54+00:00","dateModified":"2021-02-12T20:08:07+00:00","description":"At Passport Helico, we are passionate about helicopter flying. Read what our President has to say about our school, our team and much more.","breadcrumb":{"@id":"https:\/\/www.passport-helico.com\/en\/from-our-president\/#breadcrumb"},"inLanguage":"en-US","potentialAction":[{"@type":"ReadAction","target":["https:\/\/www.passport-helico.com\/en\/from-our-president\/"]}]},{"@type":"BreadcrumbList","@id":"https:\/\/www.passport-helico.com\/en\/from-our-president\/#breadcrumb","itemListElement":[{"@type":"ListItem","position":1,"name":"Home","item":"https:\/\/www.passport-helico.com\/en\/"},{"@type":"ListItem","position":2,"name":"From our President"}]},{"@type":"WebSite","@id":"https:\/\/www.passport-helico.com\/en\/#website","url":"https:\/\/www.passport-helico.com\/en\/","name":"Passport H\u00e9lico - \u00c9cole de pilotage Exploitant a\u00e9rien","description":"Un site utilisant WordPress","publisher":{"@id":"https:\/\/www.passport-helico.com\/en\/#organization"},"potentialAction":[{"@type":"SearchAction","target":{"@type":"EntryPoint","urlTemplate":"https:\/\/www.passport-helico.com\/en\/?s={search_term_string}"},"query-input":{"@type":"PropertyValueSpecification","valueRequired":true,"valueName":"search_term_string"}}],"inLanguage":"en-US"},{"@type":"Organization","@id":"https:\/\/www.passport-helico.com\/en\/#organization","name":"Passport H\u00e9lico","url":"https:\/\/www.passport-helico.com\/en\/","logo":{"@type":"ImageObject","inLanguage":"en-US","@id":"https:\/\/www.passport-helico.com\/en\/#\/schema\/logo\/image\/","url":"https:\/\/www.passport-helico.com\/wp-content\/uploads\/2020\/03\/PassportHelico_logo_3.png","contentUrl":"https:\/\/www.passport-helico.com\/wp-content\/uploads\/2020\/03\/PassportHelico_logo_3.png","width":703,"height":288,"caption":"Passport H\u00e9lico"},"image":{"@id":"https:\/\/www.passport-helico.com\/en\/#\/schema\/logo\/image\/"},"sameAs":["https:\/\/www.facebook.com\/Passport-H\u00e9lico-8001990821\/?ref=br_rs","https:\/\/www.instagram.com\/passport.helico\/","https:\/\/www.youtube.com\/channel\/UCaWk_PFpUUci--PVSctu_1w"]}]}},"_links":{"self":[{"href":"https:\/\/www.passport-helico.com\/en\/wp-json\/wp\/v2\/pages\/1483","targetHints":{"allow":["GET"]}}],"collection":[{"href":"https:\/\/www.passport-helico.com\/en\/wp-json\/wp\/v2\/pages"}],"about":[{"href":"https:\/\/www.passport-helico.com\/en\/wp-json\/wp\/v2\/types\/page"}],"author":[{"embeddable":true,"href":"https:\/\/www.passport-helico.com\/en\/wp-json\/wp\/v2\/users\/1"}],"replies":[{"embeddable":true,"href":"https:\/\/www.passport-helico.com\/en\/wp-json\/wp\/v2\/comments?post=1483"}],"version-history":[{"count":0,"href":"https:\/\/www.passport-helico.com\/en\/wp-json\/wp\/v2\/pages\/1483\/revisions"}],"wp:attachment":[{"href":"https:\/\/www.passport-helico.com\/en\/wp-json\/wp\/v2\/media?parent=1483"}],"curies":[{"name":"wp","href":"https:\/\/api.w.org\/{rel}","templated":true}]}}