{"id":1400,"date":"2020-06-04T19:54:33","date_gmt":"2020-06-04T19:54:33","guid":{"rendered":"http:\/\/passporthelico.appwapp.com\/contact-us\/"},"modified":"2021-02-24T16:36:58","modified_gmt":"2021-02-24T16:36:58","slug":"contact","status":"publish","type":"page","link":"https:\/\/www.passport-helico.com\/en\/contact\/","title":{"rendered":"Contact Us"},"content":{"rendered":"\n<style type=\"text\/css\" data-created_by=\"avia_inline_auto\" id=\"style-css-av-k7z5ukya-64f89e4414f4d86e7682595663d0fd67\">\n.avia-section.av-k7z5ukya-64f89e4414f4d86e7682595663d0fd67{\nbackground-color:#ffffff;\nbackground:linear-gradient( to bottom, #ffffff, #21201f );\n}\n<\/style>\n<div id='av_section_1'  class='avia-section av-k7z5ukya-64f89e4414f4d86e7682595663d0fd67 main_color avia-section-default avia-no-border-styling  avia-builder-el-0  avia-builder-el-no-sibling  avia-bg-style-scroll container_wrap sidebar_right'  ><div class='container av-section-cont-open' ><main  role=\"main\" itemprop=\"mainContentOfPage\"  class='template-page content  av-content-small alpha units'><div class='post-entry post-entry-type-page post-entry-1400'><div class='entry-content-wrapper clearfix'>\n\n<style type=\"text\/css\" data-created_by=\"avia_inline_auto\" id=\"style-css-av-2chfl-55e3c01b9e2876ccb477ebc2e18aeed8\">\n.flex_column.av-2chfl-55e3c01b9e2876ccb477ebc2e18aeed8{\n-webkit-border-radius:0px 0px 0px 0px;\n-moz-border-radius:0px 0px 0px 0px;\nborder-radius:0px 0px 0px 0px;\npadding:5% 5% 5% 5%;\n}\n<\/style>\n<div class='flex_column av-2chfl-55e3c01b9e2876ccb477ebc2e18aeed8 av_one_full  avia-builder-el-1  el_before_av_two_fifth  avia-builder-el-first  first flex_column_div '     ><p>\n<style type=\"text\/css\" data-created_by=\"avia_inline_auto\" id=\"style-css-av-av_heading-510826743c1248bc55210bc1fbd81c06\">\n#top .av-special-heading.av-av_heading-510826743c1248bc55210bc1fbd81c06{\npadding-bottom:10px;\n}\nbody .av-special-heading.av-av_heading-510826743c1248bc55210bc1fbd81c06 .av-special-heading-tag .heading-char{\nfont-size:25px;\n}\n.av-special-heading.av-av_heading-510826743c1248bc55210bc1fbd81c06 .av-subheading{\nfont-size:24px;\n}\n<\/style>\n<div  class='av-special-heading av-av_heading-510826743c1248bc55210bc1fbd81c06 av-special-heading-h2 blockquote modern-quote modern-centered  avia-builder-el-2  el_before_av_textblock  avia-builder-el-first '><h2 class='av-special-heading-tag'  itemprop=\"headline\"  >Contact Us<\/h2><div class=\"special-heading-border\"><div class=\"special-heading-inner-border\"><\/div><\/div><\/div><br \/>\n\n<style type=\"text\/css\" data-created_by=\"avia_inline_auto\" id=\"style-css-av-k7z56krg-4454f1ed32e6327186becabf812450ab\">\n#top .av_textblock_section.av-k7z56krg-4454f1ed32e6327186becabf812450ab .avia_textblock{\nfont-size:24px;\n}\n<\/style>\n<section  class='av_textblock_section av-k7z56krg-4454f1ed32e6327186becabf812450ab'  itemscope=\"itemscope\" itemtype=\"https:\/\/schema.org\/CreativeWork\" ><div class='avia_textblock'  itemprop=\"text\" ><p style=\"text-align: center;\">Our passionate team will be happy to answer all your questions!<\/p>\n<\/div><\/section><\/p><\/div><div class='flex_column_table av-k80b8ual-cee9e321d93f97d8e7366b62a566d86b sc-av_two_fifth av-break-at-tablet-flextable av-equal-height-column-flextable'>\n<style type=\"text\/css\" data-created_by=\"avia_inline_auto\" id=\"style-css-av-k80b8ual-cee9e321d93f97d8e7366b62a566d86b\">\n.flex_column.av-k80b8ual-cee9e321d93f97d8e7366b62a566d86b{\n-webkit-border-radius:0px 0px 0px 0px;\n-moz-border-radius:0px 0px 0px 0px;\nborder-radius:0px 0px 0px 0px;\npadding:0% 0% 5% 0%;\n}\n<\/style>\n<div class='flex_column av-k80b8ual-cee9e321d93f97d8e7366b62a566d86b av_two_fifth  avia-builder-el-4  el_after_av_one_full  el_before_av_three_fifth  first av-break-at-tablet flex_column_table_cell av-equal-height-column av-align-top column-top-margin'     ><p>\n<style type=\"text\/css\" data-created_by=\"avia_inline_auto\" id=\"style-css-av-kjox7454-e8e808817d514cc38504d7d96e252ca9\">\n.avia-image-container.av-kjox7454-e8e808817d514cc38504d7d96e252ca9 img.avia_image{\nbox-shadow:none;\n}\n.avia-image-container.av-kjox7454-e8e808817d514cc38504d7d96e252ca9 .av-caption-image-overlay-bg{\nopacity:0.5;\nbackground-color:#000000;\n}\n.avia-image-container.av-kjox7454-e8e808817d514cc38504d7d96e252ca9 .av-image-caption-overlay-center{\ncolor:#ffffff;\nfont-size:14px;\n}\n<\/style>\n<div  class='avia-image-container av-kjox7454-e8e808817d514cc38504d7d96e252ca9 av-styling- av-hover-grow avia-align-center  avia-builder-el-5  el_before_av_hr  avia-builder-el-first  noHover av-overlay-on-hover'   itemprop=\"image\" itemscope=\"itemscope\" itemtype=\"https:\/\/schema.org\/ImageObject\" ><div class=\"avia-image-container-inner\"><div class=\"avia-image-overlay-wrap\"><a href=\"https:\/\/www.google.com\/maps\/place\/Passport+H%C3%A9lico\/@45.7221412,-73.5976553,17z\/data=!3m1!4b1!4m5!3m4!1s0x4cc8ddfa4bf8524f:0xb589b068114a9469!8m2!3d45.7221412!4d-73.5954666\" class='avia_image' target=\"_blank\" rel=\"noopener noreferrer\"><div class=\"av-image-caption-overlay\"><div class=\"av-caption-image-overlay-bg\"><\/div><div class=\"av-image-caption-overlay-position\"><div class=\"av-image-caption-overlay-center\"><p>Find us<\/p>\n<\/div><\/div><\/div><img decoding=\"async\" class='wp-image-3702 avia-img-lazy-loading-not-3702 avia_image ' src=\"https:\/\/www.passport-helico.com\/wp-content\/uploads\/2021\/01\/Capture-decran-le-2021-01-08-a-18.36.40-1.png\" alt='\u00c9cole h\u00e9licopt\u00e8re au Qu\u00e9bec' title='Capture d\u2019\u00e9cran, le 2021-01-08 \u00e0 18.36.40'  height=\"429\" width=\"620\"  itemprop=\"thumbnailUrl\" srcset=\"https:\/\/www.passport-helico.com\/wp-content\/uploads\/2021\/01\/Capture-decran-le-2021-01-08-a-18.36.40-1.png 620w, https:\/\/www.passport-helico.com\/wp-content\/uploads\/2021\/01\/Capture-decran-le-2021-01-08-a-18.36.40-1-300x208.png 300w\" sizes=\"(max-width: 620px) 100vw, 620px\" \/><\/a><\/div><\/div><\/div><br \/>\n\n<style type=\"text\/css\" data-created_by=\"avia_inline_auto\" id=\"style-css-av-k80b992k-465af4e73497f2ebd02f0565057f131a\">\n#top .hr.hr-invisible.av-k80b992k-465af4e73497f2ebd02f0565057f131a{\nheight:30px;\n}\n<\/style>\n<div  class='hr av-k80b992k-465af4e73497f2ebd02f0565057f131a hr-invisible  avia-builder-el-6  el_after_av_image  el_before_av_textblock '><span class='hr-inner '><span class=\"hr-inner-style\"><\/span><\/span><\/div><br \/>\n\n<style type=\"text\/css\" data-created_by=\"avia_inline_auto\" id=\"style-css-av-k80b2sfa-f52f7e024cf5b42fdee593343d840155\">\n#top .av_textblock_section.av-k80b2sfa-f52f7e024cf5b42fdee593343d840155 .avia_textblock{\nfont-size:25px;\ncolor:#ffffff;\n}\n<\/style>\n<section  class='av_textblock_section av-k80b2sfa-f52f7e024cf5b42fdee593343d840155'  itemscope=\"itemscope\" itemtype=\"https:\/\/schema.org\/CreativeWork\" ><div class='avia_textblock av_inherit_color'  itemprop=\"text\" ><h4 style=\"text-align: left;\"><strong>10-3320, avenue de la Gare<\/strong><\/h4>\n<h4 style=\"text-align: left;\"><strong>Mascouche, (Quebec) Canada,<\/strong><\/h4>\n<h4 style=\"text-align: left;\"><strong>J7K 3C1<\/strong><\/h4>\n<\/div><\/section><br \/>\n\n<style type=\"text\/css\" data-created_by=\"avia_inline_auto\" id=\"style-css-av-k80b992k-465af4e73497f2ebd02f0565057f131a\">\n#top .hr.hr-invisible.av-k80b992k-465af4e73497f2ebd02f0565057f131a{\nheight:30px;\n}\n<\/style>\n<div  class='hr av-k80b992k-465af4e73497f2ebd02f0565057f131a hr-invisible  avia-builder-el-8  el_after_av_textblock  el_before_av_textblock '><span class='hr-inner '><span class=\"hr-inner-style\"><\/span><\/span><\/div><br \/>\n\n<style type=\"text\/css\" data-created_by=\"avia_inline_auto\" id=\"style-css-av-k80b2sfa-c9e05c45987c71d52a5686f5960ae8ad\">\n#top .av_textblock_section.av-k80b2sfa-c9e05c45987c71d52a5686f5960ae8ad .avia_textblock{\nfont-size:25px;\n}\n<\/style>\n<section  class='av_textblock_section av-k80b2sfa-c9e05c45987c71d52a5686f5960ae8ad'  itemscope=\"itemscope\" itemtype=\"https:\/\/schema.org\/CreativeWork\" ><div class='avia_textblock'  itemprop=\"text\" ><h4 style=\"text-align: left;\"><strong>T\u00e9l : (450) 474-4888<\/strong><\/h4>\n<h4 style=\"text-align: left;\"><strong>Sans Frais: (888) 810-5290<\/strong><\/h4>\n<h4 style=\"text-align: left;\"><strong>Fax : (450) 474-6323<\/strong><\/h4>\n<\/div><\/section><\/p><\/div><div class='av-flex-placeholder'><\/div>\n<style type=\"text\/css\" data-created_by=\"avia_inline_auto\" id=\"style-css-av-k80b8bfs-88fa8d663deed015442cf7224e7db190\">\n@-webkit-keyframes av_boxShadowEffect_av-k80b8bfs-88fa8d663deed015442cf7224e7db190-column {\n0%   { box-shadow:  0 0 0 0 rgba(10,10,10,0.4); opacity: 1; }\n100% { box-shadow:  0 0 10px 0 rgba(10,10,10,0.4); opacity: 1; }\n}\n@keyframes av_boxShadowEffect_av-k80b8bfs-88fa8d663deed015442cf7224e7db190-column {\n0%   { box-shadow:  0 0 0 0 rgba(10,10,10,0.4); opacity: 1; }\n100% { box-shadow:  0 0 10px 0 rgba(10,10,10,0.4); opacity: 1; }\n}\n.flex_column.av-k80b8bfs-88fa8d663deed015442cf7224e7db190{\nbox-shadow: 0 0 10px 0 rgba(10,10,10,0.4);\n-webkit-border-radius:0px 0px 0px 0px;\n-moz-border-radius:0px 0px 0px 0px;\nborder-radius:0px 0px 0px 0px;\npadding:5% 5% 5% 5%;\nbackground-color:#eaeaea;\n}\n<\/style>\n<div class='flex_column av-k80b8bfs-88fa8d663deed015442cf7224e7db190 av_three_fifth  avia-builder-el-10  el_after_av_two_fifth  el_before_av_hr  av-break-at-tablet flex_column_table_cell av-equal-height-column av-align-top av-animated-generic bottom-to-top shadow-not-animated column-top-margin'     ><\/div><\/div><!--close column table wrapper. Autoclose: 1 -->\n<style type=\"text\/css\" data-created_by=\"avia_inline_auto\" id=\"style-css-av-k7z5zeiy-ae6f0d6475b00e838b95e4a3d3347dec\">\n#top .hr.hr-invisible.av-k7z5zeiy-ae6f0d6475b00e838b95e4a3d3347dec{\nheight:50px;\n}\n<\/style>\n<div  class='hr av-k7z5zeiy-ae6f0d6475b00e838b95e4a3d3347dec hr-invisible  avia-builder-el-12  el_after_av_three_fifth  avia-builder-el-last '><span class='hr-inner '><span class=\"hr-inner-style\"><\/span><\/span><\/div>\n<\/div><\/div><\/main><!-- close content main element --><\/div><\/div><div id='after_section_1'  class='main_color av_default_container_wrap container_wrap sidebar_right'  ><div class='container av-section-cont-open' ><div class='template-page content  av-content-small alpha units'><div class='post-entry post-entry-type-page post-entry-1400'><div class='entry-content-wrapper clearfix'>\n","protected":false},"excerpt":{"rendered":"","protected":false},"author":1,"featured_media":0,"parent":0,"menu_order":0,"comment_status":"closed","ping_status":"closed","template":"","meta":{"footnotes":""},"class_list":["post-1400","page","type-page","status-publish","hentry"],"yoast_head":"<!-- This site is optimized with the Yoast SEO plugin v26.8 - https:\/\/yoast.com\/product\/yoast-seo-wordpress\/ -->\n<title>Contact Us - Passport H\u00e9lico - \u00c9cole de pilotage Exploitant a\u00e9rien<\/title>\n<meta name=\"description\" content=\"Our passionate team will be happy to answer all your questions!\" \/>\n<meta name=\"robots\" content=\"index, follow, max-snippet:-1, max-image-preview:large, max-video-preview:-1\" \/>\n<link rel=\"canonical\" href=\"https:\/\/www.passport-helico.com\/en\/contact\/\" \/>\n<meta property=\"og:locale\" content=\"en_US\" \/>\n<meta property=\"og:type\" content=\"article\" \/>\n<meta property=\"og:title\" content=\"Contact Us - Passport H\u00e9lico - \u00c9cole de pilotage Exploitant a\u00e9rien\" \/>\n<meta property=\"og:description\" content=\"Our passionate team will be happy to answer all your questions!\" \/>\n<meta property=\"og:url\" content=\"https:\/\/www.passport-helico.com\/en\/contact\/\" \/>\n<meta property=\"og:site_name\" content=\"Passport H\u00e9lico - \u00c9cole de pilotage Exploitant a\u00e9rien\" \/>\n<meta property=\"article:publisher\" content=\"https:\/\/www.facebook.com\/Passport-H%c3%a9lico-8001990821\/?ref=br_rs\" \/>\n<meta property=\"article:modified_time\" content=\"2021-02-24T16:36:58+00:00\" \/>\n<meta name=\"twitter:card\" content=\"summary_large_image\" \/>\n<meta name=\"twitter:label1\" content=\"Est. reading time\" \/>\n\t<meta name=\"twitter:data1\" content=\"5 minutes\" \/>\n<script type=\"application\/ld+json\" class=\"yoast-schema-graph\">{\"@context\":\"https:\/\/schema.org\",\"@graph\":[{\"@type\":\"WebPage\",\"@id\":\"https:\/\/www.passport-helico.com\/en\/contact\/\",\"url\":\"https:\/\/www.passport-helico.com\/en\/contact\/\",\"name\":\"Contact Us - Passport H\u00e9lico - \u00c9cole de pilotage Exploitant a\u00e9rien\",\"isPartOf\":{\"@id\":\"https:\/\/www.passport-helico.com\/en\/#website\"},\"datePublished\":\"2020-06-04T19:54:33+00:00\",\"dateModified\":\"2021-02-24T16:36:58+00:00\",\"description\":\"Our passionate team will be happy to answer all your questions!\",\"breadcrumb\":{\"@id\":\"https:\/\/www.passport-helico.com\/en\/contact\/#breadcrumb\"},\"inLanguage\":\"en-US\",\"potentialAction\":[{\"@type\":\"ReadAction\",\"target\":[\"https:\/\/www.passport-helico.com\/en\/contact\/\"]}]},{\"@type\":\"BreadcrumbList\",\"@id\":\"https:\/\/www.passport-helico.com\/en\/contact\/#breadcrumb\",\"itemListElement\":[{\"@type\":\"ListItem\",\"position\":1,\"name\":\"Home\",\"item\":\"https:\/\/www.passport-helico.com\/en\/\"},{\"@type\":\"ListItem\",\"position\":2,\"name\":\"Contact Us\"}]},{\"@type\":\"WebSite\",\"@id\":\"https:\/\/www.passport-helico.com\/en\/#website\",\"url\":\"https:\/\/www.passport-helico.com\/en\/\",\"name\":\"Passport H\u00e9lico - \u00c9cole de pilotage Exploitant a\u00e9rien\",\"description\":\"Un site utilisant WordPress\",\"publisher\":{\"@id\":\"https:\/\/www.passport-helico.com\/en\/#organization\"},\"potentialAction\":[{\"@type\":\"SearchAction\",\"target\":{\"@type\":\"EntryPoint\",\"urlTemplate\":\"https:\/\/www.passport-helico.com\/en\/?s={search_term_string}\"},\"query-input\":{\"@type\":\"PropertyValueSpecification\",\"valueRequired\":true,\"valueName\":\"search_term_string\"}}],\"inLanguage\":\"en-US\"},{\"@type\":\"Organization\",\"@id\":\"https:\/\/www.passport-helico.com\/en\/#organization\",\"name\":\"Passport H\u00e9lico\",\"url\":\"https:\/\/www.passport-helico.com\/en\/\",\"logo\":{\"@type\":\"ImageObject\",\"inLanguage\":\"en-US\",\"@id\":\"https:\/\/www.passport-helico.com\/en\/#\/schema\/logo\/image\/\",\"url\":\"https:\/\/www.passport-helico.com\/wp-content\/uploads\/2020\/03\/PassportHelico_logo_3.png\",\"contentUrl\":\"https:\/\/www.passport-helico.com\/wp-content\/uploads\/2020\/03\/PassportHelico_logo_3.png\",\"width\":703,\"height\":288,\"caption\":\"Passport H\u00e9lico\"},\"image\":{\"@id\":\"https:\/\/www.passport-helico.com\/en\/#\/schema\/logo\/image\/\"},\"sameAs\":[\"https:\/\/www.facebook.com\/Passport-H\u00e9lico-8001990821\/?ref=br_rs\",\"https:\/\/www.instagram.com\/passport.helico\/\",\"https:\/\/www.youtube.com\/channel\/UCaWk_PFpUUci--PVSctu_1w\"]}]}<\/script>\n<!-- \/ Yoast SEO plugin. -->","yoast_head_json":{"title":"Contact Us - Passport H\u00e9lico - \u00c9cole de pilotage Exploitant a\u00e9rien","description":"Our passionate team will be happy to answer all your questions!","robots":{"index":"index","follow":"follow","max-snippet":"max-snippet:-1","max-image-preview":"max-image-preview:large","max-video-preview":"max-video-preview:-1"},"canonical":"https:\/\/www.passport-helico.com\/en\/contact\/","og_locale":"en_US","og_type":"article","og_title":"Contact Us - Passport H\u00e9lico - \u00c9cole de pilotage Exploitant a\u00e9rien","og_description":"Our passionate team will be happy to answer all your questions!","og_url":"https:\/\/www.passport-helico.com\/en\/contact\/","og_site_name":"Passport H\u00e9lico - \u00c9cole de pilotage Exploitant a\u00e9rien","article_publisher":"https:\/\/www.facebook.com\/Passport-H%c3%a9lico-8001990821\/?ref=br_rs","article_modified_time":"2021-02-24T16:36:58+00:00","twitter_card":"summary_large_image","twitter_misc":{"Est. reading time":"5 minutes"},"schema":{"@context":"https:\/\/schema.org","@graph":[{"@type":"WebPage","@id":"https:\/\/www.passport-helico.com\/en\/contact\/","url":"https:\/\/www.passport-helico.com\/en\/contact\/","name":"Contact Us - Passport H\u00e9lico - \u00c9cole de pilotage Exploitant a\u00e9rien","isPartOf":{"@id":"https:\/\/www.passport-helico.com\/en\/#website"},"datePublished":"2020-06-04T19:54:33+00:00","dateModified":"2021-02-24T16:36:58+00:00","description":"Our passionate team will be happy to answer all your questions!","breadcrumb":{"@id":"https:\/\/www.passport-helico.com\/en\/contact\/#breadcrumb"},"inLanguage":"en-US","potentialAction":[{"@type":"ReadAction","target":["https:\/\/www.passport-helico.com\/en\/contact\/"]}]},{"@type":"BreadcrumbList","@id":"https:\/\/www.passport-helico.com\/en\/contact\/#breadcrumb","itemListElement":[{"@type":"ListItem","position":1,"name":"Home","item":"https:\/\/www.passport-helico.com\/en\/"},{"@type":"ListItem","position":2,"name":"Contact Us"}]},{"@type":"WebSite","@id":"https:\/\/www.passport-helico.com\/en\/#website","url":"https:\/\/www.passport-helico.com\/en\/","name":"Passport H\u00e9lico - \u00c9cole de pilotage Exploitant a\u00e9rien","description":"Un site utilisant WordPress","publisher":{"@id":"https:\/\/www.passport-helico.com\/en\/#organization"},"potentialAction":[{"@type":"SearchAction","target":{"@type":"EntryPoint","urlTemplate":"https:\/\/www.passport-helico.com\/en\/?s={search_term_string}"},"query-input":{"@type":"PropertyValueSpecification","valueRequired":true,"valueName":"search_term_string"}}],"inLanguage":"en-US"},{"@type":"Organization","@id":"https:\/\/www.passport-helico.com\/en\/#organization","name":"Passport H\u00e9lico","url":"https:\/\/www.passport-helico.com\/en\/","logo":{"@type":"ImageObject","inLanguage":"en-US","@id":"https:\/\/www.passport-helico.com\/en\/#\/schema\/logo\/image\/","url":"https:\/\/www.passport-helico.com\/wp-content\/uploads\/2020\/03\/PassportHelico_logo_3.png","contentUrl":"https:\/\/www.passport-helico.com\/wp-content\/uploads\/2020\/03\/PassportHelico_logo_3.png","width":703,"height":288,"caption":"Passport H\u00e9lico"},"image":{"@id":"https:\/\/www.passport-helico.com\/en\/#\/schema\/logo\/image\/"},"sameAs":["https:\/\/www.facebook.com\/Passport-H\u00e9lico-8001990821\/?ref=br_rs","https:\/\/www.instagram.com\/passport.helico\/","https:\/\/www.youtube.com\/channel\/UCaWk_PFpUUci--PVSctu_1w"]}]}},"_links":{"self":[{"href":"https:\/\/www.passport-helico.com\/en\/wp-json\/wp\/v2\/pages\/1400","targetHints":{"allow":["GET"]}}],"collection":[{"href":"https:\/\/www.passport-helico.com\/en\/wp-json\/wp\/v2\/pages"}],"about":[{"href":"https:\/\/www.passport-helico.com\/en\/wp-json\/wp\/v2\/types\/page"}],"author":[{"embeddable":true,"href":"https:\/\/www.passport-helico.com\/en\/wp-json\/wp\/v2\/users\/1"}],"replies":[{"embeddable":true,"href":"https:\/\/www.passport-helico.com\/en\/wp-json\/wp\/v2\/comments?post=1400"}],"version-history":[{"count":8,"href":"https:\/\/www.passport-helico.com\/en\/wp-json\/wp\/v2\/pages\/1400\/revisions"}],"predecessor-version":[{"id":6966,"href":"https:\/\/www.passport-helico.com\/en\/wp-json\/wp\/v2\/pages\/1400\/revisions\/6966"}],"wp:attachment":[{"href":"https:\/\/www.passport-helico.com\/en\/wp-json\/wp\/v2\/media?parent=1400"}],"curies":[{"name":"wp","href":"https:\/\/api.w.org\/{rel}","templated":true}]}}