{"id":1390,"date":"2020-06-04T19:47:27","date_gmt":"2020-06-04T19:47:27","guid":{"rendered":"http:\/\/passporthelico.appwapp.com\/choice-professional-pilot-license-cpl\/"},"modified":"2022-12-08T16:15:00","modified_gmt":"2022-12-08T21:15:00","slug":"choice-professional-pilot-license-cpl","status":"publish","type":"page","link":"https:\/\/www.passport-helico.com\/en\/choice-professional-pilot-license-cpl\/","title":{"rendered":"Choice &#8211; Professional Pilot License (CPL)"},"content":{"rendered":"\n<style type=\"text\/css\" data-created_by=\"avia_inline_auto\" id=\"style-css-av-k7z5ukya-9cf38fccc3f21769efbcb4bfaef3db67\">\n.avia-section.av-k7z5ukya-9cf38fccc3f21769efbcb4bfaef3db67{\nbackground-repeat:no-repeat;\nbackground-image:url(https:\/\/www.passport-helico.com\/wp-content\/uploads\/2021\/01\/G0024256_Accentue-2-scaled-e1609951315894.jpg);\nbackground-position:0% 50%;\nbackground-attachment:scroll;\n}\n.avia-section.av-k7z5ukya-9cf38fccc3f21769efbcb4bfaef3db67 .av-section-color-overlay{\nopacity:0.4;\nbackground-color:#0a0a0a;\n}\n<\/style>\n<div id='av_section_1'  class='avia-section av-k7z5ukya-9cf38fccc3f21769efbcb4bfaef3db67 main_color avia-section-default avia-no-border-styling  avia-builder-el-0  avia-builder-el-no-sibling  avia-full-stretch avia-bg-style-scroll av-section-color-overlay-active av-minimum-height av-minimum-height-90  container_wrap sidebar_right'  data-section-bg-repeat='stretch' data-av_minimum_height_pc='90'><div class=\"av-section-color-overlay-wrap\"><div class=\"av-section-color-overlay\"><\/div><div class='container av-section-cont-open' ><main  role=\"main\" itemprop=\"mainContentOfPage\"  class='template-page content  av-content-small alpha units'><div class='post-entry post-entry-type-page post-entry-1390'><div class='entry-content-wrapper clearfix'>\n\n<style type=\"text\/css\" data-created_by=\"avia_inline_auto\" id=\"style-css-av-2chfl-db64f2bff54a42b3296bc96d691cdd7f\">\n.flex_column.av-2chfl-db64f2bff54a42b3296bc96d691cdd7f{\n-webkit-border-radius:0px 0px 0px 0px;\n-moz-border-radius:0px 0px 0px 0px;\nborder-radius:0px 0px 0px 0px;\npadding:0px 5% 0px 5%;\n}\n<\/style>\n<div class='flex_column av-2chfl-db64f2bff54a42b3296bc96d691cdd7f av_one_full  avia-builder-el-1  el_before_av_hr  avia-builder-el-first  first flex_column_div '     ><p>\n<style type=\"text\/css\" data-created_by=\"avia_inline_auto\" id=\"style-css-av-kkfyzymy-676030276f45c16e490e131c7abeb8c9\">\n#top .hr.hr-invisible.av-kkfyzymy-676030276f45c16e490e131c7abeb8c9{\nheight:10px;\n}\n<\/style>\n<div  class='hr av-kkfyzymy-676030276f45c16e490e131c7abeb8c9 hr-invisible  avia-builder-el-2  el_before_av_heading  avia-builder-el-first '><span class='hr-inner '><span class=\"hr-inner-style\"><\/span><\/span><\/div><br \/>\n\n<style type=\"text\/css\" data-created_by=\"avia_inline_auto\" id=\"style-css-av-av_heading-3cd4c36fae149a52bbd362d34b954b52\">\n#top .av-special-heading.av-av_heading-3cd4c36fae149a52bbd362d34b954b52{\npadding-bottom:10px;\ncolor:#cc9933;\n}\nbody .av-special-heading.av-av_heading-3cd4c36fae149a52bbd362d34b954b52 .av-special-heading-tag .heading-char{\nfont-size:25px;\n}\n.av-special-heading.av-av_heading-3cd4c36fae149a52bbd362d34b954b52 .special-heading-inner-border{\nborder-color:#cc9933;\n}\n.av-special-heading.av-av_heading-3cd4c36fae149a52bbd362d34b954b52 .av-subheading{\nfont-size:24px;\n}\n<\/style>\n<div  class='av-special-heading av-av_heading-3cd4c36fae149a52bbd362d34b954b52 av-special-heading-h1 custom-color-heading blockquote modern-quote modern-centered  avia-builder-el-3  el_after_av_hr  el_before_av_heading '><h1 class='av-special-heading-tag'  itemprop=\"headline\"  >Commercial Pilot License (CPL)<\/h1><div class=\"special-heading-border\"><div class=\"special-heading-inner-border\"><\/div><\/div><\/div><br \/>\n\n<style type=\"text\/css\" data-created_by=\"avia_inline_auto\" id=\"style-css-av-av_heading-4d76f7633dae32fd5faca0d505f13a9c\">\n#top .av-special-heading.av-av_heading-4d76f7633dae32fd5faca0d505f13a9c{\npadding-bottom:10px;\ncolor:#ffffff;\n}\nbody .av-special-heading.av-av_heading-4d76f7633dae32fd5faca0d505f13a9c .av-special-heading-tag .heading-char{\nfont-size:25px;\n}\n.av-special-heading.av-av_heading-4d76f7633dae32fd5faca0d505f13a9c .special-heading-inner-border{\nborder-color:#ffffff;\n}\n.av-special-heading.av-av_heading-4d76f7633dae32fd5faca0d505f13a9c .av-subheading{\nfont-size:24px;\n}\n<\/style>\n<div  class='av-special-heading av-av_heading-4d76f7633dae32fd5faca0d505f13a9c av-special-heading-h3 custom-color-heading blockquote modern-quote modern-centered  avia-builder-el-4  el_after_av_heading  el_before_av_textblock '><h3 class='av-special-heading-tag'  itemprop=\"headline\"  >Passport Helico is the school<br \/>\nthat offers the most work opportunities to their graduates.<\/h3><div class=\"special-heading-border\"><div class=\"special-heading-inner-border\"><\/div><\/div><\/div><br \/>\n\n<style type=\"text\/css\" data-created_by=\"avia_inline_auto\" id=\"style-css-av-kjlukijs-3359ac523e3c0622dadaf93a9d19df75\">\n#top .av_textblock_section.av-kjlukijs-3359ac523e3c0622dadaf93a9d19df75 .avia_textblock{\nfont-size:25px;\ncolor:#ffffff;\n}\n<\/style>\n<section  class='av_textblock_section av-kjlukijs-3359ac523e3c0622dadaf93a9d19df75'  itemscope=\"itemscope\" itemtype=\"https:\/\/schema.org\/CreativeWork\" ><div class='avia_textblock av_inherit_color'  itemprop=\"text\" ><p style=\"text-align: center;\">Work in the helicopter industry across Canada and in some foreign countries.<\/p>\n<\/div><\/section><\/p><\/div>\n<style type=\"text\/css\" data-created_by=\"avia_inline_auto\" id=\"style-css-av-k7z5zeiy-66bc22ab4a16fabba3a7a4b71b635858\">\n#top .hr.hr-invisible.av-k7z5zeiy-66bc22ab4a16fabba3a7a4b71b635858{\nheight:10px;\n}\n<\/style>\n<div  class='hr av-k7z5zeiy-66bc22ab4a16fabba3a7a4b71b635858 hr-invisible  avia-builder-el-6  el_after_av_one_full  el_before_av_two_fifth '><span class='hr-inner '><span class=\"hr-inner-style\"><\/span><\/span><\/div>\n<div class='flex_column_table av-k7z5t3h2-aca19f86c32a5b95cb6b481605e192b1 sc-av_two_fifth av-equal-height-column-flextable'>\n<style type=\"text\/css\" data-created_by=\"avia_inline_auto\" id=\"style-css-av-k7z5t3h2-aca19f86c32a5b95cb6b481605e192b1\">\n.flex_column.av-k7z5t3h2-aca19f86c32a5b95cb6b481605e192b1{\n-webkit-border-radius:0px 0px 0px 0px;\n-moz-border-radius:0px 0px 0px 0px;\nborder-radius:0px 0px 0px 0px;\npadding:2% 2% 2% 2%;\n}\n<\/style>\n<div class='flex_column av-k7z5t3h2-aca19f86c32a5b95cb6b481605e192b1 av_two_fifth  avia-builder-el-7  el_after_av_hr  el_before_av_one_fifth  first flex_column_table_cell av-equal-height-column av-align-top '     ><p>\n<style type=\"text\/css\" data-created_by=\"avia_inline_auto\" id=\"style-css-av-k7z5mwa2-e3c86967cca4735ce586609ee26ba764\">\n.avia-image-container.av-k7z5mwa2-e3c86967cca4735ce586609ee26ba764 img.avia_image{\nbox-shadow:none;\n}\n.avia-image-container.av-k7z5mwa2-e3c86967cca4735ce586609ee26ba764 .av-image-caption-overlay-center{\ncolor:#ffffff;\n}\n<\/style>\n<div  class='avia-image-container av-k7z5mwa2-e3c86967cca4735ce586609ee26ba764 av-styling-no-styling avia-align-center  avia-builder-el-8  el_before_av_textblock  avia-builder-el-first '   itemprop=\"image\" itemscope=\"itemscope\" itemtype=\"https:\/\/schema.org\/ImageObject\" ><div class=\"avia-image-container-inner\"><div class=\"avia-image-overlay-wrap\"><img decoding=\"async\" class='wp-image-100 avia-img-lazy-loading-not-100 avia_image ' src=\"https:\/\/www.passport-helico.com\/wp-content\/uploads\/2020\/03\/canada-pin.png\" alt='' title='canada pin'  height=\"202\" width=\"156\"  itemprop=\"thumbnailUrl\"  \/><\/div><\/div><\/div><br \/>\n\n<style type=\"text\/css\" data-created_by=\"avia_inline_auto\" id=\"style-css-av-k7z5o6cv-279d9502dfcfeae414f0b2870da67855\">\n#top .av_textblock_section.av-k7z5o6cv-279d9502dfcfeae414f0b2870da67855 .avia_textblock{\nfont-size:24px;\ncolor:#ffffff;\n}\n<\/style>\n<section  class='av_textblock_section av-k7z5o6cv-279d9502dfcfeae414f0b2870da67855'  itemscope=\"itemscope\" itemtype=\"https:\/\/schema.org\/CreativeWork\" ><div class='avia_textblock av_inherit_color'  itemprop=\"text\" ><p style=\"text-align: center;\">You are Canadian<\/p>\n<\/div><\/section><br \/>\n<div  class='avia-button-wrap avia-button-center  avia-builder-el-10  el_after_av_textblock  el_before_av_hr '>\n<style type=\"text\/css\" data-created_by=\"avia_inline_auto\" id=\"style-css-av-kjoxwhil-d8a55ea6f66ad47c88d51513d4d164d5\">\n#top #wrap_all .avia-button.av-kjoxwhil-d8a55ea6f66ad47c88d51513d4d164d5{\ncolor:#ffffff;\n-webkit-transition:all 0.4s ease-in-out;\n-moz-transition:all 0.4s ease-in-out;\n-ms-transition:all 0.4s ease-in-out;\n-o-transition:all 0.4s ease-in-out;\ntransition:all 0.4s ease-in-out;\n}\n#top #wrap_all .avia-button.av-kjoxwhil-d8a55ea6f66ad47c88d51513d4d164d5:hover{\ncolor:#ffffff;\n-webkit-transition:all 0.4s ease-in-out;\n-moz-transition:all 0.4s ease-in-out;\n-ms-transition:all 0.4s ease-in-out;\n-o-transition:all 0.4s ease-in-out;\ntransition:all 0.4s ease-in-out;\n}\n<\/style>\n<a href='https:\/\/www.passport-helico.com\/en\/commercial-pilot-license-cpl\/' class='avia-color-theme-color avia-button avia-button-fullwidth av-kjoxwhil-d8a55ea6f66ad47c88d51513d4d164d5 avia-icon_select-no avia-color-theme-color'  ><span class='avia_iconbox_title' >Commercial Pilot License<\/span><span class='avia_button_background avia-button avia-button-fullwidth avia-color-theme-color'><\/span><\/a><\/div><br \/>\n\n<style type=\"text\/css\" data-created_by=\"avia_inline_auto\" id=\"style-css-av-kjlujmxq-6d8a607e6ba510a565308b784e81cc23\">\n#top .hr.hr-invisible.av-kjlujmxq-6d8a607e6ba510a565308b784e81cc23{\nheight:20px;\n}\n<\/style>\n<div  class='hr av-kjlujmxq-6d8a607e6ba510a565308b784e81cc23 hr-invisible  avia-builder-el-11  el_after_av_button_big  el_before_av_button_big  avia-builder-el-no-sibling '><span class='hr-inner '><span class=\"hr-inner-style\"><\/span><\/span><\/div><br \/>\n<div  class='avia-button-wrap avia-button-center  avia-builder-el-12  el_after_av_hr  avia-builder-el-last '>\n<style type=\"text\/css\" data-created_by=\"avia_inline_auto\" id=\"style-css-av-kjoxwhil-6c0d49a12038d4badca2dd81bf74a865\">\n#top #wrap_all .avia-button.av-kjoxwhil-6c0d49a12038d4badca2dd81bf74a865{\ncolor:#ffffff;\n-webkit-transition:all 0.4s ease-in-out;\n-moz-transition:all 0.4s ease-in-out;\n-ms-transition:all 0.4s ease-in-out;\n-o-transition:all 0.4s ease-in-out;\ntransition:all 0.4s ease-in-out;\n}\n#top #wrap_all .avia-button.av-kjoxwhil-6c0d49a12038d4badca2dd81bf74a865:hover{\ncolor:#ffffff;\n-webkit-transition:all 0.4s ease-in-out;\n-moz-transition:all 0.4s ease-in-out;\n-ms-transition:all 0.4s ease-in-out;\n-o-transition:all 0.4s ease-in-out;\ntransition:all 0.4s ease-in-out;\n}\n<\/style>\n<a href='https:\/\/www.passport-helico.com\/en\/professional-pilot-license-with-college-diploma-acs-for-canadians\/' class='avia-color-theme-color avia-button avia-button-fullwidth av-kjoxwhil-6c0d49a12038d4badca2dd81bf74a865 avia-icon_select-no avia-color-theme-color'  ><span class='avia_iconbox_title' >ACS - Pilotage professionel - H\u00e9licopt\u00e8re (EWA.14)<\/span><span class='avia_button_background avia-button avia-button-fullwidth avia-color-theme-color'><\/span><\/a><\/div><\/p><\/div><div class='av-flex-placeholder'><\/div>\n<style type=\"text\/css\" data-created_by=\"avia_inline_auto\" id=\"style-css-av-k7z5t3h2-016fbca02e52e702b7fc6bf8ae3d44b5\">\n.flex_column.av-k7z5t3h2-016fbca02e52e702b7fc6bf8ae3d44b5{\n-webkit-border-radius:0px 0px 0px 0px;\n-moz-border-radius:0px 0px 0px 0px;\nborder-radius:0px 0px 0px 0px;\npadding:0% 0% 0% 0%;\n}\n<\/style>\n<div class='flex_column av-k7z5t3h2-016fbca02e52e702b7fc6bf8ae3d44b5 av_one_fifth  avia-builder-el-13  el_after_av_two_fifth  el_before_av_two_fifth  flex_column_table_cell av-equal-height-column av-align-top av-zero-column-padding '     ><\/div><div class='av-flex-placeholder'><\/div>\n<style type=\"text\/css\" data-created_by=\"avia_inline_auto\" id=\"style-css-av-k7z5t3h2-1cd168bb298661f13cccc2c05801fbad\">\n.flex_column.av-k7z5t3h2-1cd168bb298661f13cccc2c05801fbad{\n-webkit-border-radius:0px 0px 0px 0px;\n-moz-border-radius:0px 0px 0px 0px;\nborder-radius:0px 0px 0px 0px;\npadding:2% 2% 2% 2%;\n}\n<\/style>\n<div class='flex_column av-k7z5t3h2-1cd168bb298661f13cccc2c05801fbad av_two_fifth  avia-builder-el-14  el_after_av_one_fifth  el_before_av_hr  flex_column_table_cell av-equal-height-column av-align-top '     ><p>\n<style type=\"text\/css\" data-created_by=\"avia_inline_auto\" id=\"style-css-av-k7z5mwa2-e50c03c0b820855ea63ebddddf98b40d\">\n.avia-image-container.av-k7z5mwa2-e50c03c0b820855ea63ebddddf98b40d img.avia_image{\nbox-shadow:none;\n}\n.avia-image-container.av-k7z5mwa2-e50c03c0b820855ea63ebddddf98b40d .av-image-caption-overlay-center{\ncolor:#ffffff;\n}\n<\/style>\n<div  class='avia-image-container av-k7z5mwa2-e50c03c0b820855ea63ebddddf98b40d av-styling-no-styling avia-align-center  avia-builder-el-15  el_before_av_textblock  avia-builder-el-first '   itemprop=\"image\" itemscope=\"itemscope\" itemtype=\"https:\/\/schema.org\/ImageObject\" ><div class=\"avia-image-container-inner\"><div class=\"avia-image-overlay-wrap\"><img decoding=\"async\" class='wp-image-102 avia-img-lazy-loading-not-102 avia_image ' src=\"https:\/\/www.passport-helico.com\/wp-content\/uploads\/2020\/03\/monde-pin.png\" alt='' title='monde pin'  height=\"202\" width=\"156\"  itemprop=\"thumbnailUrl\"  \/><\/div><\/div><\/div><br \/>\n\n<style type=\"text\/css\" data-created_by=\"avia_inline_auto\" id=\"style-css-av-k7z5o6cv-279d9502dfcfeae414f0b2870da67855\">\n#top .av_textblock_section.av-k7z5o6cv-279d9502dfcfeae414f0b2870da67855 .avia_textblock{\nfont-size:24px;\ncolor:#ffffff;\n}\n<\/style>\n<section  class='av_textblock_section av-k7z5o6cv-279d9502dfcfeae414f0b2870da67855'  itemscope=\"itemscope\" itemtype=\"https:\/\/schema.org\/CreativeWork\" ><div class='avia_textblock av_inherit_color'  itemprop=\"text\" ><p style=\"text-align: center;\">You are from outside Canada<\/p>\n<\/div><\/section><br \/>\n<div  class='avia-button-wrap avia-button-center  avia-builder-el-17  el_after_av_textblock  el_before_av_hr '>\n<style type=\"text\/css\" data-created_by=\"avia_inline_auto\" id=\"style-css-av-kjoxwhil-7be71aca1bfe4ed9093989d8f75c0b2f\">\n#top #wrap_all .avia-button.av-kjoxwhil-7be71aca1bfe4ed9093989d8f75c0b2f{\ncolor:#ffffff;\n-webkit-transition:all 0.4s ease-in-out;\n-moz-transition:all 0.4s ease-in-out;\n-ms-transition:all 0.4s ease-in-out;\n-o-transition:all 0.4s ease-in-out;\ntransition:all 0.4s ease-in-out;\n}\n#top #wrap_all .avia-button.av-kjoxwhil-7be71aca1bfe4ed9093989d8f75c0b2f:hover{\ncolor:#ffffff;\n-webkit-transition:all 0.4s ease-in-out;\n-moz-transition:all 0.4s ease-in-out;\n-ms-transition:all 0.4s ease-in-out;\n-o-transition:all 0.4s ease-in-out;\ntransition:all 0.4s ease-in-out;\n}\n<\/style>\n<a href='https:\/\/www.passport-helico.com\/en\/acs-international\/' class='avia-color-theme-color avia-button avia-button-fullwidth av-kjoxwhil-7be71aca1bfe4ed9093989d8f75c0b2f avia-icon_select-no avia-color-theme-color'  ><span class='avia_iconbox_title' >ACS - Pilotage professionel - H\u00e9licopt\u00e8re (EWA.14)<\/span><span class='avia_button_background avia-button avia-button-fullwidth avia-color-theme-color'><\/span><\/a><\/div><br \/>\n\n<style type=\"text\/css\" data-created_by=\"avia_inline_auto\" id=\"style-css-av-kjlujmxq-6d8a607e6ba510a565308b784e81cc23\">\n#top .hr.hr-invisible.av-kjlujmxq-6d8a607e6ba510a565308b784e81cc23{\nheight:20px;\n}\n<\/style>\n<div  class='hr av-kjlujmxq-6d8a607e6ba510a565308b784e81cc23 hr-invisible  avia-builder-el-18  el_after_av_button_big  el_before_av_button_big  avia-builder-el-no-sibling '><span class='hr-inner '><span class=\"hr-inner-style\"><\/span><\/span><\/div><br \/>\n<div  class='avia-button-wrap avia-button-center  avia-builder-el-19  el_after_av_hr  avia-builder-el-last '>\n<style type=\"text\/css\" data-created_by=\"avia_inline_auto\" id=\"style-css-av-kjoxwhil-d41dc1d986348f992c607d7047f970cd\">\n#top #wrap_all .avia-button.av-kjoxwhil-d41dc1d986348f992c607d7047f970cd{\ncolor:#ffffff;\n-webkit-transition:all 0.4s ease-in-out;\n-moz-transition:all 0.4s ease-in-out;\n-ms-transition:all 0.4s ease-in-out;\n-o-transition:all 0.4s ease-in-out;\ntransition:all 0.4s ease-in-out;\n}\n#top #wrap_all .avia-button.av-kjoxwhil-d41dc1d986348f992c607d7047f970cd:hover{\ncolor:#ffffff;\n-webkit-transition:all 0.4s ease-in-out;\n-moz-transition:all 0.4s ease-in-out;\n-ms-transition:all 0.4s ease-in-out;\n-o-transition:all 0.4s ease-in-out;\ntransition:all 0.4s ease-in-out;\n}\n<\/style>\n<a href='https:\/\/www.passport-helico.com\/en\/acs-conversion\/' class='avia-color-theme-color avia-button avia-button-fullwidth av-kjoxwhil-d41dc1d986348f992c607d7047f970cd avia-icon_select-no avia-color-theme-color'  ><span class='avia_iconbox_title' >ACS - Pilotage professionel - H\u00e9licopt\u00e8re (EWA.14) - Conversion<\/span><span class='avia_button_background avia-button avia-button-fullwidth avia-color-theme-color'><\/span><\/a><\/div><\/p><\/div><\/div><!--close column table wrapper. Autoclose: 1 -->\n<style type=\"text\/css\" data-created_by=\"avia_inline_auto\" id=\"style-css-av-k7z5zeiy-ae6f0d6475b00e838b95e4a3d3347dec\">\n#top .hr.hr-invisible.av-k7z5zeiy-ae6f0d6475b00e838b95e4a3d3347dec{\nheight:50px;\n}\n<\/style>\n<div  class='hr av-k7z5zeiy-ae6f0d6475b00e838b95e4a3d3347dec hr-invisible  avia-builder-el-20  el_after_av_two_fifth  avia-builder-el-last '><span class='hr-inner '><span class=\"hr-inner-style\"><\/span><\/span><\/div>\n<\/div><\/div><\/main><!-- close content main element --><\/div><\/div><\/div><div id='after_section_1'  class='main_color av_default_container_wrap container_wrap sidebar_right'  ><div class='container av-section-cont-open' ><div class='template-page content  av-content-small alpha units'><div class='post-entry post-entry-type-page post-entry-1390'><div class='entry-content-wrapper clearfix'>\n","protected":false},"excerpt":{"rendered":"","protected":false},"author":1,"featured_media":0,"parent":0,"menu_order":0,"comment_status":"closed","ping_status":"closed","template":"","meta":{"footnotes":""},"class_list":["post-1390","page","type-page","status-publish","hentry"],"yoast_head":"<!-- This site is optimized with the Yoast SEO plugin v26.8 - https:\/\/yoast.com\/product\/yoast-seo-wordpress\/ -->\n<title>Commercial Pilot License (CPL) - Helicopter flying school<\/title>\n<meta name=\"description\" content=\"Select the type of Commercial Helicopter license you want and work in the helicopter industry across Canada and in some foreign countries.\" \/>\n<meta name=\"robots\" content=\"index, follow, max-snippet:-1, max-image-preview:large, max-video-preview:-1\" \/>\n<link rel=\"canonical\" href=\"https:\/\/www.passport-helico.com\/en\/choice-professional-pilot-license-cpl\/\" \/>\n<meta property=\"og:locale\" content=\"en_US\" \/>\n<meta property=\"og:type\" content=\"article\" \/>\n<meta property=\"og:title\" content=\"Commercial Pilot License (CPL) - Helicopter flying school\" \/>\n<meta property=\"og:description\" content=\"Select the type of Commercial Helicopter license you want and work in the helicopter industry across Canada and in some foreign countries.\" \/>\n<meta property=\"og:url\" content=\"https:\/\/www.passport-helico.com\/en\/choice-professional-pilot-license-cpl\/\" \/>\n<meta property=\"og:site_name\" content=\"Passport H\u00e9lico - \u00c9cole de pilotage Exploitant a\u00e9rien\" \/>\n<meta property=\"article:publisher\" content=\"https:\/\/www.facebook.com\/Passport-H%c3%a9lico-8001990821\/?ref=br_rs\" \/>\n<meta property=\"article:modified_time\" content=\"2022-12-08T21:15:00+00:00\" \/>\n<meta name=\"twitter:card\" content=\"summary_large_image\" \/>\n<meta name=\"twitter:label1\" content=\"Est. reading time\" \/>\n\t<meta name=\"twitter:data1\" content=\"3 minutes\" \/>\n<script type=\"application\/ld+json\" class=\"yoast-schema-graph\">{\"@context\":\"https:\/\/schema.org\",\"@graph\":[{\"@type\":\"WebPage\",\"@id\":\"https:\/\/www.passport-helico.com\/en\/choice-professional-pilot-license-cpl\/\",\"url\":\"https:\/\/www.passport-helico.com\/en\/choice-professional-pilot-license-cpl\/\",\"name\":\"Commercial Pilot License (CPL) - Helicopter flying school\",\"isPartOf\":{\"@id\":\"https:\/\/www.passport-helico.com\/en\/#website\"},\"datePublished\":\"2020-06-04T19:47:27+00:00\",\"dateModified\":\"2022-12-08T21:15:00+00:00\",\"description\":\"Select the type of Commercial Helicopter license you want and work in the helicopter industry across Canada and in some foreign countries.\",\"breadcrumb\":{\"@id\":\"https:\/\/www.passport-helico.com\/en\/choice-professional-pilot-license-cpl\/#breadcrumb\"},\"inLanguage\":\"en-US\",\"potentialAction\":[{\"@type\":\"ReadAction\",\"target\":[\"https:\/\/www.passport-helico.com\/en\/choice-professional-pilot-license-cpl\/\"]}]},{\"@type\":\"BreadcrumbList\",\"@id\":\"https:\/\/www.passport-helico.com\/en\/choice-professional-pilot-license-cpl\/#breadcrumb\",\"itemListElement\":[{\"@type\":\"ListItem\",\"position\":1,\"name\":\"Home\",\"item\":\"https:\/\/www.passport-helico.com\/en\/\"},{\"@type\":\"ListItem\",\"position\":2,\"name\":\"Choice &#8211; Professional Pilot License (CPL)\"}]},{\"@type\":\"WebSite\",\"@id\":\"https:\/\/www.passport-helico.com\/en\/#website\",\"url\":\"https:\/\/www.passport-helico.com\/en\/\",\"name\":\"Passport H\u00e9lico - \u00c9cole de pilotage Exploitant a\u00e9rien\",\"description\":\"Un site utilisant WordPress\",\"publisher\":{\"@id\":\"https:\/\/www.passport-helico.com\/en\/#organization\"},\"potentialAction\":[{\"@type\":\"SearchAction\",\"target\":{\"@type\":\"EntryPoint\",\"urlTemplate\":\"https:\/\/www.passport-helico.com\/en\/?s={search_term_string}\"},\"query-input\":{\"@type\":\"PropertyValueSpecification\",\"valueRequired\":true,\"valueName\":\"search_term_string\"}}],\"inLanguage\":\"en-US\"},{\"@type\":\"Organization\",\"@id\":\"https:\/\/www.passport-helico.com\/en\/#organization\",\"name\":\"Passport H\u00e9lico\",\"url\":\"https:\/\/www.passport-helico.com\/en\/\",\"logo\":{\"@type\":\"ImageObject\",\"inLanguage\":\"en-US\",\"@id\":\"https:\/\/www.passport-helico.com\/en\/#\/schema\/logo\/image\/\",\"url\":\"https:\/\/www.passport-helico.com\/wp-content\/uploads\/2020\/03\/PassportHelico_logo_3.png\",\"contentUrl\":\"https:\/\/www.passport-helico.com\/wp-content\/uploads\/2020\/03\/PassportHelico_logo_3.png\",\"width\":703,\"height\":288,\"caption\":\"Passport H\u00e9lico\"},\"image\":{\"@id\":\"https:\/\/www.passport-helico.com\/en\/#\/schema\/logo\/image\/\"},\"sameAs\":[\"https:\/\/www.facebook.com\/Passport-H\u00e9lico-8001990821\/?ref=br_rs\",\"https:\/\/www.instagram.com\/passport.helico\/\",\"https:\/\/www.youtube.com\/channel\/UCaWk_PFpUUci--PVSctu_1w\"]}]}<\/script>\n<!-- \/ Yoast SEO plugin. -->","yoast_head_json":{"title":"Commercial Pilot License (CPL) - Helicopter flying school","description":"Select the type of Commercial Helicopter license you want and work in the helicopter industry across Canada and in some foreign countries.","robots":{"index":"index","follow":"follow","max-snippet":"max-snippet:-1","max-image-preview":"max-image-preview:large","max-video-preview":"max-video-preview:-1"},"canonical":"https:\/\/www.passport-helico.com\/en\/choice-professional-pilot-license-cpl\/","og_locale":"en_US","og_type":"article","og_title":"Commercial Pilot License (CPL) - Helicopter flying school","og_description":"Select the type of Commercial Helicopter license you want and work in the helicopter industry across Canada and in some foreign countries.","og_url":"https:\/\/www.passport-helico.com\/en\/choice-professional-pilot-license-cpl\/","og_site_name":"Passport H\u00e9lico - \u00c9cole de pilotage Exploitant a\u00e9rien","article_publisher":"https:\/\/www.facebook.com\/Passport-H%c3%a9lico-8001990821\/?ref=br_rs","article_modified_time":"2022-12-08T21:15:00+00:00","twitter_card":"summary_large_image","twitter_misc":{"Est. reading time":"3 minutes"},"schema":{"@context":"https:\/\/schema.org","@graph":[{"@type":"WebPage","@id":"https:\/\/www.passport-helico.com\/en\/choice-professional-pilot-license-cpl\/","url":"https:\/\/www.passport-helico.com\/en\/choice-professional-pilot-license-cpl\/","name":"Commercial Pilot License (CPL) - Helicopter flying school","isPartOf":{"@id":"https:\/\/www.passport-helico.com\/en\/#website"},"datePublished":"2020-06-04T19:47:27+00:00","dateModified":"2022-12-08T21:15:00+00:00","description":"Select the type of Commercial Helicopter license you want and work in the helicopter industry across Canada and in some foreign countries.","breadcrumb":{"@id":"https:\/\/www.passport-helico.com\/en\/choice-professional-pilot-license-cpl\/#breadcrumb"},"inLanguage":"en-US","potentialAction":[{"@type":"ReadAction","target":["https:\/\/www.passport-helico.com\/en\/choice-professional-pilot-license-cpl\/"]}]},{"@type":"BreadcrumbList","@id":"https:\/\/www.passport-helico.com\/en\/choice-professional-pilot-license-cpl\/#breadcrumb","itemListElement":[{"@type":"ListItem","position":1,"name":"Home","item":"https:\/\/www.passport-helico.com\/en\/"},{"@type":"ListItem","position":2,"name":"Choice &#8211; Professional Pilot License (CPL)"}]},{"@type":"WebSite","@id":"https:\/\/www.passport-helico.com\/en\/#website","url":"https:\/\/www.passport-helico.com\/en\/","name":"Passport H\u00e9lico - \u00c9cole de pilotage Exploitant a\u00e9rien","description":"Un site utilisant WordPress","publisher":{"@id":"https:\/\/www.passport-helico.com\/en\/#organization"},"potentialAction":[{"@type":"SearchAction","target":{"@type":"EntryPoint","urlTemplate":"https:\/\/www.passport-helico.com\/en\/?s={search_term_string}"},"query-input":{"@type":"PropertyValueSpecification","valueRequired":true,"valueName":"search_term_string"}}],"inLanguage":"en-US"},{"@type":"Organization","@id":"https:\/\/www.passport-helico.com\/en\/#organization","name":"Passport H\u00e9lico","url":"https:\/\/www.passport-helico.com\/en\/","logo":{"@type":"ImageObject","inLanguage":"en-US","@id":"https:\/\/www.passport-helico.com\/en\/#\/schema\/logo\/image\/","url":"https:\/\/www.passport-helico.com\/wp-content\/uploads\/2020\/03\/PassportHelico_logo_3.png","contentUrl":"https:\/\/www.passport-helico.com\/wp-content\/uploads\/2020\/03\/PassportHelico_logo_3.png","width":703,"height":288,"caption":"Passport H\u00e9lico"},"image":{"@id":"https:\/\/www.passport-helico.com\/en\/#\/schema\/logo\/image\/"},"sameAs":["https:\/\/www.facebook.com\/Passport-H\u00e9lico-8001990821\/?ref=br_rs","https:\/\/www.instagram.com\/passport.helico\/","https:\/\/www.youtube.com\/channel\/UCaWk_PFpUUci--PVSctu_1w"]}]}},"_links":{"self":[{"href":"https:\/\/www.passport-helico.com\/en\/wp-json\/wp\/v2\/pages\/1390","targetHints":{"allow":["GET"]}}],"collection":[{"href":"https:\/\/www.passport-helico.com\/en\/wp-json\/wp\/v2\/pages"}],"about":[{"href":"https:\/\/www.passport-helico.com\/en\/wp-json\/wp\/v2\/types\/page"}],"author":[{"embeddable":true,"href":"https:\/\/www.passport-helico.com\/en\/wp-json\/wp\/v2\/users\/1"}],"replies":[{"embeddable":true,"href":"https:\/\/www.passport-helico.com\/en\/wp-json\/wp\/v2\/comments?post=1390"}],"version-history":[{"count":2,"href":"https:\/\/www.passport-helico.com\/en\/wp-json\/wp\/v2\/pages\/1390\/revisions"}],"predecessor-version":[{"id":7808,"href":"https:\/\/www.passport-helico.com\/en\/wp-json\/wp\/v2\/pages\/1390\/revisions\/7808"}],"wp:attachment":[{"href":"https:\/\/www.passport-helico.com\/en\/wp-json\/wp\/v2\/media?parent=1390"}],"curies":[{"name":"wp","href":"https:\/\/api.w.org\/{rel}","templated":true}]}}