{"id":1386,"date":"2020-06-04T19:42:57","date_gmt":"2020-06-04T19:42:57","guid":{"rendered":"http:\/\/passporthelico.appwapp.com\/choice-private-pilot-license-ppl\/"},"modified":"2022-12-08T16:09:41","modified_gmt":"2022-12-08T21:09:41","slug":"choice-private-pilot-license-ppl","status":"publish","type":"page","link":"https:\/\/www.passport-helico.com\/en\/choice-private-pilot-license-ppl\/","title":{"rendered":"Choice &#8211; Private pilot license (PPL)"},"content":{"rendered":"\n<style type=\"text\/css\" data-created_by=\"avia_inline_auto\" id=\"style-css-av-k7z5ukya-c5b13db7469f63b46fb32982347dc474\">\n.avia-section.av-k7z5ukya-c5b13db7469f63b46fb32982347dc474{\nbackground-repeat:no-repeat;\nbackground-image:url(https:\/\/www.passport-helico.com\/wp-content\/uploads\/2021\/01\/passport-helico-pro-carriere-3_edited.jpg);\nbackground-position:50% 50%;\nbackground-attachment:scroll;\n}\n.avia-section.av-k7z5ukya-c5b13db7469f63b46fb32982347dc474 .av-section-color-overlay{\nopacity:0.3;\nbackground-color:#0a0a0a;\n}\n<\/style>\n<div id='av_section_1'  class='avia-section av-k7z5ukya-c5b13db7469f63b46fb32982347dc474 main_color avia-section-default avia-shadow  avia-builder-el-0  avia-builder-el-no-sibling  avia-full-stretch avia-bg-style-scroll av-section-color-overlay-active av-minimum-height av-minimum-height-90  container_wrap sidebar_right'  data-section-bg-repeat='stretch' data-av_minimum_height_pc='90'><div class=\"av-section-color-overlay-wrap\"><div class=\"av-section-color-overlay\"><\/div><div class='container av-section-cont-open' ><main  role=\"main\" itemprop=\"mainContentOfPage\"  class='template-page content  av-content-small alpha units'><div class='post-entry post-entry-type-page post-entry-1386'><div class='entry-content-wrapper clearfix'>\n\n<style type=\"text\/css\" data-created_by=\"avia_inline_auto\" id=\"style-css-av-2chfl-49260e34e742757dd3558308545cfb82\">\n.flex_column.av-2chfl-49260e34e742757dd3558308545cfb82{\n-webkit-border-radius:0px 0px 0px 0px;\n-moz-border-radius:0px 0px 0px 0px;\nborder-radius:0px 0px 0px 0px;\npadding:0px 0px 0px 0px;\n}\n<\/style>\n<div class='flex_column av-2chfl-49260e34e742757dd3558308545cfb82 av_one_full  avia-builder-el-1  el_before_av_two_fifth  avia-builder-el-first  first flex_column_div av-zero-column-padding '     ><p>\n<style type=\"text\/css\" data-created_by=\"avia_inline_auto\" id=\"style-css-av-kjkprhur-6f90e90d9994076e8bbd1c88880c61b4\">\n#top .hr.hr-invisible.av-kjkprhur-6f90e90d9994076e8bbd1c88880c61b4{\nheight:50px;\n}\n<\/style>\n<div  class='hr av-kjkprhur-6f90e90d9994076e8bbd1c88880c61b4 hr-invisible  avia-builder-el-2  el_before_av_heading  avia-builder-el-first '><span class='hr-inner '><span class=\"hr-inner-style\"><\/span><\/span><\/div><br \/>\n\n<style type=\"text\/css\" data-created_by=\"avia_inline_auto\" id=\"style-css-av-8gog6-d747628908622073327499f0da077a0c\">\n#top .av-special-heading.av-8gog6-d747628908622073327499f0da077a0c{\npadding-bottom:10px;\ncolor:#cc9933;\n}\nbody .av-special-heading.av-8gog6-d747628908622073327499f0da077a0c .av-special-heading-tag .heading-char{\nfont-size:25px;\n}\n.av-special-heading.av-8gog6-d747628908622073327499f0da077a0c .special-heading-inner-border{\nborder-color:#cc9933;\n}\n.av-special-heading.av-8gog6-d747628908622073327499f0da077a0c .av-subheading{\nfont-size:24px;\n}\n<\/style>\n<div  class='av-special-heading av-8gog6-d747628908622073327499f0da077a0c av-special-heading-h1 custom-color-heading blockquote modern-quote modern-centered  avia-builder-el-3  el_after_av_hr  el_before_av_hr '><h1 class='av-special-heading-tag'  itemprop=\"headline\"  >Private pilot license (PPL)<\/h1><div class=\"special-heading-border\"><div class=\"special-heading-inner-border\"><\/div><\/div><\/div><br \/>\n\n<style type=\"text\/css\" data-created_by=\"avia_inline_auto\" id=\"style-css-av-kjkpr8vm-157b492db370a69cad3e11a8e2c88ba3\">\n#top .hr.hr-invisible.av-kjkpr8vm-157b492db370a69cad3e11a8e2c88ba3{\nheight:75px;\n}\n<\/style>\n<div  class='hr av-kjkpr8vm-157b492db370a69cad3e11a8e2c88ba3 hr-invisible  avia-builder-el-4  el_after_av_heading  avia-builder-el-last '><span class='hr-inner '><span class=\"hr-inner-style\"><\/span><\/span><\/div><\/p><\/div>\n<style type=\"text\/css\" data-created_by=\"avia_inline_auto\" id=\"style-css-av-n6x6m-5b70e40dbcb26d5d9e851e33eaa5e3f6\">\n.flex_column.av-n6x6m-5b70e40dbcb26d5d9e851e33eaa5e3f6{\n-webkit-border-radius:0px 0px 0px 0px;\n-moz-border-radius:0px 0px 0px 0px;\nborder-radius:0px 0px 0px 0px;\npadding:0px 0px 0px 0px;\n}\n<\/style>\n<div class='flex_column av-n6x6m-5b70e40dbcb26d5d9e851e33eaa5e3f6 av_two_fifth  avia-builder-el-5  el_after_av_one_full  el_before_av_one_fifth  first flex_column_div av-zero-column-padding column-top-margin'     ><div  class='avia-button-wrap avia-button-center  avia-builder-el-6  avia-builder-el-no-sibling '>\n<style type=\"text\/css\" data-created_by=\"avia_inline_auto\" id=\"style-css-av-kjsnix77-f5868cca94de19c108ab52e7a8756f6b\">\n#top #wrap_all .avia-button.av-kjsnix77-f5868cca94de19c108ab52e7a8756f6b{\ncolor:#ffffff;\n-webkit-transition:all 0.4s ease-in-out;\n-moz-transition:all 0.4s ease-in-out;\n-ms-transition:all 0.4s ease-in-out;\n-o-transition:all 0.4s ease-in-out;\ntransition:all 0.4s ease-in-out;\n}\n#top #wrap_all .avia-button.av-kjsnix77-f5868cca94de19c108ab52e7a8756f6b:hover{\ncolor:#ffffff;\n-webkit-transition:all 0.4s ease-in-out;\n-moz-transition:all 0.4s ease-in-out;\n-ms-transition:all 0.4s ease-in-out;\n-o-transition:all 0.4s ease-in-out;\ntransition:all 0.4s ease-in-out;\n}\n<\/style>\n<a href='https:\/\/www.passport-helico.com\/en\/private-pilot-license-ppl\/' class='avia-color-theme-color avia-button avia-button-fullwidth av-kjsnix77-f5868cca94de19c108ab52e7a8756f6b avia-icon_select-no avia-color-theme-color'  ><span class='avia_iconbox_title' >Private Pilot License<\/span><span class='avia_button_background avia-button avia-button-fullwidth avia-color-theme-color'><\/span><\/a><\/div><\/div>\n<style type=\"text\/css\" data-created_by=\"avia_inline_auto\" id=\"style-css-av-dk4m6-8d4a4ccafb88698fd1667ab60b1da82b\">\n.flex_column.av-dk4m6-8d4a4ccafb88698fd1667ab60b1da82b{\n-webkit-border-radius:0px 0px 0px 0px;\n-moz-border-radius:0px 0px 0px 0px;\nborder-radius:0px 0px 0px 0px;\npadding:0px 0px 0px 0px;\n}\n<\/style>\n<div class='flex_column av-dk4m6-8d4a4ccafb88698fd1667ab60b1da82b av_one_fifth  avia-builder-el-7  el_after_av_two_fifth  el_before_av_two_fifth  flex_column_div av-zero-column-padding column-top-margin'     ><\/div>\n<style type=\"text\/css\" data-created_by=\"avia_inline_auto\" id=\"style-css-av-8zh5a-1a6a7c3bac5ef73cc296add7066e02f5\">\n.flex_column.av-8zh5a-1a6a7c3bac5ef73cc296add7066e02f5{\n-webkit-border-radius:0px 0px 0px 0px;\n-moz-border-radius:0px 0px 0px 0px;\nborder-radius:0px 0px 0px 0px;\npadding:0px 0px 0px 0px;\n}\n<\/style>\n<div class='flex_column av-8zh5a-1a6a7c3bac5ef73cc296add7066e02f5 av_two_fifth  avia-builder-el-8  el_after_av_one_fifth  avia-builder-el-last  flex_column_div av-zero-column-padding column-top-margin'     ><div  class='avia-button-wrap avia-button-center  avia-builder-el-9  avia-builder-el-no-sibling '>\n<style type=\"text\/css\" data-created_by=\"avia_inline_auto\" id=\"style-css-av-kjsnjo6c-5f84950c1b9f0e606638798d70ef3bc3\">\n#top #wrap_all .avia-button.av-kjsnjo6c-5f84950c1b9f0e606638798d70ef3bc3{\ncolor:#ffffff;\n-webkit-transition:all 0.4s ease-in-out;\n-moz-transition:all 0.4s ease-in-out;\n-ms-transition:all 0.4s ease-in-out;\n-o-transition:all 0.4s ease-in-out;\ntransition:all 0.4s ease-in-out;\n}\n#top #wrap_all .avia-button.av-kjsnjo6c-5f84950c1b9f0e606638798d70ef3bc3:hover{\ncolor:#ffffff;\n-webkit-transition:all 0.4s ease-in-out;\n-moz-transition:all 0.4s ease-in-out;\n-ms-transition:all 0.4s ease-in-out;\n-o-transition:all 0.4s ease-in-out;\ntransition:all 0.4s ease-in-out;\n}\n<\/style>\n<a href='https:\/\/www.passport-helico.com\/en\/fixed-wing-pilot-license-conversion\/' class='avia-color-theme-color avia-button avia-button-fullwidth av-kjsnjo6c-5f84950c1b9f0e606638798d70ef3bc3 avia-icon_select-no avia-color-theme-color'  ><span class='avia_iconbox_title' >License conversion for airplane private pilot<\/span><span class='avia_button_background avia-button avia-button-fullwidth avia-color-theme-color'><\/span><\/a><\/div><\/div>\n<\/div><\/div><\/main><!-- close content main element --><\/div><\/div><\/div><div id='after_section_1'  class='main_color av_default_container_wrap container_wrap sidebar_right'  ><div class='container av-section-cont-open' ><div class='template-page content  av-content-small alpha units'><div class='post-entry post-entry-type-page post-entry-1386'><div class='entry-content-wrapper clearfix'>\n","protected":false},"excerpt":{"rendered":"","protected":false},"author":1,"featured_media":0,"parent":0,"menu_order":0,"comment_status":"closed","ping_status":"closed","template":"","meta":{"footnotes":""},"class_list":["post-1386","page","type-page","status-publish","hentry"],"yoast_head":"<!-- This site is optimized with the Yoast SEO plugin v26.8 - https:\/\/yoast.com\/product\/yoast-seo-wordpress\/ -->\n<title>Private pilot licence - Passport H\u00e9lico - Helicopter flying school<\/title>\n<meta name=\"description\" content=\"Passport Helico offers Private pilot license (PPL) and License conversion for airplane private pilot .Ask us for more infos.\" \/>\n<meta name=\"robots\" content=\"index, follow, max-snippet:-1, max-image-preview:large, max-video-preview:-1\" \/>\n<link rel=\"canonical\" href=\"https:\/\/www.passport-helico.com\/en\/choice-private-pilot-license-ppl\/\" \/>\n<meta property=\"og:locale\" content=\"en_US\" \/>\n<meta property=\"og:type\" content=\"article\" \/>\n<meta property=\"og:title\" content=\"Private pilot licence - Passport H\u00e9lico - Helicopter flying school\" \/>\n<meta property=\"og:description\" content=\"Passport Helico offers Private pilot license (PPL) and License conversion for airplane private pilot .Ask us for more infos.\" \/>\n<meta property=\"og:url\" content=\"https:\/\/www.passport-helico.com\/en\/choice-private-pilot-license-ppl\/\" \/>\n<meta property=\"og:site_name\" content=\"Passport H\u00e9lico - \u00c9cole de pilotage Exploitant a\u00e9rien\" \/>\n<meta property=\"article:publisher\" content=\"https:\/\/www.facebook.com\/Passport-H%c3%a9lico-8001990821\/?ref=br_rs\" \/>\n<meta property=\"article:modified_time\" content=\"2022-12-08T21:09:41+00:00\" \/>\n<meta name=\"twitter:card\" content=\"summary_large_image\" \/>\n<meta name=\"twitter:label1\" content=\"Est. reading time\" \/>\n\t<meta name=\"twitter:data1\" content=\"2 minutes\" \/>\n<script type=\"application\/ld+json\" class=\"yoast-schema-graph\">{\"@context\":\"https:\/\/schema.org\",\"@graph\":[{\"@type\":\"WebPage\",\"@id\":\"https:\/\/www.passport-helico.com\/en\/choice-private-pilot-license-ppl\/\",\"url\":\"https:\/\/www.passport-helico.com\/en\/choice-private-pilot-license-ppl\/\",\"name\":\"Private pilot licence - Passport H\u00e9lico - Helicopter flying school\",\"isPartOf\":{\"@id\":\"https:\/\/www.passport-helico.com\/en\/#website\"},\"datePublished\":\"2020-06-04T19:42:57+00:00\",\"dateModified\":\"2022-12-08T21:09:41+00:00\",\"description\":\"Passport Helico offers Private pilot license (PPL) and License conversion for airplane private pilot .Ask us for more infos.\",\"breadcrumb\":{\"@id\":\"https:\/\/www.passport-helico.com\/en\/choice-private-pilot-license-ppl\/#breadcrumb\"},\"inLanguage\":\"en-US\",\"potentialAction\":[{\"@type\":\"ReadAction\",\"target\":[\"https:\/\/www.passport-helico.com\/en\/choice-private-pilot-license-ppl\/\"]}]},{\"@type\":\"BreadcrumbList\",\"@id\":\"https:\/\/www.passport-helico.com\/en\/choice-private-pilot-license-ppl\/#breadcrumb\",\"itemListElement\":[{\"@type\":\"ListItem\",\"position\":1,\"name\":\"Home\",\"item\":\"https:\/\/www.passport-helico.com\/en\/\"},{\"@type\":\"ListItem\",\"position\":2,\"name\":\"Choice &#8211; Private pilot license (PPL)\"}]},{\"@type\":\"WebSite\",\"@id\":\"https:\/\/www.passport-helico.com\/en\/#website\",\"url\":\"https:\/\/www.passport-helico.com\/en\/\",\"name\":\"Passport H\u00e9lico - \u00c9cole de pilotage Exploitant a\u00e9rien\",\"description\":\"Un site utilisant WordPress\",\"publisher\":{\"@id\":\"https:\/\/www.passport-helico.com\/en\/#organization\"},\"potentialAction\":[{\"@type\":\"SearchAction\",\"target\":{\"@type\":\"EntryPoint\",\"urlTemplate\":\"https:\/\/www.passport-helico.com\/en\/?s={search_term_string}\"},\"query-input\":{\"@type\":\"PropertyValueSpecification\",\"valueRequired\":true,\"valueName\":\"search_term_string\"}}],\"inLanguage\":\"en-US\"},{\"@type\":\"Organization\",\"@id\":\"https:\/\/www.passport-helico.com\/en\/#organization\",\"name\":\"Passport H\u00e9lico\",\"url\":\"https:\/\/www.passport-helico.com\/en\/\",\"logo\":{\"@type\":\"ImageObject\",\"inLanguage\":\"en-US\",\"@id\":\"https:\/\/www.passport-helico.com\/en\/#\/schema\/logo\/image\/\",\"url\":\"https:\/\/www.passport-helico.com\/wp-content\/uploads\/2020\/03\/PassportHelico_logo_3.png\",\"contentUrl\":\"https:\/\/www.passport-helico.com\/wp-content\/uploads\/2020\/03\/PassportHelico_logo_3.png\",\"width\":703,\"height\":288,\"caption\":\"Passport H\u00e9lico\"},\"image\":{\"@id\":\"https:\/\/www.passport-helico.com\/en\/#\/schema\/logo\/image\/\"},\"sameAs\":[\"https:\/\/www.facebook.com\/Passport-H\u00e9lico-8001990821\/?ref=br_rs\",\"https:\/\/www.instagram.com\/passport.helico\/\",\"https:\/\/www.youtube.com\/channel\/UCaWk_PFpUUci--PVSctu_1w\"]}]}<\/script>\n<!-- \/ Yoast SEO plugin. -->","yoast_head_json":{"title":"Private pilot licence - Passport H\u00e9lico - Helicopter flying school","description":"Passport Helico offers Private pilot license (PPL) and License conversion for airplane private pilot .Ask us for more infos.","robots":{"index":"index","follow":"follow","max-snippet":"max-snippet:-1","max-image-preview":"max-image-preview:large","max-video-preview":"max-video-preview:-1"},"canonical":"https:\/\/www.passport-helico.com\/en\/choice-private-pilot-license-ppl\/","og_locale":"en_US","og_type":"article","og_title":"Private pilot licence - Passport H\u00e9lico - Helicopter flying school","og_description":"Passport Helico offers Private pilot license (PPL) and License conversion for airplane private pilot .Ask us for more infos.","og_url":"https:\/\/www.passport-helico.com\/en\/choice-private-pilot-license-ppl\/","og_site_name":"Passport H\u00e9lico - \u00c9cole de pilotage Exploitant a\u00e9rien","article_publisher":"https:\/\/www.facebook.com\/Passport-H%c3%a9lico-8001990821\/?ref=br_rs","article_modified_time":"2022-12-08T21:09:41+00:00","twitter_card":"summary_large_image","twitter_misc":{"Est. reading time":"2 minutes"},"schema":{"@context":"https:\/\/schema.org","@graph":[{"@type":"WebPage","@id":"https:\/\/www.passport-helico.com\/en\/choice-private-pilot-license-ppl\/","url":"https:\/\/www.passport-helico.com\/en\/choice-private-pilot-license-ppl\/","name":"Private pilot licence - Passport H\u00e9lico - Helicopter flying school","isPartOf":{"@id":"https:\/\/www.passport-helico.com\/en\/#website"},"datePublished":"2020-06-04T19:42:57+00:00","dateModified":"2022-12-08T21:09:41+00:00","description":"Passport Helico offers Private pilot license (PPL) and License conversion for airplane private pilot .Ask us for more infos.","breadcrumb":{"@id":"https:\/\/www.passport-helico.com\/en\/choice-private-pilot-license-ppl\/#breadcrumb"},"inLanguage":"en-US","potentialAction":[{"@type":"ReadAction","target":["https:\/\/www.passport-helico.com\/en\/choice-private-pilot-license-ppl\/"]}]},{"@type":"BreadcrumbList","@id":"https:\/\/www.passport-helico.com\/en\/choice-private-pilot-license-ppl\/#breadcrumb","itemListElement":[{"@type":"ListItem","position":1,"name":"Home","item":"https:\/\/www.passport-helico.com\/en\/"},{"@type":"ListItem","position":2,"name":"Choice &#8211; Private pilot license (PPL)"}]},{"@type":"WebSite","@id":"https:\/\/www.passport-helico.com\/en\/#website","url":"https:\/\/www.passport-helico.com\/en\/","name":"Passport H\u00e9lico - \u00c9cole de pilotage Exploitant a\u00e9rien","description":"Un site utilisant WordPress","publisher":{"@id":"https:\/\/www.passport-helico.com\/en\/#organization"},"potentialAction":[{"@type":"SearchAction","target":{"@type":"EntryPoint","urlTemplate":"https:\/\/www.passport-helico.com\/en\/?s={search_term_string}"},"query-input":{"@type":"PropertyValueSpecification","valueRequired":true,"valueName":"search_term_string"}}],"inLanguage":"en-US"},{"@type":"Organization","@id":"https:\/\/www.passport-helico.com\/en\/#organization","name":"Passport H\u00e9lico","url":"https:\/\/www.passport-helico.com\/en\/","logo":{"@type":"ImageObject","inLanguage":"en-US","@id":"https:\/\/www.passport-helico.com\/en\/#\/schema\/logo\/image\/","url":"https:\/\/www.passport-helico.com\/wp-content\/uploads\/2020\/03\/PassportHelico_logo_3.png","contentUrl":"https:\/\/www.passport-helico.com\/wp-content\/uploads\/2020\/03\/PassportHelico_logo_3.png","width":703,"height":288,"caption":"Passport H\u00e9lico"},"image":{"@id":"https:\/\/www.passport-helico.com\/en\/#\/schema\/logo\/image\/"},"sameAs":["https:\/\/www.facebook.com\/Passport-H\u00e9lico-8001990821\/?ref=br_rs","https:\/\/www.instagram.com\/passport.helico\/","https:\/\/www.youtube.com\/channel\/UCaWk_PFpUUci--PVSctu_1w"]}]}},"_links":{"self":[{"href":"https:\/\/www.passport-helico.com\/en\/wp-json\/wp\/v2\/pages\/1386","targetHints":{"allow":["GET"]}}],"collection":[{"href":"https:\/\/www.passport-helico.com\/en\/wp-json\/wp\/v2\/pages"}],"about":[{"href":"https:\/\/www.passport-helico.com\/en\/wp-json\/wp\/v2\/types\/page"}],"author":[{"embeddable":true,"href":"https:\/\/www.passport-helico.com\/en\/wp-json\/wp\/v2\/users\/1"}],"replies":[{"embeddable":true,"href":"https:\/\/www.passport-helico.com\/en\/wp-json\/wp\/v2\/comments?post=1386"}],"version-history":[{"count":2,"href":"https:\/\/www.passport-helico.com\/en\/wp-json\/wp\/v2\/pages\/1386\/revisions"}],"predecessor-version":[{"id":7806,"href":"https:\/\/www.passport-helico.com\/en\/wp-json\/wp\/v2\/pages\/1386\/revisions\/7806"}],"wp:attachment":[{"href":"https:\/\/www.passport-helico.com\/en\/wp-json\/wp\/v2\/media?parent=1386"}],"curies":[{"name":"wp","href":"https:\/\/api.w.org\/{rel}","templated":true}]}}